{"id":2448,"date":"2025-11-06T10:32:49","date_gmt":"2025-11-06T08:32:49","guid":{"rendered":"https:\/\/mydrink.ee\/?post_type=product&#038;p=2448"},"modified":"2025-12-29T12:33:03","modified_gmt":"2025-12-29T10:33:03","slug":"pearly-bay-dry-red-14-300cl-bib-disabled","status":"publish","type":"product","link":"https:\/\/mydrink.ee\/et\/product\/pearly-bay-dry-red-14-300cl-bib-disabled\/","title":{"rendered":"Pearly Bay Dry Red 13% 300cl BIB"},"content":{"rendered":"<style>.wp-block-kadence-advancedheading.kt-adv-heading2448_f44272-c7, .wp-block-kadence-advancedheading.kt-adv-heading2448_f44272-c7[data-kb-block=\"kb-adv-heading2448_f44272-c7\"]{font-style:normal;}.wp-block-kadence-advancedheading.kt-adv-heading2448_f44272-c7 mark.kt-highlight, .wp-block-kadence-advancedheading.kt-adv-heading2448_f44272-c7[data-kb-block=\"kb-adv-heading2448_f44272-c7\"] mark.kt-highlight{font-style:normal;color:#f76a0c;-webkit-box-decoration-break:clone;box-decoration-break:clone;padding-top:0px;padding-right:0px;padding-bottom:0px;padding-left:0px;}<\/style>\n<h4 class=\"kt-adv-heading2448_f44272-c7 wp-block-kadence-advancedheading has-theme-palette-9-color has-text-color\" data-kb-block=\"kb-adv-heading2448_f44272-c7\">dry red<\/h4>\n","protected":false},"excerpt":{"rendered":"<p>Liik: Lauavein <br \/>Kastis: 4 <br \/>Maht: 300CL <br \/>Alkoholisisaldus: 13% vol <br \/>P\u00e4ritolumaa: L\u00f5una-Aafrika <br \/>Viinamarjasort: Iseloomustus: Keskmise t\u00e4idlusega, puuviljane kuiv punavein L\u00f5una-Aafrikast. <br \/>V\u00e4rv: rubiinpunane Aroomis: pehme, puuviljane: m\u00fcnti, ploomi, kirssi, veidi veel musts\u00f5start ja suitsusust. <br \/>Maitse: pehme, keskmise t\u00e4idlusega, puuviljane punavein. J\u00e4relmaitses tajuda pehmeid tanniine ja \u00f5rnalt v\u00fcrtsi. <br \/>Toidusoovitus: sobib laias valikus liharoogade-, juustude- ja pastaga. <br \/>Serveerida temperatuuril: 14-16 \u030a C<\/p>\n","protected":false},"featured_media":8509,"template":"","meta":{"_acf_changed":false,"_kadence_starter_templates_imported_post":false,"_kad_post_transparent":"","_kad_post_title":"","_kad_post_layout":"","_kad_post_sidebar_id":"","_kad_post_content_style":"","_kad_post_vertical_padding":"","_kad_post_feature":"","_kad_post_feature_position":"","_kad_post_header":false,"_kad_post_footer":false},"product_brand":[],"product_cat":[20,180,31,87,119],"product_tag":[],"class_list":{"0":"post-2448","1":"product","2":"type-product","3":"status-publish","4":"has-post-thumbnail","6":"product_cat-punased-veinid","7":"product_cat-veinid","8":"product_cat-lav","9":"product_cat-frontpage","10":"product_cat-pakiveinid","12":"first","13":"instock","14":"taxable","15":"shipping-taxable","16":"purchasable","17":"product-type-simple","18":"entry","19":"content-bg","20":"loop-entry"},"acf":[],"_links":{"self":[{"href":"https:\/\/mydrink.ee\/et\/wp-json\/wp\/v2\/product\/2448","targetHints":{"allow":["GET"]}}],"collection":[{"href":"https:\/\/mydrink.ee\/et\/wp-json\/wp\/v2\/product"}],"about":[{"href":"https:\/\/mydrink.ee\/et\/wp-json\/wp\/v2\/types\/product"}],"wp:featuredmedia":[{"embeddable":true,"href":"https:\/\/mydrink.ee\/et\/wp-json\/wp\/v2\/media\/8509"}],"wp:attachment":[{"href":"https:\/\/mydrink.ee\/et\/wp-json\/wp\/v2\/media?parent=2448"}],"wp:term":[{"taxonomy":"product_brand","embeddable":true,"href":"https:\/\/mydrink.ee\/et\/wp-json\/wp\/v2\/product_brand?post=2448"},{"taxonomy":"product_cat","embeddable":true,"href":"https:\/\/mydrink.ee\/et\/wp-json\/wp\/v2\/product_cat?post=2448"},{"taxonomy":"product_tag","embeddable":true,"href":"https:\/\/mydrink.ee\/et\/wp-json\/wp\/v2\/product_tag?post=2448"}],"curies":[{"name":"wp","href":"https:\/\/api.w.org\/{rel}","templated":true}]}}