{"id":2458,"date":"2014-11-19T08:46:46","date_gmt":"2014-11-19T06:46:46","guid":{"rendered":"https:\/\/mydrink.ee\/product\/j-p-chenet-medium-sweet-red-11-5-300cl-bib\/"},"modified":"2025-11-05T12:12:24","modified_gmt":"2025-11-05T10:12:24","slug":"j-p-chenet-medium-sweet-red-11-5-300cl-bib","status":"publish","type":"product","link":"https:\/\/mydrink.ee\/et\/product\/j-p-chenet-medium-sweet-red-11-5-300cl-bib\/","title":{"rendered":"J.P. Chenet Medium Sweet Red 11,5% 300cl BIB"},"content":{"rendered":"<style>.wp-block-kadence-advancedheading.kt-adv-heading2458_a49f5b-50_0, .wp-block-kadence-advancedheading.kt-adv-heading2458_a49f5b-50_0[data-kb-block=\"kb-adv-heading2458_a49f5b-50_0\"]{font-style:normal;color:#ffffff;}.wp-block-kadence-advancedheading.kt-adv-heading2458_a49f5b-50_0 mark.kt-highlight, .wp-block-kadence-advancedheading.kt-adv-heading2458_a49f5b-50_0[data-kb-block=\"kb-adv-heading2458_a49f5b-50_0\"] mark.kt-highlight{font-style:normal;color:#f76a0c;-webkit-box-decoration-break:clone;box-decoration-break:clone;padding-top:0px;padding-right:0px;padding-bottom:0px;padding-left:0px;}<\/style>\n<p class=\"kt-adv-heading2458_a49f5b-50_0 wp-block-kadence-advancedheading\" data-kb-block=\"kb-adv-heading2458_a49f5b-50_0\">mediumsweet<\/p>\n","protected":false},"excerpt":{"rendered":"<p>Liik:\tGeograafilise t\u00e4hisega vein<br \/>\nKastis: 4<br \/>\nMaht: 300CL<br \/>\nAlkoholisisaldus: 13,5%<br \/>\nP\u00e4ritolumaa: Prantsusmaa<br \/>\nViinamarjasort: Erinevad punased viinamarjad.<br \/>\nIseloomustus: Chenet Medium Sweet punane vein on kauni rubiinpunase tooniga. Veini aroomis on m\u00e4rgata viiteid k\u00fcpsetele punastele marjadele &#8211; maasikad, kirsid, pohlad. Maitse on \u00fcmar ja pehme, r\u00f5hutatult siidine, parkhape on talitsetult tagaplaanil.<br \/>\nToidusoovitus: Vein sobib seltskonnajoogiks ja dessertide juurde.<br \/>\nServeerida temperatuuril: 14-16  \u030a C<\/p>\n","protected":false},"featured_media":2457,"template":"","meta":{"_acf_changed":false,"_kadence_starter_templates_imported_post":false,"_kad_post_transparent":"","_kad_post_title":"","_kad_post_layout":"","_kad_post_sidebar_id":"","_kad_post_content_style":"","_kad_post_vertical_padding":"","_kad_post_feature":"","_kad_post_feature_position":"","_kad_post_header":false,"_kad_post_footer":false},"product_brand":[],"product_cat":[20,182,32,119],"product_tag":[],"class_list":{"0":"post-2458","1":"product","2":"type-product","3":"status-publish","4":"has-post-thumbnail","6":"product_cat-punased-veinid","7":"product_cat-pakiveinid-1-veinid","8":"product_cat-prantsuse","9":"product_cat-pakiveinid","11":"first","12":"instock","13":"taxable","14":"shipping-taxable","15":"purchasable","16":"product-type-simple","17":"entry","18":"content-bg","19":"loop-entry"},"acf":[],"_links":{"self":[{"href":"https:\/\/mydrink.ee\/et\/wp-json\/wp\/v2\/product\/2458","targetHints":{"allow":["GET"]}}],"collection":[{"href":"https:\/\/mydrink.ee\/et\/wp-json\/wp\/v2\/product"}],"about":[{"href":"https:\/\/mydrink.ee\/et\/wp-json\/wp\/v2\/types\/product"}],"wp:featuredmedia":[{"embeddable":true,"href":"https:\/\/mydrink.ee\/et\/wp-json\/wp\/v2\/media\/2457"}],"wp:attachment":[{"href":"https:\/\/mydrink.ee\/et\/wp-json\/wp\/v2\/media?parent=2458"}],"wp:term":[{"taxonomy":"product_brand","embeddable":true,"href":"https:\/\/mydrink.ee\/et\/wp-json\/wp\/v2\/product_brand?post=2458"},{"taxonomy":"product_cat","embeddable":true,"href":"https:\/\/mydrink.ee\/et\/wp-json\/wp\/v2\/product_cat?post=2458"},{"taxonomy":"product_tag","embeddable":true,"href":"https:\/\/mydrink.ee\/et\/wp-json\/wp\/v2\/product_tag?post=2458"}],"curies":[{"name":"wp","href":"https:\/\/api.w.org\/{rel}","templated":true}]}}