{"id":2474,"date":"2014-11-19T21:18:51","date_gmt":"2014-11-19T19:18:51","guid":{"rendered":"https:\/\/mydrink.ee\/product\/frontera-cabernet-sauvignon-12-vol-300cl-bib\/"},"modified":"2025-10-22T16:29:04","modified_gmt":"2025-10-22T13:29:04","slug":"frontera-cabernet-sauvignon-12-vol-300cl-bib","status":"publish","type":"product","link":"https:\/\/mydrink.ee\/et\/product\/frontera-cabernet-sauvignon-12-vol-300cl-bib\/","title":{"rendered":"Frontera Cabernet Sauvignon 12% vol 300cl BIB"},"content":{"rendered":"","protected":false},"excerpt":{"rendered":"<p>Liik:\tGeograafilise t\u00e4hisega vein<br \/>\nKastis: 4<br \/>\nMaht: 300CL<br \/>\nAlkoholisisaldus: 12%<br \/>\nP\u00e4ritolumaa: Tsiili<br \/>\nViinamarjasort: Cabernet Sauvignon<br \/>\nIseloomustus: Keskmise t\u00e4idlusega punavein<br \/>\nV\u00e4rv: on vein purpurpunane<br \/>\nIseloomustus: Puuviljase ja v\u00e4rske karakteriga punavein, mille aroomis on tunda punast ploomi, \u0161okolaadi ja vaniljet. Veini kompleksne maitse pakub nauditavat k\u00fcpset marjasust, mida tasakaalustab meeldiv sametine parkhape.<br \/>\nToidusoovitus: Sobib serveerida punase liha, v\u00fcrtsikamate paja- ja pastaroogade ning juustude juurde.<br \/>\nServeerida temperatuuril: 16-18  \u030a C<\/p>\n","protected":false},"featured_media":2473,"template":"","meta":{"_acf_changed":false,"_kadence_starter_templates_imported_post":false,"_kad_post_transparent":"","_kad_post_title":"","_kad_post_layout":"","_kad_post_sidebar_id":"","_kad_post_content_style":"","_kad_post_vertical_padding":"","_kad_post_feature":"","_kad_post_feature_position":"","_kad_post_header":false,"_kad_post_footer":false},"product_brand":[],"product_cat":[255,110,20,182,181,34,119,38],"product_tag":[],"class_list":{"0":"post-2474","1":"product","2":"type-product","3":"status-publish","4":"has-post-thumbnail","6":"product_cat-pakiveinid-pakkumised","7":"product_cat-pakkumised","8":"product_cat-punased-veinid","9":"product_cat-pakiveinid-1-veinid","10":"product_cat-pakkumised-1","11":"product_cat-thsiili","12":"product_cat-pakiveinid","13":"product_cat-soodus","15":"first","16":"instock","17":"sale","18":"taxable","19":"shipping-taxable","20":"purchasable","21":"product-type-simple","22":"entry","23":"content-bg","24":"loop-entry"},"acf":[],"_links":{"self":[{"href":"https:\/\/mydrink.ee\/et\/wp-json\/wp\/v2\/product\/2474","targetHints":{"allow":["GET"]}}],"collection":[{"href":"https:\/\/mydrink.ee\/et\/wp-json\/wp\/v2\/product"}],"about":[{"href":"https:\/\/mydrink.ee\/et\/wp-json\/wp\/v2\/types\/product"}],"wp:featuredmedia":[{"embeddable":true,"href":"https:\/\/mydrink.ee\/et\/wp-json\/wp\/v2\/media\/2473"}],"wp:attachment":[{"href":"https:\/\/mydrink.ee\/et\/wp-json\/wp\/v2\/media?parent=2474"}],"wp:term":[{"taxonomy":"product_brand","embeddable":true,"href":"https:\/\/mydrink.ee\/et\/wp-json\/wp\/v2\/product_brand?post=2474"},{"taxonomy":"product_cat","embeddable":true,"href":"https:\/\/mydrink.ee\/et\/wp-json\/wp\/v2\/product_cat?post=2474"},{"taxonomy":"product_tag","embeddable":true,"href":"https:\/\/mydrink.ee\/et\/wp-json\/wp\/v2\/product_tag?post=2474"}],"curies":[{"name":"wp","href":"https:\/\/api.w.org\/{rel}","templated":true}]}}