{"id":252,"date":"2025-11-27T13:54:46","date_gmt":"2025-11-27T11:54:46","guid":{"rendered":"https:\/\/mydrink.ee\/?post_type=product&#038;p=252"},"modified":"2025-12-11T19:36:36","modified_gmt":"2025-12-11T17:36:36","slug":"courvoisier-xo-40-70cl-box","status":"publish","type":"product","link":"https:\/\/mydrink.ee\/et\/product\/courvoisier-xo-40-70cl-box\/","title":{"rendered":"COURVOISIER XO 40% 70CL BOX"},"content":{"rendered":"<p>COURVOISIER\u00ae XO (Extra Old) ajalugu:<br \/>\nCOURVOISIER\u00ae konjakimajal on pikaajaline kogemus valmistamaks parimaid konjakeid.<br \/>\nCOURVOISIER\u00ae oli Napoleoni lemmikkonjak ja seet\u00f5ttu varustati sellega h\u00e4sti kogu \u00f5ukonda. Napoleon k\u00fclastas ka isiklikult<br \/>\nCourvoisieri konjakikeldreid 1811 aastal.<br \/>\nCOURVOISIER\u00ae konjaki edukas k\u00e4ek\u00e4ik toimus suuresti t\u00e4nu sellele, et Inglismaa, Taani ja Rootsi \u00f5ukonnad valisid Courvoisieri oma ametlikuks konjakimajaks. T\u00e4nap\u00e4eval on Courvoisier maailmas m\u00fc\u00fcginumbritelt nr. 3 konjakimaja.<br \/>\nCOURVOISIER\u00ae XO on auv\u00e4\u00e4rne!<\/p>\n<p>Elamus:<br \/>\nNagu Courvoisieri perekond tervenisti pakub Courvoisier XO k\u00f5rgemat v\u00f5imalikku kvaliteeti. XO on v\u00e4ljakutse v\u00e4\u00e4riline, kuhu iga\u00fcks ei j\u00f5ua.<br \/>\nH\u00e4sti valitud viinamarjad toovad mituk\u00fcmmend aastat laagerdudes v\u00e4lja selle konjaki rikkuse ja mitmek\u00fclgsuse, mis on vanem, kui Hennessy XO, juhtides mitmek\u00fclgsemale iseloomule, mis lausa n\u00f5uab austust.<br \/>\nCOURVOISIER\u00ae XO toob joojani k\u00f5rgklassi v\u00e4\u00e4rtused, ajaloolise aristokraatia, Napoleoniaegse Prantsusmaa kombinatsiooni, mida me t\u00e4nap\u00e4eval k\u00f5ik austame ja ihaldame.<br \/>\nCOURVOISIER\u00ae XO v\u00f5itis aastal 2006 h\u00f5bemedali IWSC\u00b4il (Rahvusvahelisel veini ja kange alkoholi v\u00f5istlusel).<\/p>\n\n<style>.wp-block-kadence-advancedheading.kt-adv-heading252_84a13a-cc, .wp-block-kadence-advancedheading.kt-adv-heading252_84a13a-cc[data-kb-block=\"kb-adv-heading252_84a13a-cc\"]{font-style:normal;}.wp-block-kadence-advancedheading.kt-adv-heading252_84a13a-cc mark.kt-highlight, .wp-block-kadence-advancedheading.kt-adv-heading252_84a13a-cc[data-kb-block=\"kb-adv-heading252_84a13a-cc\"] mark.kt-highlight{font-style:normal;color:#f76a0c;-webkit-box-decoration-break:clone;box-decoration-break:clone;padding-top:0px;padding-right:0px;padding-bottom:0px;padding-left:0px;}<\/style>\n<p class=\"kt-adv-heading252_84a13a-cc wp-block-kadence-advancedheading\" data-kb-block=\"kb-adv-heading252_84a13a-cc\"><\/p>\n","protected":false},"excerpt":{"rendered":"<p>Liik: Kange alkohol, Konjak<br \/>\nKastis: 6<br \/>\nMaht: 70CL<br \/>\nAlkoholisisaldus: 40%<br \/>\nP\u00e4ritolumaa: Prantsusmaa<br \/>\nAroom: intensiivse l\u00f5hnaga ja v\u00e4ga aromaatne. Sametilise t\u00e4idlusega segu lillebukletist, mis vihjab apelsini, aprikoosi ja pirni aroomidele.<br \/>\nMaitse: maitselt v\u00e4ga rikas ja kompleksne \u0161okolaadi, vanilje ja merevaigune, millele Borderiesi viinamarjad lisavad eksootilist leivataigna v\u00fcrtsi. Kauakestev j\u00e4relmaitse on mahe, s\u00fcgav ja puhas.<br \/>\nValmistamine: valmistatud viinamarjadest, mis on p\u00e4rit Grand Champange ja Borderies ning puudutusega Petit Champagne piirkonnast, mille tulemusena on saadud rikkaim ja intensiivseim konjak.<br \/>\nServeerimine: puhtalt, j\u00e4\u00e4ga<\/p>\n","protected":false},"featured_media":8593,"template":"","meta":{"_acf_changed":false,"_kadence_starter_templates_imported_post":false,"_kad_post_transparent":"","_kad_post_title":"","_kad_post_layout":"","_kad_post_sidebar_id":"","_kad_post_content_style":"","_kad_post_vertical_padding":"","_kad_post_feature":"","_kad_post_feature_position":"","_kad_post_header":false,"_kad_post_footer":false},"product_brand":[],"product_cat":[112,42,26,22],"product_tag":[],"class_list":{"0":"post-252","1":"product","2":"type-product","3":"status-publish","4":"has-post-thumbnail","6":"product_cat-konjak-1","7":"product_cat-konjak","8":"product_cat-kange-alkohol","9":"product_cat-kingiideed","11":"first","12":"instock","13":"taxable","14":"shipping-taxable","15":"purchasable","16":"product-type-simple","17":"entry","18":"content-bg","19":"loop-entry"},"acf":[],"_links":{"self":[{"href":"https:\/\/mydrink.ee\/et\/wp-json\/wp\/v2\/product\/252","targetHints":{"allow":["GET"]}}],"collection":[{"href":"https:\/\/mydrink.ee\/et\/wp-json\/wp\/v2\/product"}],"about":[{"href":"https:\/\/mydrink.ee\/et\/wp-json\/wp\/v2\/types\/product"}],"wp:featuredmedia":[{"embeddable":true,"href":"https:\/\/mydrink.ee\/et\/wp-json\/wp\/v2\/media\/8593"}],"wp:attachment":[{"href":"https:\/\/mydrink.ee\/et\/wp-json\/wp\/v2\/media?parent=252"}],"wp:term":[{"taxonomy":"product_brand","embeddable":true,"href":"https:\/\/mydrink.ee\/et\/wp-json\/wp\/v2\/product_brand?post=252"},{"taxonomy":"product_cat","embeddable":true,"href":"https:\/\/mydrink.ee\/et\/wp-json\/wp\/v2\/product_cat?post=252"},{"taxonomy":"product_tag","embeddable":true,"href":"https:\/\/mydrink.ee\/et\/wp-json\/wp\/v2\/product_tag?post=252"}],"curies":[{"name":"wp","href":"https:\/\/api.w.org\/{rel}","templated":true}]}}