{"id":2562,"date":"2014-12-10T23:47:23","date_gmt":"2014-12-10T21:47:23","guid":{"rendered":"https:\/\/mydrink.ee\/product\/franciacorta-saten-12-5-75cl\/"},"modified":"2014-12-10T23:47:23","modified_gmt":"2014-12-10T21:47:23","slug":"franciacorta-saten-12-5-75cl","status":"publish","type":"product","link":"https:\/\/mydrink.ee\/et\/product\/franciacorta-saten-12-5-75cl\/","title":{"rendered":"FRANCIACORTA SATEN 12,5% 75CL"},"content":{"rendered":"<p>Valmimine: S\u00f5ltuvalt aastast \u2013muutuvprotsent veinist laagerdub p\u00e4rmisettel Prantsuse tammevaatides. Koos pudelis k\u00e4\u00e4ritamisega kulub valmimiseks mitte v\u00e4hem kui 20 kuud.<\/p>\n<p>Rivaperekonna kirg pinnase ja armastus veini vastu on osutunud \u00e4\u00e4rmiselt oluliseks nende viinamarjakasvatuse ja valmistoodangu projektis.<br \/>Alates 1990. aastast on vennad Alfedoja Albertos\u00fcstemaatiliselt valinud ja ostnud parimaid p\u00f5llumajandusmaid. Nad leidsid, et \u00fchendades t\u00e4nap\u00e4eva arenenud tehnoloogia ja nende armastuse piirkonna vastu, on v\u00f5imalik toota v\u00e4ga erip\u00e4rast ning suursugust vahuveini \u2013Franciacorta\u00b4t.<br \/>Rivadi Franciacortaveinimaja p\u00fchendumise, teadmiste ja kogemuste tulemusena valmivad v\u00e4rsked, aromaatsed, k\u00fcllusliku buketiganing kohati v\u00f5rgutavad vahuveinid.<\/p>\n","protected":false},"excerpt":{"rendered":"<p>Liik: \u0160ampanjad ja vahuveinid, Vahuvein<br \/>\nKastis: 6<br \/>\nMaht: 75CL<br \/>\nAlkoholisisaldus: 14%<br \/>\nP\u00e4ritolumaa: Itaalia<br \/>\nRegioon: Franciacorta DOCG<br \/>\nViinamarjasort: 100% Chardonnay<br \/>\nV\u00e4rvus: Peened,tihedad ja p\u00fcsivad mullid.<br \/>\nAroom: Bukett on v\u00e4ga omane pudelis k\u00e4\u00e4ritamisele \u2013tunda on leivakoorukesi, kuivatatud puuvilju, nagu mandel ja sarapuup\u00e4hkel, millele j\u00e4rgnevad lille\u00f5ite aroomid.<br \/>\nMaitse: Tasakaalus, siidine, struktuurne, mida ilmestavad puuviljasusning tsitruseliste v\u00e4rskus.<br \/>\nToidusobivus: Ideaalne aperitiivina. Valgest lihast kalaroogadega, mereandidega v\u00f5i heledates kastmetes linnuliha roogadega.<br \/>\nServeeri temperatuuril: 6-8\u00b0C<\/p>\n","protected":false},"featured_media":2561,"template":"","meta":{"_acf_changed":false,"_kad_post_transparent":"","_kad_post_title":"","_kad_post_layout":"","_kad_post_sidebar_id":"","_kad_post_content_style":"","_kad_post_vertical_padding":"","_kad_post_feature":"","_kad_post_feature_position":"","_kad_post_header":false,"_kad_post_footer":false},"product_brand":[],"product_cat":[78,24,123,180],"product_tag":[],"class_list":{"0":"post-2562","1":"product","2":"type-product","3":"status-publish","4":"has-post-thumbnail","6":"product_cat-itaalia-1-2","7":"product_cat-vahuveinid","8":"product_cat-vahuveinid-1","9":"product_cat-veinid","11":"first","12":"outofstock","13":"taxable","14":"shipping-taxable","15":"purchasable","16":"product-type-simple","17":"entry","18":"content-bg","19":"loop-entry"},"acf":[],"_links":{"self":[{"href":"https:\/\/mydrink.ee\/et\/wp-json\/wp\/v2\/product\/2562","targetHints":{"allow":["GET"]}}],"collection":[{"href":"https:\/\/mydrink.ee\/et\/wp-json\/wp\/v2\/product"}],"about":[{"href":"https:\/\/mydrink.ee\/et\/wp-json\/wp\/v2\/types\/product"}],"wp:featuredmedia":[{"embeddable":true,"href":"https:\/\/mydrink.ee\/et\/wp-json\/wp\/v2\/media\/2561"}],"wp:attachment":[{"href":"https:\/\/mydrink.ee\/et\/wp-json\/wp\/v2\/media?parent=2562"}],"wp:term":[{"taxonomy":"product_brand","embeddable":true,"href":"https:\/\/mydrink.ee\/et\/wp-json\/wp\/v2\/product_brand?post=2562"},{"taxonomy":"product_cat","embeddable":true,"href":"https:\/\/mydrink.ee\/et\/wp-json\/wp\/v2\/product_cat?post=2562"},{"taxonomy":"product_tag","embeddable":true,"href":"https:\/\/mydrink.ee\/et\/wp-json\/wp\/v2\/product_tag?post=2562"}],"curies":[{"name":"wp","href":"https:\/\/api.w.org\/{rel}","templated":true}]}}