{"id":2815,"date":"2015-01-30T23:44:27","date_gmt":"2015-01-30T21:44:27","guid":{"rendered":"https:\/\/mydrink.ee\/product\/sichel-bordeaux-rouge-12-13-75cl\/"},"modified":"2015-01-30T23:44:27","modified_gmt":"2015-01-30T21:44:27","slug":"sichel-bordeaux-rouge-12-13-75cl","status":"publish","type":"product","link":"https:\/\/mydrink.ee\/et\/product\/sichel-bordeaux-rouge-12-13-75cl\/","title":{"rendered":"SICHEL BORDEAUX ROUGE`12 13% 75CL"},"content":{"rendered":"<p>Valmistamine:\tP\u00e4rast varte eemaldamist ning marjade pressimist algab k\u00e4\u00e4ritamine terasmahutites kontrollitud temperatuuril 30-32\u00baC juures, et kindlustada parimad aroomi-ja maitseomadused. Temperatuuri hoitakse kuni \u201eecoulage\u00b4ni\u201c, ehk kestade eemaldamiseni veinivirdest.<\/p>\n","protected":false},"excerpt":{"rendered":"<p>Liik: Kaitstud p\u00e4ritolunimetusega vein<br \/>\nKastis: 6<br \/>\nMaht: 75CL<br \/>\nAlkoholisisaldus: 13%<br \/>\nP\u00e4ritolumaa: Prantsusmaa<br \/>\nPiirkond: Bordeaux. Kaitstud p\u00e4ritolunimetusega vein<br \/>\nViinamarjasort: 60% Merlot, 30% Cabernet Sauvignon, 10% Cabernet Franc.<br \/>\nV\u00e4rvus: S\u00fcgava ja s\u00e4rava granaat\u00f5una punase v\u00e4rvusega.<br \/>\nAroom: K\u00fcpsed marjad, milles on tunda nii tumedat ploomi, musta s\u00f5start kui p\u00f5ldmarja.<br \/>\nMaitse: Marjane, selles on ploomi, punast- ja mustas\u00f5start ning kirssi. Tanniinid on pehmed ja siidised, heas tasakaalus happesusega.<br \/>\nToidusoovitus: Ahjuliha ja veise-ja lambaliha hautised, pardifilee, juustuvalik.<br \/>\nServeerimistemperatuur: 16 -18\u00b0 C<\/p>\n","protected":false},"featured_media":2814,"template":"","meta":{"_acf_changed":false,"_kad_post_transparent":"","_kad_post_title":"","_kad_post_layout":"","_kad_post_sidebar_id":"","_kad_post_content_style":"","_kad_post_vertical_padding":"","_kad_post_feature":"","_kad_post_feature_position":"","_kad_post_header":false,"_kad_post_footer":false},"product_brand":[],"product_cat":[32,20,180],"product_tag":[],"class_list":{"0":"post-2815","1":"product","2":"type-product","3":"status-publish","4":"has-post-thumbnail","6":"product_cat-prantsuse","7":"product_cat-punased-veinid","8":"product_cat-veinid","10":"first","11":"outofstock","12":"taxable","13":"shipping-taxable","14":"purchasable","15":"product-type-simple","16":"entry","17":"content-bg","18":"loop-entry"},"acf":[],"_links":{"self":[{"href":"https:\/\/mydrink.ee\/et\/wp-json\/wp\/v2\/product\/2815","targetHints":{"allow":["GET"]}}],"collection":[{"href":"https:\/\/mydrink.ee\/et\/wp-json\/wp\/v2\/product"}],"about":[{"href":"https:\/\/mydrink.ee\/et\/wp-json\/wp\/v2\/types\/product"}],"wp:featuredmedia":[{"embeddable":true,"href":"https:\/\/mydrink.ee\/et\/wp-json\/wp\/v2\/media\/2814"}],"wp:attachment":[{"href":"https:\/\/mydrink.ee\/et\/wp-json\/wp\/v2\/media?parent=2815"}],"wp:term":[{"taxonomy":"product_brand","embeddable":true,"href":"https:\/\/mydrink.ee\/et\/wp-json\/wp\/v2\/product_brand?post=2815"},{"taxonomy":"product_cat","embeddable":true,"href":"https:\/\/mydrink.ee\/et\/wp-json\/wp\/v2\/product_cat?post=2815"},{"taxonomy":"product_tag","embeddable":true,"href":"https:\/\/mydrink.ee\/et\/wp-json\/wp\/v2\/product_tag?post=2815"}],"curies":[{"name":"wp","href":"https:\/\/api.w.org\/{rel}","templated":true}]}}