{"id":2829,"date":"2015-01-30T23:57:20","date_gmt":"2015-01-30T21:57:20","guid":{"rendered":"https:\/\/mydrink.ee\/product\/domaine-de-pellehaut-blanc-21-11-75cl\/"},"modified":"2015-01-30T23:57:20","modified_gmt":"2015-01-30T21:57:20","slug":"domaine-de-pellehaut-blanc-21-11-75cl","status":"publish","type":"product","link":"https:\/\/mydrink.ee\/et\/product\/domaine-de-pellehaut-blanc-21-11-75cl\/","title":{"rendered":"DOMAINE DE PELLEHAUT BLANC `21 11% 75CL"},"content":{"rendered":"<h2><span style=\"font-size: small;\">Kirjeldus<\/span><\/h2>\n<p><span style=\"font-size: small;\">Klassifikatsioon: IGP Cotes de Gascogne<\/span><\/p>\n","protected":false},"excerpt":{"rendered":"<p>Tooteliik\tKaitstud geograafilise t\u00e4hisega vein<br \/>\nMagususe aste\tKuiv<br \/>\nP\u00e4ritolumaa:\tPrantsusmaa<br \/>\nPiirkond:\tCotes de Gascogne<br \/>\nViinamarjasort:\tSauvignon, Colombard, Ugni Blanc, Chardonnay, Gros Manseng ja Petit Manseng.<br \/>\nValmistamine:\tK\u00e4\u00e4ritamine toimub madalal ning kontrollitud temperatuuril 15-17\u00baC ligikaudu kaks n\u00e4dalat. P\u00e4rast k\u00e4\u00e4ritamist j\u00e4\u00e4b vein laagerduma p\u00e4rmisettele veel 3-5 kuuks. Vahetult enne villimist segatakse erinevate viinamarjade k\u00e4\u00e4rimisvirded kokku.<br \/>\nV\u00e4rvus:\tHelekollane<br \/>\nAroom:\tIntensiivne tsitrusviljade aroom, milles tunda eelk\u00f5ige sidrunit, ananassi, virsikut ning veidi ka greipi.<br \/>\nMaitse:\tV\u00e4rskus eel- ja keskmaitses, harmoneerub kenasti j\u00e4relmaitse kerge \u00fcrdisusega. Maitsetes kumavad l\u00e4bi samad tsitrusviljad, mis aroomis \u2013 sidrun, ananass, virsik ja greip.<br \/>\nToidusoovitus:\tValge kala heledas kastmes, kammkarbid, sidruni marinaadis linnuliha, kitse- v\u00f5i lambapiima juustud.<br \/>\nServeerimistemperatuur\t6 &#8211; 8\u00b0 C<\/p>\n","protected":false},"featured_media":2828,"template":"","meta":{"_acf_changed":false,"_kadence_starter_templates_imported_post":false,"_kad_post_transparent":"","_kad_post_title":"","_kad_post_layout":"","_kad_post_sidebar_id":"","_kad_post_content_style":"","_kad_post_vertical_padding":"","_kad_post_feature":"","_kad_post_feature_position":"","_kad_post_header":false,"_kad_post_footer":false},"product_brand":[],"product_cat":[21,180,57],"product_tag":[],"class_list":{"0":"post-2829","1":"product","2":"type-product","3":"status-publish","4":"has-post-thumbnail","6":"product_cat-valged-veinid","7":"product_cat-veinid","8":"product_cat-prantsuse-1","10":"first","11":"instock","12":"taxable","13":"shipping-taxable","14":"purchasable","15":"product-type-simple","16":"entry","17":"content-bg","18":"loop-entry"},"acf":[],"_links":{"self":[{"href":"https:\/\/mydrink.ee\/et\/wp-json\/wp\/v2\/product\/2829","targetHints":{"allow":["GET"]}}],"collection":[{"href":"https:\/\/mydrink.ee\/et\/wp-json\/wp\/v2\/product"}],"about":[{"href":"https:\/\/mydrink.ee\/et\/wp-json\/wp\/v2\/types\/product"}],"wp:featuredmedia":[{"embeddable":true,"href":"https:\/\/mydrink.ee\/et\/wp-json\/wp\/v2\/media\/2828"}],"wp:attachment":[{"href":"https:\/\/mydrink.ee\/et\/wp-json\/wp\/v2\/media?parent=2829"}],"wp:term":[{"taxonomy":"product_brand","embeddable":true,"href":"https:\/\/mydrink.ee\/et\/wp-json\/wp\/v2\/product_brand?post=2829"},{"taxonomy":"product_cat","embeddable":true,"href":"https:\/\/mydrink.ee\/et\/wp-json\/wp\/v2\/product_cat?post=2829"},{"taxonomy":"product_tag","embeddable":true,"href":"https:\/\/mydrink.ee\/et\/wp-json\/wp\/v2\/product_tag?post=2829"}],"curies":[{"name":"wp","href":"https:\/\/api.w.org\/{rel}","templated":true}]}}