{"id":2833,"date":"2015-01-30T23:57:22","date_gmt":"2015-01-30T21:57:22","guid":{"rendered":"https:\/\/mydrink.ee\/product\/sichel-sauternes-11-14-50cl\/"},"modified":"2015-01-30T23:57:22","modified_gmt":"2015-01-30T21:57:22","slug":"sichel-sauternes-11-14-50cl","status":"publish","type":"product","link":"https:\/\/mydrink.ee\/et\/product\/sichel-sauternes-11-14-50cl\/","title":{"rendered":"SICHEL SAUTERNES`11 14% 50CL"},"content":{"rendered":"<p><strong>Perekond Sichel<\/strong><br \/> 1883. aastal l\u00e4ks Peter Sichel\u00b4i vanavanaisa Inglismaalt Bordeaux\u00b4sse, et luua seal veini kokkuostev ettev\u00f5te. Vaatamata sellele, et ettev\u00f5te on k\u00f5rge reputatsiooniga ja h\u00e4sti tuntud \u00fcle maailma, on ja j\u00e4\u00e4b Sichel perefirmaks. Viiel Sichel\u00b4i pojal on oluline roll, et tagada ettev\u00f5tte eesm\u00e4rkide j\u00e4rjepidevus ning strateegia.<br \/> Peter Sichel, nende viie poja isa, suri 1998. aasta veebruaris. Ta oli 31 aastat ettev\u00f5tte juht, enne pensionile minekut 1996. aastal. Peter\u00b4it tunti, kui v\u00e4simatut Bordeaux veinide suursaadikut veinikaubanduses, t\u00e4nu oma iga-aastastele aastak\u00e4igu-ja tururaportidele, mille algatajaks oli Peter\u00b4i isa \u2013 Allan Sichel 1950-ndatel.<br \/> Peter\u00b4i vanim poeg Allan Sichel on n\u00fc\u00fcd ettev\u00f5tte tegevjuht. Ta on \u00fchtlasi ka Conseil Interprofessionel du Vin de Bordeaux (CIVB) ase-president ning F\u00e9d\u00e9ration du N\u00e9goce des Vins de Bordeaux president.<\/p>\n","protected":false},"excerpt":{"rendered":"<p>Liik: \tKaitstud p\u00e4ritolunimetusega vein<br \/>\n Kastis: 6<br \/>\n Maht: 75CL<br \/>\n Alkoholisisaldus: 14%<br \/>\n P\u00e4ritolumaa: Prantsusmaa<br \/>\n Piirkond: Bordeaux<br \/>\nMagususe aste: Magus<br \/>\nViinamarjasort: 80% S\u00e9millon, 20% Sauvignon Blanc.<br \/>\nKorje: Viinamarjad on korjatud k\u00e4sitsi.<br \/>\nValmistamine: Mitme erineva korje k\u00e4igus valitakse v\u00e4lja \u00fclek\u00fcpsenud viinamarjad, et saavutada maksimaalne suhkrusisaldus. Viinamarjad pressitakse ja k\u00e4\u00e4rimisprotsess toimub terastankides, mille temperatuur ei tohi \u00fcletada 22\u00baC. K\u00e4\u00e4rimisprotsess peatatakse s\u00fcsihappegaasi lisamise ja temperatuuri alandamisega, kui j\u00e4\u00e4ksuhkur on 70-80 g\/l. J\u00e4relk\u00fcpsemine toimub vaatides 10-12 kuud.<br \/>\nV\u00e4rvus: Kahvatu kuldne.<br \/>\nAroom: \u00d5rnalt mineraalses aroomis on tunda aprikoosi, mett, apelsini ja akaatsiaid.<br \/>\nMaitse: Heas tasakaalus happesusega maitse, milles domineerivad mesi, virsikud ja tsitruselised. Pikk ja kestev j\u00e4relmaitse.<br \/>\nToidusoovitus: Desserdid, sinihallitusjuustud \u2013 Roquefort, Stilton, hanemaksa k\u00f5rvale.<br \/>\nServeerimistemperatuur: 6-8\u00baC<\/p>\n","protected":false},"featured_media":2832,"template":"","meta":{"_acf_changed":false,"_kadence_starter_templates_imported_post":false,"_kad_post_transparent":"","_kad_post_title":"","_kad_post_layout":"","_kad_post_sidebar_id":"","_kad_post_content_style":"","_kad_post_vertical_padding":"","_kad_post_feature":"","_kad_post_feature_position":"","_kad_post_header":false,"_kad_post_footer":false},"product_brand":[],"product_cat":[21,57],"product_tag":[],"class_list":{"0":"post-2833","1":"product","2":"type-product","3":"status-publish","4":"has-post-thumbnail","6":"product_cat-valged-veinid","7":"product_cat-prantsuse-1","9":"first","10":"outofstock","11":"taxable","12":"shipping-taxable","13":"purchasable","14":"product-type-simple","15":"entry","16":"content-bg","17":"loop-entry"},"acf":[],"_links":{"self":[{"href":"https:\/\/mydrink.ee\/et\/wp-json\/wp\/v2\/product\/2833","targetHints":{"allow":["GET"]}}],"collection":[{"href":"https:\/\/mydrink.ee\/et\/wp-json\/wp\/v2\/product"}],"about":[{"href":"https:\/\/mydrink.ee\/et\/wp-json\/wp\/v2\/types\/product"}],"wp:featuredmedia":[{"embeddable":true,"href":"https:\/\/mydrink.ee\/et\/wp-json\/wp\/v2\/media\/2832"}],"wp:attachment":[{"href":"https:\/\/mydrink.ee\/et\/wp-json\/wp\/v2\/media?parent=2833"}],"wp:term":[{"taxonomy":"product_brand","embeddable":true,"href":"https:\/\/mydrink.ee\/et\/wp-json\/wp\/v2\/product_brand?post=2833"},{"taxonomy":"product_cat","embeddable":true,"href":"https:\/\/mydrink.ee\/et\/wp-json\/wp\/v2\/product_cat?post=2833"},{"taxonomy":"product_tag","embeddable":true,"href":"https:\/\/mydrink.ee\/et\/wp-json\/wp\/v2\/product_tag?post=2833"}],"curies":[{"name":"wp","href":"https:\/\/api.w.org\/{rel}","templated":true}]}}