{"id":291,"date":"2012-07-13T10:48:08","date_gmt":"2012-07-13T07:48:08","guid":{"rendered":"https:\/\/mydrink.ee\/product\/dooley-s-original-toffeeliqueur-17-100cl\/"},"modified":"2026-01-08T19:55:11","modified_gmt":"2026-01-08T17:55:11","slug":"dooley-s-original-toffeeliqueur-17-100cl","status":"publish","type":"product","link":"https:\/\/mydrink.ee\/et\/product\/dooley-s-original-toffeeliqueur-17-100cl\/","title":{"rendered":"DOOLEY&#8217;S ORIGINAL TOFFEELIQUEUR 17% 100CL"},"content":{"rendered":"<p>Dooley\u2019s on koore-iiriselik\u00f6\u00f6r, mida valmistatakse Saksamaal Eckenf\u00f6rde linnas. Erinevalt traditsioonilistes koorelik\u00f6\u00f6rides valdavalt alusalkoholina kasutatava viski asemel on Dooley\u2019s valmistatud viina baasil. Viinal on puhtam ja pehmem maitse kui viskil, lastes maitses enam domineerida iirisel ja koorel, mitte niiv\u00f5rd alkoholil. Dooley\u2019s ainulaadse maitse annab naturaalne iirisekaramell (ingl. Toffee).<\/p>\n<p>Enamikku koorelik\u00f6\u00f6ridest ei saa kasutada paljudes, eriti happeliste osistega (nt mahlad) kokteilides, kuna lik\u00f6\u00f6r kipub happe m\u00f5jul kalgendama (l\u00e4heb t\u00fckki). Samuti ei saa neid serveerida j\u00e4\u00e4l, kuna j\u00e4\u00e4 sulades muutub lik\u00f6\u00f6r vesiseks (vesi kerkib eraldi kihina lik\u00f6\u00f6ri pinnale). Dooley\u2019se valmistamisel kasutatakse oluliselt v\u00e4iksema rasvasisaldusega koort kui enamikes teistes koorelik\u00f6\u00f6rides. V\u00e4iksem rasvasisaldus annab Dooley\u2019sele kreemlik\u00f6\u00f6ride jaoks tavatult hea segatavuse, v\u00f5imaldades seda kasutada peaaegu igat t\u00fc\u00fcpi kokteilides.<br \/>\nDooley\u2019s ainulaadne maitse on p\u00e4lvinud arvukalt tunnustust mitmetel rahvusvahelistel konkurssidel:<\/p>\n<p>Top Cream Liquer &#8211; San Francisco World Spirits Compet., USA, 2007<br \/>\nDouble Gold Medal &#8211; San Francisco World Spirits Compet., USA, 2007<br \/>\nGold Medal \u2013 World Spirits Award, Austria, 2006<br \/>\nTrophy Best in Class \u2013 Int. Wine and Spirit Competition, London, 2006<br \/>\nSuperior Taste Award &#8211; Int. Taste and Quality Institute, Belgium, 2006<br \/>\nWinner by Far \u2013 Swedish Bartenders Guild, Sweden, 2005<br \/>\nTrophy Best in Class \u2013 Int. Wine and Spirit Competition, London, 2005<br \/>\nLiquer of the Year \u2013 International Spirit Competition ISW, Germany, 2004<br \/>\nTop Gold &#8211; International Spirit Competition ISW, Germany, 2004<br \/>\nGold Medal &#8211; International Wine and Spirit Competition, London, 2002<br \/>\nGold Medal \u2013 Chicago Beverage Testing Institute, USA, 2002<\/p>\n<p>Asjaolu, et \u00fckski teine kreemlik\u00f6\u00f6r ei ole p\u00e4lvinud niiv\u00f5rd arvukat tunnustust, toetab seisukohta, et Dooley\u2019s on parim kreemlik\u00f6\u00f6r maailmas!<\/p>\n","protected":false},"excerpt":{"rendered":"<p>Liik: Kange alkohol, Lik\u00f6\u00f6r<br \/>\nKastis: 6<br \/>\nMaht: 100CL<br \/>\nAlkoholisisaldus: 17%<br \/>\nP\u00e4ritolumaa: Saksamaa<\/p>\n","protected":false},"featured_media":290,"template":"","meta":{"_acf_changed":false,"_kadence_starter_templates_imported_post":false,"_kad_post_transparent":"","_kad_post_title":"","_kad_post_layout":"","_kad_post_sidebar_id":"","_kad_post_content_style":"","_kad_post_vertical_padding":"","_kad_post_feature":"","_kad_post_feature_position":"","_kad_post_header":false,"_kad_post_footer":false},"product_brand":[],"product_cat":[43],"product_tag":[],"class_list":{"0":"post-291","1":"product","2":"type-product","3":"status-publish","4":"has-post-thumbnail","6":"product_cat-likoor","8":"first","9":"instock","10":"taxable","11":"shipping-taxable","12":"purchasable","13":"product-type-simple","14":"entry","15":"content-bg","16":"loop-entry"},"acf":[],"_links":{"self":[{"href":"https:\/\/mydrink.ee\/et\/wp-json\/wp\/v2\/product\/291","targetHints":{"allow":["GET"]}}],"collection":[{"href":"https:\/\/mydrink.ee\/et\/wp-json\/wp\/v2\/product"}],"about":[{"href":"https:\/\/mydrink.ee\/et\/wp-json\/wp\/v2\/types\/product"}],"wp:featuredmedia":[{"embeddable":true,"href":"https:\/\/mydrink.ee\/et\/wp-json\/wp\/v2\/media\/290"}],"wp:attachment":[{"href":"https:\/\/mydrink.ee\/et\/wp-json\/wp\/v2\/media?parent=291"}],"wp:term":[{"taxonomy":"product_brand","embeddable":true,"href":"https:\/\/mydrink.ee\/et\/wp-json\/wp\/v2\/product_brand?post=291"},{"taxonomy":"product_cat","embeddable":true,"href":"https:\/\/mydrink.ee\/et\/wp-json\/wp\/v2\/product_cat?post=291"},{"taxonomy":"product_tag","embeddable":true,"href":"https:\/\/mydrink.ee\/et\/wp-json\/wp\/v2\/product_tag?post=291"}],"curies":[{"name":"wp","href":"https:\/\/api.w.org\/{rel}","templated":true}]}}