{"id":2963,"date":"2015-02-13T08:43:21","date_gmt":"2015-02-13T06:43:21","guid":{"rendered":"https:\/\/mydrink.ee\/product\/maxime-trijol-fins-bois-vintage-1979-40-vol-box-70cl\/"},"modified":"2025-11-21T14:28:31","modified_gmt":"2025-11-21T12:28:31","slug":"maxime-trijol-fins-bois-vintage-1979-40-vol-box-70cl","status":"publish","type":"product","link":"https:\/\/mydrink.ee\/et\/product\/maxime-trijol-fins-bois-vintage-1979-40-vol-box-70cl\/","title":{"rendered":"Maxime Trijol Fins Bois Vintage 1979 40% vol BOX 70CL"},"content":{"rendered":"<p>A very fruity vintage, with plum, orange marmalade, icing sugar and toffee. Also spicy, creamy and rich on the palate.<br \/>\nA long lasting finish for this old and well balanced cognac.<\/p>\n","protected":false},"excerpt":{"rendered":"<p>Liik: Kange alkohol, Konjak<br \/>\nKastis: 12<br \/>\nMaht: 70CL<br \/>\nAlkoholisisaldus: 40% vol<br \/>\nP\u00e4ritolumaa: Prantsusmaa<br \/>\nV\u00e4rvus: oran\u017eikas, vaskse varjundiga, selge, m\u00e4rkimisv\u00e4\u00e4rse viskoossusega.<br \/>\nAroom: J\u00f5uline ja rikkalik, sarapuup\u00e4hkli ja lilleliste nootidega, moosise puuvilja- ja v\u00fcrtsiaroomidega, lisaks kaneeli ja vanilje esile tulek loovad kauni komplekssuse.<br \/>\nMaitse: domineerivad harmooniliselt samad n\u00fcansid nagu aroomis, kulmineerudes j\u00f5ulisusega maitse keskosas, arenedes on tunda pehmete v\u00fcrtside ja tumeda \u0161okolaadi suurep\u00e4raselt tasakaalustatud maitsvaid noote.<br \/>\nJ\u00e4relmaitse m\u00e4nglev kauakestev<\/p>\n","protected":false},"featured_media":2962,"template":"","meta":{"_acf_changed":false,"_kadence_starter_templates_imported_post":false,"_kad_post_transparent":"","_kad_post_title":"","_kad_post_layout":"","_kad_post_sidebar_id":"","_kad_post_content_style":"","_kad_post_vertical_padding":"","_kad_post_feature":"","_kad_post_feature_position":"","_kad_post_header":false,"_kad_post_footer":false},"product_brand":[],"product_cat":[42,112,26,22],"product_tag":[],"class_list":{"0":"post-2963","1":"product","2":"type-product","3":"status-publish","4":"has-post-thumbnail","6":"product_cat-konjak","7":"product_cat-konjak-1","8":"product_cat-kange-alkohol","9":"product_cat-kingiideed","11":"first","12":"instock","13":"taxable","14":"shipping-taxable","15":"purchasable","16":"product-type-simple","17":"entry","18":"content-bg","19":"loop-entry"},"acf":[],"_links":{"self":[{"href":"https:\/\/mydrink.ee\/et\/wp-json\/wp\/v2\/product\/2963","targetHints":{"allow":["GET"]}}],"collection":[{"href":"https:\/\/mydrink.ee\/et\/wp-json\/wp\/v2\/product"}],"about":[{"href":"https:\/\/mydrink.ee\/et\/wp-json\/wp\/v2\/types\/product"}],"wp:featuredmedia":[{"embeddable":true,"href":"https:\/\/mydrink.ee\/et\/wp-json\/wp\/v2\/media\/2962"}],"wp:attachment":[{"href":"https:\/\/mydrink.ee\/et\/wp-json\/wp\/v2\/media?parent=2963"}],"wp:term":[{"taxonomy":"product_brand","embeddable":true,"href":"https:\/\/mydrink.ee\/et\/wp-json\/wp\/v2\/product_brand?post=2963"},{"taxonomy":"product_cat","embeddable":true,"href":"https:\/\/mydrink.ee\/et\/wp-json\/wp\/v2\/product_cat?post=2963"},{"taxonomy":"product_tag","embeddable":true,"href":"https:\/\/mydrink.ee\/et\/wp-json\/wp\/v2\/product_tag?post=2963"}],"curies":[{"name":"wp","href":"https:\/\/api.w.org\/{rel}","templated":true}]}}