{"id":2973,"date":"2025-10-30T19:10:14","date_gmt":"2025-10-30T17:10:14","guid":{"rendered":"https:\/\/mydrink.ee\/?post_type=product&#038;p=2973"},"modified":"2025-11-21T14:26:53","modified_gmt":"2025-11-21T12:26:53","slug":"maxime-trijol-fins-bois-vintage-1970-40-vol-box-70cl-disabled","status":"publish","type":"product","link":"https:\/\/mydrink.ee\/et\/product\/maxime-trijol-fins-bois-vintage-1970-40-vol-box-70cl-disabled\/","title":{"rendered":"Maxime Trijol Fins Bois Vintage 1970 40% vol BOX 70CL"},"content":{"rendered":"","protected":false},"excerpt":{"rendered":"<p>Liik: Kange alkohol, Konjak<br \/>\nKastis: 12<br \/>\nMaht: 70CL<br \/>\nAlkoholisisaldus: 40% vol<br \/>\nP\u00e4ritolumaa: Prantsusmaa<br \/>\nAroom: esile tulevad vanilje ja lille l\u00f5hnad (nartsiss ja jasmiin), lisaks \u00f5rna tubaka, p\u00e4hkli ja mandli v\u00fcrtsikad noodid.<\/p>\n<p>Maxime Trijol Fins Bois 1970 aastak\u00e4igu konjak on valmistatud Fins Boisi piirkonnas kasvanud haruldadest viinamarjadest. Selle konjaki k\u00f5ige noorem segu on p\u00e4rit aastast 1970 aastast, mis teeb joogi v\u00e4gagi k\u00fcpseks ja v\u00e4\u00e4rikaks. Konjak on pudeldatud 2014 aastal ja valmistatud Single Cask meetodil.<\/p>\n","protected":false},"featured_media":2972,"template":"","meta":{"_acf_changed":false,"_kadence_starter_templates_imported_post":false,"_kad_post_transparent":"","_kad_post_title":"","_kad_post_layout":"","_kad_post_sidebar_id":"","_kad_post_content_style":"","_kad_post_vertical_padding":"","_kad_post_feature":"","_kad_post_feature_position":"","_kad_post_header":false,"_kad_post_footer":false},"product_brand":[],"product_cat":[42,112,26,22],"product_tag":[],"class_list":{"0":"post-2973","1":"product","2":"type-product","3":"status-publish","4":"has-post-thumbnail","6":"product_cat-konjak","7":"product_cat-konjak-1","8":"product_cat-kange-alkohol","9":"product_cat-kingiideed","11":"first","12":"instock","13":"taxable","14":"shipping-taxable","15":"purchasable","16":"product-type-simple","17":"entry","18":"content-bg","19":"loop-entry"},"acf":[],"_links":{"self":[{"href":"https:\/\/mydrink.ee\/et\/wp-json\/wp\/v2\/product\/2973","targetHints":{"allow":["GET"]}}],"collection":[{"href":"https:\/\/mydrink.ee\/et\/wp-json\/wp\/v2\/product"}],"about":[{"href":"https:\/\/mydrink.ee\/et\/wp-json\/wp\/v2\/types\/product"}],"wp:featuredmedia":[{"embeddable":true,"href":"https:\/\/mydrink.ee\/et\/wp-json\/wp\/v2\/media\/2972"}],"wp:attachment":[{"href":"https:\/\/mydrink.ee\/et\/wp-json\/wp\/v2\/media?parent=2973"}],"wp:term":[{"taxonomy":"product_brand","embeddable":true,"href":"https:\/\/mydrink.ee\/et\/wp-json\/wp\/v2\/product_brand?post=2973"},{"taxonomy":"product_cat","embeddable":true,"href":"https:\/\/mydrink.ee\/et\/wp-json\/wp\/v2\/product_cat?post=2973"},{"taxonomy":"product_tag","embeddable":true,"href":"https:\/\/mydrink.ee\/et\/wp-json\/wp\/v2\/product_tag?post=2973"}],"curies":[{"name":"wp","href":"https:\/\/api.w.org\/{rel}","templated":true}]}}