{"id":3015,"date":"2015-02-17T23:51:19","date_gmt":"2015-02-17T21:51:19","guid":{"rendered":"https:\/\/mydrink.ee\/product\/lenz-moser-prestige-blaufrankish-11-13-5-75cl\/"},"modified":"2015-02-17T23:51:19","modified_gmt":"2015-02-17T21:51:19","slug":"lenz-moser-prestige-blaufrankish-11-13-5-75cl","status":"publish","type":"product","link":"https:\/\/mydrink.ee\/et\/product\/lenz-moser-prestige-blaufrankish-11-13-5-75cl\/","title":{"rendered":"LENZ MOSER PRESTIGE BLAUFR\u00c4NKISH`11 13,5% 75CL"},"content":{"rendered":"<p>Valmistamine Viinamarjad korjatakse oktoobri keskpaigas. Fermentatsioon toimub 14 p\u00e4eva 22\u00b0C juures. Vein k\u00fcpseb 12 kuud Prantsuse (Allier) tammevaatides.<br \/>Happesus: 5,0 g\/L<br \/>J\u00e4\u00e4ksuhkur: 5,2 g\/L<br \/>S\u00e4ilitamispotensiaal: 10 aastat.<br \/>Tootja: Lenz Moser<br \/>Perefirma Lenz Moser tegutseb aastast 1849 ja on \u00fcks enim tuntud Austria veinitootja maailmas.<\/p>\n","protected":false},"excerpt":{"rendered":"<p>Liik: Kaitstud p\u00e4ritolunimetusega vein<br \/>\nKastis: 6<br \/>\nMaht: 75CL<br \/>\nAlkoholisisaldus: 13,5%<br \/>\nP\u00e4ritolumaa: Austria<br \/>\nPiirkond\t\u00d6sterreich-Austria, Burgenland<br \/>\nViinamarjasort: Blaufr\u00e4nkisch<br \/>\nV\u00e4rvus: rubiinpunane, violetse alatooniga.<br \/>\nAroom: tunda k\u00fcpseid punaseid marju, pehmeid tanniine, kompleksust.<br \/>\nMaitse: marjane, tunda kirsse, ploome, veidi p\u00f5ldmarju, mustikaid, pehmeid puidutanniine, keskmise t\u00e4idlusega, kompleksne. J\u00e4relmaitse kestev, milles tunda v\u00fcrtsikust.<br \/>\nToidusoovitus: Hirveliha, metslinnu liha, ulukiliha, lambaliha roogade juurde, pasta, metsaseened, tugevamad k\u00f5vad juustud.<br \/>\nServeerimistemperatuur: 15-17\u00b0C Bordeaux punaveini klaasist.<\/p>\n","protected":false},"featured_media":3014,"template":"","meta":{"_acf_changed":false,"_kadence_starter_templates_imported_post":false,"_kad_post_transparent":"","_kad_post_title":"","_kad_post_layout":"","_kad_post_sidebar_id":"","_kad_post_content_style":"","_kad_post_vertical_padding":"","_kad_post_feature":"","_kad_post_feature_position":"","_kad_post_header":false,"_kad_post_footer":false},"product_brand":[],"product_cat":[20,180,103,37],"product_tag":[],"class_list":{"0":"post-3015","1":"product","2":"type-product","3":"status-publish","4":"has-post-thumbnail","6":"product_cat-punased-veinid","7":"product_cat-veinid","8":"product_cat-austria","9":"product_cat-muu","11":"first","12":"outofstock","13":"taxable","14":"shipping-taxable","15":"purchasable","16":"product-type-simple","17":"entry","18":"content-bg","19":"loop-entry"},"acf":[],"_links":{"self":[{"href":"https:\/\/mydrink.ee\/et\/wp-json\/wp\/v2\/product\/3015","targetHints":{"allow":["GET"]}}],"collection":[{"href":"https:\/\/mydrink.ee\/et\/wp-json\/wp\/v2\/product"}],"about":[{"href":"https:\/\/mydrink.ee\/et\/wp-json\/wp\/v2\/types\/product"}],"wp:featuredmedia":[{"embeddable":true,"href":"https:\/\/mydrink.ee\/et\/wp-json\/wp\/v2\/media\/3014"}],"wp:attachment":[{"href":"https:\/\/mydrink.ee\/et\/wp-json\/wp\/v2\/media?parent=3015"}],"wp:term":[{"taxonomy":"product_brand","embeddable":true,"href":"https:\/\/mydrink.ee\/et\/wp-json\/wp\/v2\/product_brand?post=3015"},{"taxonomy":"product_cat","embeddable":true,"href":"https:\/\/mydrink.ee\/et\/wp-json\/wp\/v2\/product_cat?post=3015"},{"taxonomy":"product_tag","embeddable":true,"href":"https:\/\/mydrink.ee\/et\/wp-json\/wp\/v2\/product_tag?post=3015"}],"curies":[{"name":"wp","href":"https:\/\/api.w.org\/{rel}","templated":true}]}}