{"id":3124,"date":"2015-04-02T22:45:47","date_gmt":"2015-04-02T19:45:47","guid":{"rendered":"https:\/\/mydrink.ee\/product\/tini-trebbiano-chardonnay-bib-12-300cl\/"},"modified":"2015-04-02T22:45:47","modified_gmt":"2015-04-02T19:45:47","slug":"tini-trebbiano-chardonnay-bib-12-300cl","status":"publish","type":"product","link":"https:\/\/mydrink.ee\/et\/product\/tini-trebbiano-chardonnay-bib-12-300cl\/","title":{"rendered":"TINI TREBBIANO CHARDONNAY BIB 12% 300CL"},"content":{"rendered":"<p><span style=\"color: #ff0000; font-family: 'arial', 'helvetica', sans-serif;\"><strong>HUOM! Yhteen pakettin mahtuu <span style=\"font-size: small;\">8<\/span> t\u00e4llaista tuotetta.<\/strong><\/span><\/p>\n","protected":false},"excerpt":{"rendered":"<p>Liik: Kaitstud geograafilise t\u00e4hisega vein<br \/>\nKastis: 4<br \/>\nMaht: 300CL<br \/>\nAlkoholisisaldus: 12%<br \/>\nP\u00e4ritolumaa: Itaalia, Kaitstud geograafilise t\u00e4hisega vein<br \/>\nViinamarjasort: 85% Trebbiano, 15% Chardonnay<br \/>\nV\u00e4rvus: Helekollane, kerge roheka varjundiga.<br \/>\nAroom: V\u00e4rske, tunda on kollaseid k\u00fcpseid puuvilju, veidi tsitruselisi ning kerget \u00fcrdisust.<br \/>\nMaitse: V\u00e4rske, kerge, keskmise happesusega, puuviljane, tunda on pirni, \u00f5una ja kollaseid ploome.<br \/>\nToidusoovitus: Kooresed pastaroad, grillitud kalaga, heledates kastmetes kanalihast valmistatud road.<br \/>\nServeerimistemperatuur: 10-12\u00b0C<\/p>\n","protected":false},"featured_media":3123,"template":"","meta":{"_acf_changed":false,"_kadence_starter_templates_imported_post":false,"_kad_post_transparent":"","_kad_post_title":"","_kad_post_layout":"","_kad_post_sidebar_id":"","_kad_post_content_style":"","_kad_post_vertical_padding":"","_kad_post_feature":"","_kad_post_feature_position":"","_kad_post_header":false,"_kad_post_footer":false},"product_brand":[],"product_cat":[21,182,55],"product_tag":[],"class_list":{"0":"post-3124","1":"product","2":"type-product","3":"status-publish","4":"has-post-thumbnail","6":"product_cat-valged-veinid","7":"product_cat-pakiveinid-1-veinid","8":"product_cat-itaalia-1","10":"first","11":"outofstock","12":"taxable","13":"shipping-taxable","14":"purchasable","15":"product-type-simple","16":"entry","17":"content-bg","18":"loop-entry"},"acf":[],"_links":{"self":[{"href":"https:\/\/mydrink.ee\/et\/wp-json\/wp\/v2\/product\/3124","targetHints":{"allow":["GET"]}}],"collection":[{"href":"https:\/\/mydrink.ee\/et\/wp-json\/wp\/v2\/product"}],"about":[{"href":"https:\/\/mydrink.ee\/et\/wp-json\/wp\/v2\/types\/product"}],"wp:featuredmedia":[{"embeddable":true,"href":"https:\/\/mydrink.ee\/et\/wp-json\/wp\/v2\/media\/3123"}],"wp:attachment":[{"href":"https:\/\/mydrink.ee\/et\/wp-json\/wp\/v2\/media?parent=3124"}],"wp:term":[{"taxonomy":"product_brand","embeddable":true,"href":"https:\/\/mydrink.ee\/et\/wp-json\/wp\/v2\/product_brand?post=3124"},{"taxonomy":"product_cat","embeddable":true,"href":"https:\/\/mydrink.ee\/et\/wp-json\/wp\/v2\/product_cat?post=3124"},{"taxonomy":"product_tag","embeddable":true,"href":"https:\/\/mydrink.ee\/et\/wp-json\/wp\/v2\/product_tag?post=3124"}],"curies":[{"name":"wp","href":"https:\/\/api.w.org\/{rel}","templated":true}]}}