{"id":3221,"date":"2015-06-29T10:58:38","date_gmt":"2015-06-29T07:58:38","guid":{"rendered":"https:\/\/mydrink.ee\/product\/martell-xo-40-70cl\/"},"modified":"2025-11-21T14:23:34","modified_gmt":"2025-11-21T12:23:34","slug":"martell-xo-40-70cl","status":"publish","type":"product","link":"https:\/\/mydrink.ee\/et\/product\/martell-xo-40-70cl\/","title":{"rendered":"Martell XO 40% 70CL"},"content":{"rendered":"<p>Asutamisaastaga 1715 on Martell suurtest konjakimajadest vanim ning t\u00e4histab 2015.aastal 300. aastap\u00e4eva. Martell XO silmatorkav kaarekujuline pudelikuju on j\u00f5uliseks inspiratsiooni s\u00fcmboliks- paralleele toodud arhitektuurist (Triumfi Kaar). <br \/>Uus Martell XO on loodud aastal 2005 Martelli praeguse keldrimeistri Beno\u00eet Fil poolt Jean Martelli vision\u00e4\u00e4rihinge \u00fclistuseks. Segus domineerivad Grande ja Petite Champagne ja vanimad kasutatud konjakipiiritused on 35 aastat vanad. Aroomis algselt Borderies elegantsed v\u00fcrtsid, viigimarjad ja sandlipuu; millele j\u00e4rgneb Grande Champagne j\u00f5ulisus ja finess. Siidine j\u00e4relmaitse.<\/p>\n","protected":false},"excerpt":{"rendered":"<p>Liik: Kange alkohol, Konjak<br \/>\nKastis: 12<br \/>\nMaht: 70CL<br \/>\nAlkoholisisaldus: 40%<br \/>\nP\u00e4ritolumaa: Prantsusmaa<br \/>\nV\u00e4rvus: Kuldne merevaigutoon tumeda vase ja mahagoni virvendusega<br \/>\nAroom: Jahvatatud v\u00fcrtsid (must pipar, koriander) ja punased marjad. Rikkalikud puuviljaaroomid: viigimarja kompott, mandlid ja p\u00e4hklid. Mesilasvaha ja sandlipuu.<br \/>\nMaitse: Esmalt \u00fcmar ja puuviljane (viigimarjad, p\u00e4hkel), seej\u00e4rel p\u00e4\u00e4sevad m\u00f5jule Grande Champagne\u2019 piirkonna konjakipiirituste j\u00f5ulisus ja finess. Pikk ning siidine j\u00e4relmaitse.<br \/>\nLaagerdamine: Kuni 35 aastat laagerdunud konjakipiiritused<\/p>\n","protected":false},"featured_media":3220,"template":"","meta":{"_acf_changed":false,"_kadence_starter_templates_imported_post":false,"_kad_post_transparent":"","_kad_post_title":"","_kad_post_layout":"","_kad_post_sidebar_id":"","_kad_post_content_style":"","_kad_post_vertical_padding":"","_kad_post_feature":"","_kad_post_feature_position":"","_kad_post_header":false,"_kad_post_footer":false},"product_brand":[],"product_cat":[42,112,26,22],"product_tag":[],"class_list":{"0":"post-3221","1":"product","2":"type-product","3":"status-publish","4":"has-post-thumbnail","6":"product_cat-konjak","7":"product_cat-konjak-1","8":"product_cat-kange-alkohol","9":"product_cat-kingiideed","11":"first","12":"instock","13":"taxable","14":"shipping-taxable","15":"purchasable","16":"product-type-simple","17":"entry","18":"content-bg","19":"loop-entry"},"acf":[],"_links":{"self":[{"href":"https:\/\/mydrink.ee\/et\/wp-json\/wp\/v2\/product\/3221","targetHints":{"allow":["GET"]}}],"collection":[{"href":"https:\/\/mydrink.ee\/et\/wp-json\/wp\/v2\/product"}],"about":[{"href":"https:\/\/mydrink.ee\/et\/wp-json\/wp\/v2\/types\/product"}],"wp:featuredmedia":[{"embeddable":true,"href":"https:\/\/mydrink.ee\/et\/wp-json\/wp\/v2\/media\/3220"}],"wp:attachment":[{"href":"https:\/\/mydrink.ee\/et\/wp-json\/wp\/v2\/media?parent=3221"}],"wp:term":[{"taxonomy":"product_brand","embeddable":true,"href":"https:\/\/mydrink.ee\/et\/wp-json\/wp\/v2\/product_brand?post=3221"},{"taxonomy":"product_cat","embeddable":true,"href":"https:\/\/mydrink.ee\/et\/wp-json\/wp\/v2\/product_cat?post=3221"},{"taxonomy":"product_tag","embeddable":true,"href":"https:\/\/mydrink.ee\/et\/wp-json\/wp\/v2\/product_tag?post=3221"}],"curies":[{"name":"wp","href":"https:\/\/api.w.org\/{rel}","templated":true}]}}