{"id":3223,"date":"2015-06-29T14:26:37","date_gmt":"2015-06-29T11:26:37","guid":{"rendered":"https:\/\/mydrink.ee\/product\/martell-vsop-40-50cl-pet\/"},"modified":"2025-11-21T14:22:33","modified_gmt":"2025-11-21T12:22:33","slug":"martell-vsop-40-50cl-pet","status":"publish","type":"product","link":"https:\/\/mydrink.ee\/et\/product\/martell-vsop-40-50cl-pet\/","title":{"rendered":"Martell VSOP 40% 50CL"},"content":{"rendered":"<p>Asutamisaastaga 1715 on Martell suurtest konjakimajadest vanim ning t\u00e4histab 2015.aastal 300. aastap\u00e4eva. Martell VSOP toodi turule aastal 1831 P\u00e4ikesekuninga m\u00e4lestuseks ja Martelli s\u00fcnni t\u00e4histamiseks. Pudelil on tunnusena kuldne medaljon Martelli perekonna vapiga ning sildil \u00a0Louis XIV pilt. Medaljonil ka aastanumber 1715 (Martelli asutamine ja P\u00e4ikesekuninga surm). <br \/>Konjakisegus esindatud k\u00f5ik 4 Martellile iseloomulikku piirkonda. Heas tasakaalus ja tammiste nootidega jook. V\u00e4rske, \u00fcmar, puidune; karamelliseeritud puuviljad maitses.<\/p>\n","protected":false},"excerpt":{"rendered":"<p>Liik: Kange alkohol, Konjak<br \/>\nKastis: 24<br \/>\nMaht: 50CL<br \/>\nAlkoholisisaldus: 40%<br \/>\nP\u00e4ritolumaa: Prantsusmaa<br \/>\nV\u00e4rvus: Kuldne merevaik<br \/>\nAroom: Poolm\u00f5ru pehmus: laim ja lagrits. Suhkrustunud puuviljad: k\u00fcdoonia, rosinad ja ploomid. V\u00e4rske tammepuit, sarapuup\u00e4hklid.<br \/>\nMaitse: Pehmed, k\u00fcpsed ja mitmekesised suhkrustunud puuviljade noodid. Rikkalik ja \u00fcmar tervik. Pikk j\u00e4relmaitse.<br \/>\nLaagertamine: V\u00e4hemalt 4 aastat laagerdunud konjakipiiritused<\/p>\n","protected":false},"featured_media":3222,"template":"","meta":{"_acf_changed":false,"_kadence_starter_templates_imported_post":false,"_kad_post_transparent":"","_kad_post_title":"","_kad_post_layout":"","_kad_post_sidebar_id":"","_kad_post_content_style":"","_kad_post_vertical_padding":"","_kad_post_feature":"","_kad_post_feature_position":"","_kad_post_header":false,"_kad_post_footer":false},"product_brand":[],"product_cat":[42,26],"product_tag":[],"class_list":{"0":"post-3223","1":"product","2":"type-product","3":"status-publish","4":"has-post-thumbnail","6":"product_cat-konjak","7":"product_cat-kange-alkohol","9":"first","10":"instock","11":"taxable","12":"shipping-taxable","13":"purchasable","14":"product-type-simple","15":"entry","16":"content-bg","17":"loop-entry"},"acf":[],"_links":{"self":[{"href":"https:\/\/mydrink.ee\/et\/wp-json\/wp\/v2\/product\/3223","targetHints":{"allow":["GET"]}}],"collection":[{"href":"https:\/\/mydrink.ee\/et\/wp-json\/wp\/v2\/product"}],"about":[{"href":"https:\/\/mydrink.ee\/et\/wp-json\/wp\/v2\/types\/product"}],"wp:featuredmedia":[{"embeddable":true,"href":"https:\/\/mydrink.ee\/et\/wp-json\/wp\/v2\/media\/3222"}],"wp:attachment":[{"href":"https:\/\/mydrink.ee\/et\/wp-json\/wp\/v2\/media?parent=3223"}],"wp:term":[{"taxonomy":"product_brand","embeddable":true,"href":"https:\/\/mydrink.ee\/et\/wp-json\/wp\/v2\/product_brand?post=3223"},{"taxonomy":"product_cat","embeddable":true,"href":"https:\/\/mydrink.ee\/et\/wp-json\/wp\/v2\/product_cat?post=3223"},{"taxonomy":"product_tag","embeddable":true,"href":"https:\/\/mydrink.ee\/et\/wp-json\/wp\/v2\/product_tag?post=3223"}],"curies":[{"name":"wp","href":"https:\/\/api.w.org\/{rel}","templated":true}]}}