{"id":3235,"date":"2015-06-30T08:46:57","date_gmt":"2015-06-30T05:46:57","guid":{"rendered":"https:\/\/mydrink.ee\/product\/absolut-vodka-40-100cl\/"},"modified":"2026-01-08T19:55:10","modified_gmt":"2026-01-08T17:55:10","slug":"absolut-vodka-40-100cl","status":"publish","type":"product","link":"https:\/\/mydrink.ee\/et\/product\/absolut-vodka-40-100cl\/","title":{"rendered":"Absolut Vodka 40% vol 100CL"},"content":{"rendered":"<p>Iga viimne kui piisk ABSOLUT&#8217;i tuleb \u00fchest kohast \u2013 v\u00e4ikesest 10 000 elanikuga k\u00fclakesest \u00c5hus\u2019ist L\u00f5una-Rootsis. Tooraineks on \u00fcmbruskonna p\u00f5ldudel kasvav talinisu ja kohaliku puurkaevu vesi. Kogu tootmise koondamine \u00fchte kohta annab ettev\u00f5ttele t\u00e4ieliku kontrolli kogu tootmisprotsessi \u00fcle ja kindlustab ABSOLUT\u2019i k\u00f5rgetele n\u00f5udmistele vastava p\u00fcsiva kvaliteedi. <br \/>ABSOLUT\u2019i toodetakse pideva destilleerimise meetodil \u2013 see t\u00e4hendab, et enne pudeldamist l\u00e4bib vodka destillatsiooniprotsessi sadu kordi, mis kindlustab kristallselge v\u00e4ljan\u00e4gemise ja t\u00e4iuslikult puhta maitse.<\/p>\n","protected":false},"excerpt":{"rendered":"<p>Liik: Vodka<br \/>\nKastis: 12<br \/>\nMaht: 100CL<br \/>\nAlkoholisisaldus: 40% vol<br \/>\nP\u00e4ritolumaa: Rootsi<br \/>\nV\u00e4rvus: V\u00e4rvitu<br \/>\nAroom: Mahe, teraviljane<br \/>\nMaitse: Puhas, t\u00e4idlane, pehme, iseloomulik teraviljane ja puuviljane n\u00fcanss<\/p>\n","protected":false},"featured_media":8443,"template":"","meta":{"_acf_changed":false,"_kadence_starter_templates_imported_post":false,"_kad_post_transparent":"","_kad_post_title":"","_kad_post_layout":"","_kad_post_sidebar_id":"","_kad_post_content_style":"","_kad_post_vertical_padding":"","_kad_post_feature":"","_kad_post_feature_position":"","_kad_post_header":false,"_kad_post_footer":false},"product_brand":[],"product_cat":[46,26],"product_tag":[],"class_list":{"0":"post-3235","1":"product","2":"type-product","3":"status-publish","4":"has-post-thumbnail","6":"product_cat-vodka","7":"product_cat-kange-alkohol","9":"first","10":"instock","11":"taxable","12":"shipping-taxable","13":"purchasable","14":"product-type-simple","15":"entry","16":"content-bg","17":"loop-entry"},"acf":[],"_links":{"self":[{"href":"https:\/\/mydrink.ee\/et\/wp-json\/wp\/v2\/product\/3235","targetHints":{"allow":["GET"]}}],"collection":[{"href":"https:\/\/mydrink.ee\/et\/wp-json\/wp\/v2\/product"}],"about":[{"href":"https:\/\/mydrink.ee\/et\/wp-json\/wp\/v2\/types\/product"}],"wp:featuredmedia":[{"embeddable":true,"href":"https:\/\/mydrink.ee\/et\/wp-json\/wp\/v2\/media\/8443"}],"wp:attachment":[{"href":"https:\/\/mydrink.ee\/et\/wp-json\/wp\/v2\/media?parent=3235"}],"wp:term":[{"taxonomy":"product_brand","embeddable":true,"href":"https:\/\/mydrink.ee\/et\/wp-json\/wp\/v2\/product_brand?post=3235"},{"taxonomy":"product_cat","embeddable":true,"href":"https:\/\/mydrink.ee\/et\/wp-json\/wp\/v2\/product_cat?post=3235"},{"taxonomy":"product_tag","embeddable":true,"href":"https:\/\/mydrink.ee\/et\/wp-json\/wp\/v2\/product_tag?post=3235"}],"curies":[{"name":"wp","href":"https:\/\/api.w.org\/{rel}","templated":true}]}}