{"id":3267,"date":"2015-06-30T15:09:28","date_gmt":"2015-06-30T12:09:28","guid":{"rendered":"https:\/\/mydrink.ee\/product\/the-glenlivet-founders-reserve-40-70cl\/"},"modified":"2025-11-21T14:04:13","modified_gmt":"2025-11-21T12:04:13","slug":"the-glenlivet-founders-reserve-40-70cl","status":"publish","type":"product","link":"https:\/\/mydrink.ee\/et\/product\/the-glenlivet-founders-reserve-40-70cl\/","title":{"rendered":"The Glenlivet Founders Reserve 40% 70CL"},"content":{"rendered":"<p>Glenliveti Founder\u2019s Reserve on saanud inspiratsiooni peaaegu 200 aasta taguselt algselt visioonilt. Destilleeritud samades vasest kateldes, mis olid kujundatud laternakujulisteks, et saavutada Glenlivetile nii omane unikaalne ja klassikaline puuviljasus. <br \/>Erakordse maheduse saavutamiseks l\u00e4bib linnaseviski vanade traditsioonide kohaselt klaasist testimiskasti ja k\u00fcpseb seej\u00e4rel tavap\u00e4rastes, viski hoidmiseks varem kasutamata, ameerika tammest vaatides, et tuua esile vihjed kreemjale magususele. K\u00f5ike seda t\u00e4iendavad hoolikalt valitud Ameerika vaadid.<\/p>\n","protected":false},"excerpt":{"rendered":"<p>Liik: Kange alkohol, Viski<br \/>\nKastis: 6<br \/>\nMaht: 70CL<br \/>\nAlkoholisisaldus: 40%<br \/>\nP\u00e4ritolumaa: Suurbritannia<br \/>\nV\u00e4rvus: Kahvatukuldne<br \/>\nAroom: Tsitruste delikaatsed aroomid, m\u00e4rgatavalt magus apelsin.<br \/>\nMaitse: Magus, pikantse apelsini ja pirni puuviljased noodid vihjega maiustustele ja karamelli\u00f5untele.<\/p>\n","protected":false},"featured_media":3266,"template":"","meta":{"_acf_changed":false,"_kadence_starter_templates_imported_post":false,"_kad_post_transparent":"","_kad_post_title":"","_kad_post_layout":"","_kad_post_sidebar_id":"","_kad_post_content_style":"","_kad_post_vertical_padding":"","_kad_post_feature":"","_kad_post_feature_position":"","_kad_post_header":false,"_kad_post_footer":false},"product_brand":[],"product_cat":[45,26],"product_tag":[],"class_list":{"0":"post-3267","1":"product","2":"type-product","3":"status-publish","4":"has-post-thumbnail","6":"product_cat-viski","7":"product_cat-kange-alkohol","9":"first","10":"instock","11":"taxable","12":"shipping-taxable","13":"purchasable","14":"product-type-simple","15":"entry","16":"content-bg","17":"loop-entry"},"acf":[],"_links":{"self":[{"href":"https:\/\/mydrink.ee\/et\/wp-json\/wp\/v2\/product\/3267","targetHints":{"allow":["GET"]}}],"collection":[{"href":"https:\/\/mydrink.ee\/et\/wp-json\/wp\/v2\/product"}],"about":[{"href":"https:\/\/mydrink.ee\/et\/wp-json\/wp\/v2\/types\/product"}],"wp:featuredmedia":[{"embeddable":true,"href":"https:\/\/mydrink.ee\/et\/wp-json\/wp\/v2\/media\/3266"}],"wp:attachment":[{"href":"https:\/\/mydrink.ee\/et\/wp-json\/wp\/v2\/media?parent=3267"}],"wp:term":[{"taxonomy":"product_brand","embeddable":true,"href":"https:\/\/mydrink.ee\/et\/wp-json\/wp\/v2\/product_brand?post=3267"},{"taxonomy":"product_cat","embeddable":true,"href":"https:\/\/mydrink.ee\/et\/wp-json\/wp\/v2\/product_cat?post=3267"},{"taxonomy":"product_tag","embeddable":true,"href":"https:\/\/mydrink.ee\/et\/wp-json\/wp\/v2\/product_tag?post=3267"}],"curies":[{"name":"wp","href":"https:\/\/api.w.org\/{rel}","templated":true}]}}