{"id":3317,"date":"2015-09-09T22:32:10","date_gmt":"2015-09-09T19:32:10","guid":{"rendered":"https:\/\/mydrink.ee\/product\/london-hill-gin-40-70cl\/"},"modified":"2025-09-09T03:03:48","modified_gmt":"2025-09-09T00:03:48","slug":"london-hill-gin-40-70cl","status":"publish","type":"product","link":"https:\/\/mydrink.ee\/et\/product\/london-hill-gin-40-70cl\/","title":{"rendered":"LONDON HILL GIN 40% 70CL"},"content":{"rendered":"<h2 style=\"font-weight: 300; margin-bottom: 1.1em; font-size: 30px; color: #0c4692; font-family: open-sans, sans-serif; font-style: normal; font-variant: normal; letter-spacing: normal; line-height: normal; orphans: auto; text-align: justify; text-indent: 0px; text-transform: none; white-space: normal; widows: 1; word-spacing: 0px; -webkit-text-stroke-width: 0px; background-color: #ffffff;\"><strong><span style=\"font-size: small;\">Kirjeldus<\/span><\/strong><\/h2>\n<p style=\"margin-bottom: 1.47em; line-height: 1.8; margin-top: -15px; color: #000000; font-family: open-sans, sans-serif; font-size: 14px; font-style: normal; font-variant: normal; font-weight: normal; letter-spacing: normal; orphans: auto; text-align: justify; text-indent: 0px; text-transform: none; white-space: normal; widows: 1; word-spacing: 0px; -webkit-text-stroke-width: 0px; background-color: #ffffff;\"><span style=\"font-size: small;\">London Hill Dry Gin on karge d\u017einn, mille maitse viitab tsitrusviljadele, esile tulevad sidruni- ja magusa apelsini koored. Need koos teiste hoolikalt valitud taimedega annavad v\u00fcrtsika puuviljanoodi, mis teevad sellest erakordselt sileda ja rafineeritud maitsega d\u017einni. Ei sisalda kunstlikke maitseid, \u00f5lisid ega essentse.<br \/><\/span><span style=\"font-size: small;\">Sobib tarbimiseks puhtalt, j\u00e4\u00e4ga ja kokteilidesse.<\/span><\/p>\n","protected":false},"excerpt":{"rendered":"<p>Liik: Kange alkohol, D\u017einn<br \/>\nKastis: 6<br \/>\nMaht: 70CL<br \/>\nAlkoholisisaldus: 40%<br \/>\nP\u00e4ritolumaa: Suurbritannia<br \/>\nMaitse: Peene tsitruse alatooniga, tunda v\u00fcrtsikat puuvilja, kadakat, koriandri seemneid &#8211; erakordselt sile, rafineeritud ja v\u00e4\u00e4rikas d\u017einn.<br \/>\nV\u00e4rvus: Kristallselge ja v\u00e4rvitu<br \/>\nServeerimine: kokteilides, ehedalt<\/p>\n","protected":false},"featured_media":3316,"template":"","meta":{"_acf_changed":false,"_kadence_starter_templates_imported_post":false,"_kad_post_transparent":"","_kad_post_title":"","_kad_post_layout":"","_kad_post_sidebar_id":"","_kad_post_content_style":"","_kad_post_vertical_padding":"","_kad_post_feature":"","_kad_post_feature_position":"","_kad_post_header":false,"_kad_post_footer":false},"product_brand":[],"product_cat":[39,26],"product_tag":[],"class_list":{"0":"post-3317","1":"product","2":"type-product","3":"status-publish","4":"has-post-thumbnail","6":"product_cat-gin","7":"product_cat-kange-alkohol","9":"first","10":"outofstock","11":"taxable","12":"shipping-taxable","13":"purchasable","14":"product-type-simple","15":"entry","16":"content-bg","17":"loop-entry"},"acf":[],"_links":{"self":[{"href":"https:\/\/mydrink.ee\/et\/wp-json\/wp\/v2\/product\/3317","targetHints":{"allow":["GET"]}}],"collection":[{"href":"https:\/\/mydrink.ee\/et\/wp-json\/wp\/v2\/product"}],"about":[{"href":"https:\/\/mydrink.ee\/et\/wp-json\/wp\/v2\/types\/product"}],"wp:featuredmedia":[{"embeddable":true,"href":"https:\/\/mydrink.ee\/et\/wp-json\/wp\/v2\/media\/3316"}],"wp:attachment":[{"href":"https:\/\/mydrink.ee\/et\/wp-json\/wp\/v2\/media?parent=3317"}],"wp:term":[{"taxonomy":"product_brand","embeddable":true,"href":"https:\/\/mydrink.ee\/et\/wp-json\/wp\/v2\/product_brand?post=3317"},{"taxonomy":"product_cat","embeddable":true,"href":"https:\/\/mydrink.ee\/et\/wp-json\/wp\/v2\/product_cat?post=3317"},{"taxonomy":"product_tag","embeddable":true,"href":"https:\/\/mydrink.ee\/et\/wp-json\/wp\/v2\/product_tag?post=3317"}],"curies":[{"name":"wp","href":"https:\/\/api.w.org\/{rel}","templated":true}]}}