{"id":3373,"date":"2015-10-11T07:32:26","date_gmt":"2015-10-11T04:32:26","guid":{"rendered":"https:\/\/mydrink.ee\/product\/tribal-african-red-bib-13-5-300cl-2\/"},"modified":"2015-10-11T07:32:26","modified_gmt":"2015-10-11T04:32:26","slug":"tribal-african-red-bib-13-5-300cl-2","status":"publish","type":"product","link":"https:\/\/mydrink.ee\/et\/product\/tribal-african-red-bib-13-5-300cl-2\/","title":{"rendered":"TRIBAL AFRICAN RED BIB 13,5% 300CL + OUT OF AFRICA PINOTAGE-SHIRAZ ORGANIC BIB`12 12% 300CL Combimix"},"content":{"rendered":"<p>Combimix pakett sisaldab kokku 8 3-liitrist punase veini pakiveini L\u00f5una-Aafrikast (Kumbagi sorti kolm, kokku 24 liitrit).<\/p>\n","protected":false},"excerpt":{"rendered":"<p>Liik:\tVeinid, Punane vein<br \/>\nKastis:\t4<br \/>\nMaht:\t300CL x 4 = 12L<br \/>\nAlkoholisisaldus:\t13,5%<br \/>\nP\u00e4ritolumaa:\tL\u00f5una-Aafrika<br \/>\nPiirkond:\tWestern Cape<br \/>\nViinamarjasort:\tCinsault 40%, Merlot 30%, Cabernet Sauvignon 15%, Shiraz 15%<br \/>\nAroom:\tAroomis on tunda puuviljasust ja punaseid marju.<br \/>\nMaitse:\tMaitses domineerib rikkalik puuviljasus koos pehmete tanniinidega. Meeldivalt pehme ja sametine j\u00e4relmaitse teeb veini kergelt joodavaks.<br \/>\nToidusoovitus:\tNaudi seda koos grillitud liharoogadega, koorese pasta v\u00f5i erinevate juustudega.<br \/>\nServeerimine:\t15-17\u00b0C, veini v\u00f5ib tarbida ka 6 n\u00e4dalat p\u00e4rast avamist.<\/p>\n<p>Liik:\tVeinid, Punane vein<br \/>\nKastis:\t4<br \/>\nMaht:\t300 CL * 4 = 12L<br \/>\nAlkoholisisaldus:\t12%<br \/>\nP\u00e4ritolumaa:\tL\u00f5una-Aafrika<br \/>\nPiirkond:\tWestern Cape<br \/>\nViinamarjasort:\tPinotage 60%, Shiraz 40%.<br \/>\nAroom:\tAroomis on aimata tumedaid marju, r\u00f6stitud kohviube ning tumedat \u0161okolaadi.<br \/>\nMaitse:\tMaitses domineerivad rikkalikud tanniinid ning puuviljasus. Aimata on musts\u00f5start, murakat, bitteri \u0161okolaadi, tubakat, vaniljet ning v\u00fcrtsikust. Pikk ja meeldej\u00e4\u00e4v j\u00e4relmaitse.<br \/>\nToidusoovitus:\tNaudi seda koos grillitud v\u00f5i hautatud liharoogadega, tugevamate juustude v\u00f5i ulukiliha k\u00f5rvale.<br \/>\nServeerimine:\tServeeri v\u00f5imalusel temperatuuril 16-18\u00b0C Veini v\u00f5ib tarbida ka 6 n\u00e4dalat p\u00e4rast avamist.<\/p>\n","protected":false},"featured_media":3371,"template":"","meta":{"_acf_changed":false,"_kad_post_transparent":"","_kad_post_title":"","_kad_post_layout":"","_kad_post_sidebar_id":"","_kad_post_content_style":"","_kad_post_vertical_padding":"","_kad_post_feature":"","_kad_post_feature_position":"","_kad_post_header":false,"_kad_post_footer":false},"product_brand":[],"product_cat":[182,119,20],"product_tag":[],"class_list":{"0":"post-3373","1":"product","2":"type-product","3":"status-publish","4":"has-post-thumbnail","6":"product_cat-pakiveinid-1-veinid","7":"product_cat-pakiveinid","8":"product_cat-punased-veinid","10":"first","11":"outofstock","12":"sale","13":"taxable","14":"shipping-taxable","15":"purchasable","16":"product-type-simple","17":"entry","18":"content-bg","19":"loop-entry"},"acf":[],"_links":{"self":[{"href":"https:\/\/mydrink.ee\/et\/wp-json\/wp\/v2\/product\/3373","targetHints":{"allow":["GET"]}}],"collection":[{"href":"https:\/\/mydrink.ee\/et\/wp-json\/wp\/v2\/product"}],"about":[{"href":"https:\/\/mydrink.ee\/et\/wp-json\/wp\/v2\/types\/product"}],"wp:featuredmedia":[{"embeddable":true,"href":"https:\/\/mydrink.ee\/et\/wp-json\/wp\/v2\/media\/3371"}],"wp:attachment":[{"href":"https:\/\/mydrink.ee\/et\/wp-json\/wp\/v2\/media?parent=3373"}],"wp:term":[{"taxonomy":"product_brand","embeddable":true,"href":"https:\/\/mydrink.ee\/et\/wp-json\/wp\/v2\/product_brand?post=3373"},{"taxonomy":"product_cat","embeddable":true,"href":"https:\/\/mydrink.ee\/et\/wp-json\/wp\/v2\/product_cat?post=3373"},{"taxonomy":"product_tag","embeddable":true,"href":"https:\/\/mydrink.ee\/et\/wp-json\/wp\/v2\/product_tag?post=3373"}],"curies":[{"name":"wp","href":"https:\/\/api.w.org\/{rel}","templated":true}]}}