{"id":3395,"date":"2015-11-03T09:32:12","date_gmt":"2015-11-03T07:32:12","guid":{"rendered":"https:\/\/mydrink.ee\/product\/banfi-brunello-di-montalcino-17-15-75cl\/"},"modified":"2015-11-03T09:32:12","modified_gmt":"2015-11-03T07:32:12","slug":"banfi-brunello-di-montalcino-17-15-75cl","status":"publish","type":"product","link":"https:\/\/mydrink.ee\/et\/product\/banfi-brunello-di-montalcino-17-15-75cl\/","title":{"rendered":"BANFI BRUNELLO DI MONTALCINO`17 15%  75CL"},"content":{"rendered":"<p>Kirjeldus<\/p>\n<p>Tootja: Castello Banfi S.R.L.<br \/> Esimene aastak\u00e4ik: 1978<br \/> Arengupotentsiaal: 8-10 aastat.<\/p>\n<p>Brunello Sangiovese viinapuud paiknevad Montalcino m\u00e4e l\u00f5unapoolsetel n\u00f5lvadel. Veiniaia suurus on 170 ha ja 220 meetrit \u00fcle merepinna.<br \/> Viinamarjad korjatakse k\u00e4sitsi, sorteeritakse, eemaldatakse varred, pressitakse. Fermentatsioon toimub kontrollitud temperatuuril Horizon h\u00fcbriid teras &#038; tammevaatides, kestakontakt 10-12 p\u00e4eva. Vein laagerdub erineva suurusega tammevaatides 2 aastat (350L barrique ja 60-120hl Slavoonia vaatides) ja edasi areneb vein pudelis 8-10 kuud.<\/p>\n","protected":false},"excerpt":{"rendered":"<p>Tooteliik:\t Kaitstud p\u00e4ritolunimetusega vein<br \/>\nP\u00e4ritolumaa:\tItaalia<br \/>\nPiirkond:\tToskaana, Brunello di Montalcino DOCG<br \/>\nViinamarjasort:\t100% Sangiovese<br \/>\nV\u00e4rvus: S\u00fcgav, rubiinpunane, violetse alatooniga.<br \/>\nAroom: \tAroomis on k\u00fcpseid punaseid marju, kannikesi, vaniljet ja lik\u00f6\u00f6rsust.<br \/>\nMaitse: \tMaitse on kompleksne, heas tasakaalus, pehmed tanniinid, keskmise t\u00e4idlusega, tunda k\u00fcpseid kirsse ja v\u00fcrtse.<br \/>\nToidusoovitus:\tVeiseliha, ulukiliha ja arenenud juustude juurde-Parmigiano Reggiano, Pecorino.<br \/>\nServeerimistemperatuur:\t16-18\u00b0C Bordeaux t\u00fc\u00fcpi punaveini klaasist, kindlasti enne dekanteerida.<\/p>\n","protected":false},"featured_media":3394,"template":"","meta":{"_acf_changed":false,"_kadence_starter_templates_imported_post":false,"_kad_post_transparent":"","_kad_post_title":"","_kad_post_layout":"","_kad_post_sidebar_id":"","_kad_post_content_style":"","_kad_post_vertical_padding":"","_kad_post_feature":"","_kad_post_feature_position":"","_kad_post_header":false,"_kad_post_footer":false},"product_brand":[],"product_cat":[20,180,30],"product_tag":[],"class_list":{"0":"post-3395","1":"product","2":"type-product","3":"status-publish","4":"has-post-thumbnail","6":"product_cat-punased-veinid","7":"product_cat-veinid","8":"product_cat-itaalia","10":"first","11":"instock","12":"taxable","13":"shipping-taxable","14":"purchasable","15":"product-type-simple","16":"entry","17":"content-bg","18":"loop-entry"},"acf":[],"_links":{"self":[{"href":"https:\/\/mydrink.ee\/et\/wp-json\/wp\/v2\/product\/3395","targetHints":{"allow":["GET"]}}],"collection":[{"href":"https:\/\/mydrink.ee\/et\/wp-json\/wp\/v2\/product"}],"about":[{"href":"https:\/\/mydrink.ee\/et\/wp-json\/wp\/v2\/types\/product"}],"wp:featuredmedia":[{"embeddable":true,"href":"https:\/\/mydrink.ee\/et\/wp-json\/wp\/v2\/media\/3394"}],"wp:attachment":[{"href":"https:\/\/mydrink.ee\/et\/wp-json\/wp\/v2\/media?parent=3395"}],"wp:term":[{"taxonomy":"product_brand","embeddable":true,"href":"https:\/\/mydrink.ee\/et\/wp-json\/wp\/v2\/product_brand?post=3395"},{"taxonomy":"product_cat","embeddable":true,"href":"https:\/\/mydrink.ee\/et\/wp-json\/wp\/v2\/product_cat?post=3395"},{"taxonomy":"product_tag","embeddable":true,"href":"https:\/\/mydrink.ee\/et\/wp-json\/wp\/v2\/product_tag?post=3395"}],"curies":[{"name":"wp","href":"https:\/\/api.w.org\/{rel}","templated":true}]}}