{"id":3405,"date":"2015-11-03T09:51:04","date_gmt":"2015-11-03T07:51:04","guid":{"rendered":"https:\/\/mydrink.ee\/product\/banfi-chianti-classico-13-5-75cl\/"},"modified":"2015-11-03T09:51:04","modified_gmt":"2015-11-03T07:51:04","slug":"banfi-chianti-classico-13-5-75cl","status":"publish","type":"product","link":"https:\/\/mydrink.ee\/et\/product\/banfi-chianti-classico-13-5-75cl\/","title":{"rendered":"BANFI CHIANTI CLASSICO 13,5% 75CL"},"content":{"rendered":"<p>Kirjeldus<\/p>\n<p>Tootja: Castello Banfi S.R.L.<br \/> Arengupotentsiaal: 3-5 aastat.<\/p>\n<p>Chianti Classico DOCG loodi 1996 aastal ja seaduse j\u00e4rgi peab Chianti Classico DOCG\u00b4s olema Sangiovese viinamarjasorti 80% veinis. Sangiovese on Toskaana peamine tume viinamarjasort.<\/p>\n<p>Viinamarjad on k\u00e4sitsi korjatud Chianti Classico piirkonnast septembrikuu keskel, sorteeritakse, eemaldatakse varres, pressitakse. Fermentatsioon toimub 25-30\u00b0C juures ja kestakontakt 7 p\u00e4eva. Edasi vein areneb 3 kuud suurtes Slavoonia ja v\u00e4ikestes Prantsuse tammevaatides.<\/p>\n","protected":false},"excerpt":{"rendered":"<p>Tooteliik\t Kaitstud p\u00e4ritolunimetusega vein<br \/>\nP\u00e4ritolumaa\tItaalia<br \/>\nPiirkond\tToskaana, Chianti Classico, DOCG<br \/>\nViinamarjasort\tSangiovese (90%), Canaiolo Nero (10%)<br \/>\nV\u00e4rvus\tRubiinpunane<br \/>\nAroom\tAroom on marjane, tunda k\u00fcpseid metsamarju, \u00fcle k\u00fcpsenud luuvilju, \u00fcrdisust ja kannikest.<br \/>\nMaitse\tMaitse on marjane, keskmise t\u00e4idlusega, tunda k\u00fcpseid kirsse, musti ploome, veidi musta pipart. J\u00e4relmaitse on marjaselt pikk, kerge v\u00fcrtsise alatooniga.<br \/>\nToidusoovitus\tHautatud vasikaliha, grillitud sealiha, pastad, k\u00fcpsed juustud.<br \/>\nServeerimistemperatuur\t15-17\u00b0C Bordeaux t\u00fc\u00fcpi punaveini klaasist.<\/p>\n","protected":false},"featured_media":3404,"template":"","meta":{"_acf_changed":false,"_kadence_starter_templates_imported_post":false,"_kad_post_transparent":"","_kad_post_title":"","_kad_post_layout":"","_kad_post_sidebar_id":"","_kad_post_content_style":"","_kad_post_vertical_padding":"","_kad_post_feature":"","_kad_post_feature_position":"","_kad_post_header":false,"_kad_post_footer":false},"product_brand":[],"product_cat":[20,180,30],"product_tag":[],"class_list":{"0":"post-3405","1":"product","2":"type-product","3":"status-publish","4":"has-post-thumbnail","6":"product_cat-punased-veinid","7":"product_cat-veinid","8":"product_cat-itaalia","10":"first","11":"instock","12":"taxable","13":"shipping-taxable","14":"purchasable","15":"product-type-simple","16":"entry","17":"content-bg","18":"loop-entry"},"acf":[],"_links":{"self":[{"href":"https:\/\/mydrink.ee\/et\/wp-json\/wp\/v2\/product\/3405","targetHints":{"allow":["GET"]}}],"collection":[{"href":"https:\/\/mydrink.ee\/et\/wp-json\/wp\/v2\/product"}],"about":[{"href":"https:\/\/mydrink.ee\/et\/wp-json\/wp\/v2\/types\/product"}],"wp:featuredmedia":[{"embeddable":true,"href":"https:\/\/mydrink.ee\/et\/wp-json\/wp\/v2\/media\/3404"}],"wp:attachment":[{"href":"https:\/\/mydrink.ee\/et\/wp-json\/wp\/v2\/media?parent=3405"}],"wp:term":[{"taxonomy":"product_brand","embeddable":true,"href":"https:\/\/mydrink.ee\/et\/wp-json\/wp\/v2\/product_brand?post=3405"},{"taxonomy":"product_cat","embeddable":true,"href":"https:\/\/mydrink.ee\/et\/wp-json\/wp\/v2\/product_cat?post=3405"},{"taxonomy":"product_tag","embeddable":true,"href":"https:\/\/mydrink.ee\/et\/wp-json\/wp\/v2\/product_tag?post=3405"}],"curies":[{"name":"wp","href":"https:\/\/api.w.org\/{rel}","templated":true}]}}