{"id":3407,"date":"2015-11-03T09:57:52","date_gmt":"2015-11-03T07:57:52","guid":{"rendered":"https:\/\/mydrink.ee\/product\/banfi-chianti-13-75cl\/"},"modified":"2015-11-03T09:57:52","modified_gmt":"2015-11-03T07:57:52","slug":"banfi-chianti-13-75cl","status":"publish","type":"product","link":"https:\/\/mydrink.ee\/et\/product\/banfi-chianti-13-75cl\/","title":{"rendered":"BANFI CHIANTI 13% 75CL"},"content":{"rendered":"<p>Kirjeldus<\/p>\n<p>Tootja: Castello Banfi S.R.L.<br \/> Arengupotentsiaal: 2-3 aastat.<\/p>\n<p>Chianti DOCG loodi 1984 aastal ja seaduse j\u00e4rgi peab Chianti DOCG \u00b4s olema Sangiovese viinamarjasorti 70%. Segus v\u00f5ib kasutada Canaiolo\u00b4t, Colorino`t, Cabernet Sauvignon`i ja Merlot. Sangiovese on Toskaana peamine tume viinamarjasort.<\/p>\n<p>Viinamarjad on korjatud Chianti DOCG piirkonnast, vein on k\u00e4\u00e4ritatud roostevabast terasest vaatides.<\/p>\n","protected":false},"excerpt":{"rendered":"<p>Tooteliik\t Kaitstud p\u00e4ritolunimetusega vein<br \/>\nP\u00e4ritolumaa\tItaalia<br \/>\nPiirkond\tToskaana, Chiant DOCG<br \/>\nViinamarjasort\tSangiovese 90%, Canaiolo Nero ja Cabernet Sauvignon<br \/>\nV\u00e4rvus\tRubiinpunane.<br \/>\nAroom\tAroom on marjane, tunda k\u00fcpseid punaseid marju- kirsse, ploome, kibuvitsamarju, punaseid lilli.<br \/>\nMaitse\tMaitse on marjane, kergema t\u00e4idlusega, tunda metsmarju, mustikat, p\u00f5ldmarju, kirsse. J\u00e4relmaitse pikk ja marjane.<br \/>\nServeerimistemperatuur\t15-17\u00b0C Bordeaux t\u00fc\u00fcpi punaveini klaasist.<\/p>\n","protected":false},"featured_media":3406,"template":"","meta":{"_acf_changed":false,"_kadence_starter_templates_imported_post":false,"_kad_post_transparent":"","_kad_post_title":"","_kad_post_layout":"","_kad_post_sidebar_id":"","_kad_post_content_style":"","_kad_post_vertical_padding":"","_kad_post_feature":"","_kad_post_feature_position":"","_kad_post_header":false,"_kad_post_footer":false},"product_brand":[],"product_cat":[20,180,30],"product_tag":[],"class_list":{"0":"post-3407","1":"product","2":"type-product","3":"status-publish","4":"has-post-thumbnail","6":"product_cat-punased-veinid","7":"product_cat-veinid","8":"product_cat-itaalia","10":"first","11":"instock","12":"taxable","13":"shipping-taxable","14":"purchasable","15":"product-type-simple","16":"entry","17":"content-bg","18":"loop-entry"},"acf":[],"_links":{"self":[{"href":"https:\/\/mydrink.ee\/et\/wp-json\/wp\/v2\/product\/3407","targetHints":{"allow":["GET"]}}],"collection":[{"href":"https:\/\/mydrink.ee\/et\/wp-json\/wp\/v2\/product"}],"about":[{"href":"https:\/\/mydrink.ee\/et\/wp-json\/wp\/v2\/types\/product"}],"wp:featuredmedia":[{"embeddable":true,"href":"https:\/\/mydrink.ee\/et\/wp-json\/wp\/v2\/media\/3406"}],"wp:attachment":[{"href":"https:\/\/mydrink.ee\/et\/wp-json\/wp\/v2\/media?parent=3407"}],"wp:term":[{"taxonomy":"product_brand","embeddable":true,"href":"https:\/\/mydrink.ee\/et\/wp-json\/wp\/v2\/product_brand?post=3407"},{"taxonomy":"product_cat","embeddable":true,"href":"https:\/\/mydrink.ee\/et\/wp-json\/wp\/v2\/product_cat?post=3407"},{"taxonomy":"product_tag","embeddable":true,"href":"https:\/\/mydrink.ee\/et\/wp-json\/wp\/v2\/product_tag?post=3407"}],"curies":[{"name":"wp","href":"https:\/\/api.w.org\/{rel}","templated":true}]}}