{"id":3417,"date":"2015-11-03T17:52:41","date_gmt":"2015-11-03T15:52:41","guid":{"rendered":"https:\/\/mydrink.ee\/product\/banfi-san-angelo-pinot-grigio-toscana-12-5-75cl\/"},"modified":"2015-11-03T17:52:41","modified_gmt":"2015-11-03T15:52:41","slug":"banfi-san-angelo-pinot-grigio-toscana-12-5-75cl","status":"publish","type":"product","link":"https:\/\/mydrink.ee\/et\/product\/banfi-san-angelo-pinot-grigio-toscana-12-5-75cl\/","title":{"rendered":"BANFI SAN ANGELO PINOT GRIGIO TOSCANA 12,5% 75CL"},"content":{"rendered":"<p>Kirjeldus<\/p>\n<p>Tootja: Castello Banfi S.R.L.<br \/> Esimene aastak\u00e4ik: 1982<br \/> Arengupotentsiaal: 2-3 aastat.<\/p>\n<p>Pinot Grigio viinapuud paiknevad 300 meetrit \u00fcle merepinna Montalcino m\u00e4e l\u00f5unapoolsetel n\u00f5lvadel.<br \/> Viinamarjad korjatakse k\u00e4sitsi, sorteeritakse, eemaldatakse varred, toimub aeglane marjade pressimine, mille tulemusl saadakse free-run juice. Edasi toimub fermentatsioon (15-18\u00b0C) kontrollitud temperatuuril, et tagada veini v\u00e4rskus.<br \/> San Angelo Pinot Grigio kuulub Castello Banfi veinim\u00f5isas valmistatud \u00fche- viinamarjasordi (100% Pinot Grigio) veinisarja hulka.<\/p>\n","protected":false},"excerpt":{"rendered":"<p>Tooteliik:\t Kaitstud geograafilise t\u00e4hisega vein<br \/>\nP\u00e4ritolumaa:\tItaalia<br \/>\nPiirkond:\tToskaana IGT<br \/>\nViinamarjasort:\t100% Pinot Grigio<br \/>\nV\u00e4rvus:\tHelekollane, roheka alatooniga<br \/>\nAroom: \tAroom on v\u00e4rske, tunda kollaseid puuvilju nagu pirn, ananass, virsik, veidi \u00fcrte ja \u00f5rna mesisust.<br \/>\nMaitse: \tMaitse on kuiv, v\u00e4rske, kergema kehandiga, tunda k\u00fcpseid kollaseid puuvilju, hea happesusega, mineraalne.<br \/>\nToidusoovitus:\tAperitiiv, kammkarbid, koorikloomad, kergelt praetud v\u00f5i grillitud siig, k\u00fcpsed valgehallitusega kitsejuustud- Ch\u00e8vre.<br \/>\nServeerimistemperatuur:\tjahutatult 9-11\u00b0C Bordeaux t\u00fc\u00fcpi valgeveini klaasist.<\/p>\n","protected":false},"featured_media":3416,"template":"","meta":{"_acf_changed":false,"_kadence_starter_templates_imported_post":false,"_kad_post_transparent":"","_kad_post_title":"","_kad_post_layout":"","_kad_post_sidebar_id":"","_kad_post_content_style":"","_kad_post_vertical_padding":"","_kad_post_feature":"","_kad_post_feature_position":"","_kad_post_header":false,"_kad_post_footer":false},"product_brand":[],"product_cat":[21,180,55,63],"product_tag":[],"class_list":{"0":"post-3417","1":"product","2":"type-product","3":"status-publish","4":"has-post-thumbnail","6":"product_cat-valged-veinid","7":"product_cat-veinid","8":"product_cat-itaalia-1","9":"product_cat-soodus-1-valged-veinid","11":"first","12":"instock","13":"taxable","14":"shipping-taxable","15":"purchasable","16":"product-type-simple","17":"entry","18":"content-bg","19":"loop-entry"},"acf":[],"_links":{"self":[{"href":"https:\/\/mydrink.ee\/et\/wp-json\/wp\/v2\/product\/3417","targetHints":{"allow":["GET"]}}],"collection":[{"href":"https:\/\/mydrink.ee\/et\/wp-json\/wp\/v2\/product"}],"about":[{"href":"https:\/\/mydrink.ee\/et\/wp-json\/wp\/v2\/types\/product"}],"wp:featuredmedia":[{"embeddable":true,"href":"https:\/\/mydrink.ee\/et\/wp-json\/wp\/v2\/media\/3416"}],"wp:attachment":[{"href":"https:\/\/mydrink.ee\/et\/wp-json\/wp\/v2\/media?parent=3417"}],"wp:term":[{"taxonomy":"product_brand","embeddable":true,"href":"https:\/\/mydrink.ee\/et\/wp-json\/wp\/v2\/product_brand?post=3417"},{"taxonomy":"product_cat","embeddable":true,"href":"https:\/\/mydrink.ee\/et\/wp-json\/wp\/v2\/product_cat?post=3417"},{"taxonomy":"product_tag","embeddable":true,"href":"https:\/\/mydrink.ee\/et\/wp-json\/wp\/v2\/product_tag?post=3417"}],"curies":[{"name":"wp","href":"https:\/\/api.w.org\/{rel}","templated":true}]}}