{"id":3569,"date":"2016-06-29T05:58:09","date_gmt":"2016-06-29T02:58:09","guid":{"rendered":"https:\/\/mydrink.ee\/product\/evan-williams-white-whiskey-50-70cl\/"},"modified":"2025-11-21T14:02:52","modified_gmt":"2025-11-21T12:02:52","slug":"evan-williams-white-whiskey-50-70cl","status":"publish","type":"product","link":"https:\/\/mydrink.ee\/et\/product\/evan-williams-white-whiskey-50-70cl\/","title":{"rendered":"EVAN WILLIAMS WHITE WHISKEY 50% 70CL"},"content":{"rendered":"<div class=\"main-wrap-helper clear\">\n<div class=\"main-content-section\">\n<div class=\"product-details-section\">\n<div class=\"product-details-article\">\n<div class=\"grid\">\n<div class=\"col-7-10\">\n<div class=\"product-details-desc\">\n<p>Ameerika \u00dchendriikide kongress v\u00f5ttis vastu otsuse 1897 aastal kontrollida viskide kvaliteeti riigi poolt, et kaitsta viski tarbijaid. Selleks anti viskidele sertifikaat ja neid viskisid hakati nimetama <em>Bottled in Bond<\/em> viskiks. See viski peab vastama n\u00f5uetele:<\/p>\n<ul>\n<li><em>Bottled in Bond<\/em> bourboonviskiks kutsutakse viskisid, mis on valmistatud \u00fche destilleerimiskoja poolt (see on sarnane \u0160oti \u00fchelinnaseviskide tootmisele).<\/li>\n<li>Peab laagerduma Ameerika \u00dchendriikide kontrolli all olevas tollilaos v\u00e4hemalt 4 aastat.<\/li>\n<li>Peab olema kangusega 50% (e <em>100 proof<\/em>).<\/li>\n<\/ul>\n<\/div>\n<\/div>\n<\/div>\n<\/div>\n<\/div>\n<\/div>\n<\/div>\n","protected":false},"excerpt":{"rendered":"<p>Tooteliik: Whiskey<br \/>\nP\u00e4ritolumaa: Ameerika \u00dchendriigid<br \/>\nPiirkond: Kentucky<br \/>\nAlkoholisisaldus: 50%<br \/>\nV\u00e4rvus: S\u00e4rav kuldne.<br \/>\nAroom: Magus vanilje, tamm ja oder.<br \/>\nMaitse: Tsitrused milles vihje vaniljele ja mustale piprale. J\u00e4relmaitse soe, pikk ja kuiv.<br \/>\nToidusoovitus: Sobib tarbimiseks puhtalt j\u00e4\u00e4ga ning kokteilides.<br \/>\nMaht: 70cl<br \/>\nKogus kastis: 12 <\/p>\n","protected":false},"featured_media":3568,"template":"","meta":{"_acf_changed":false,"_kadence_starter_templates_imported_post":false,"_kad_post_transparent":"","_kad_post_title":"","_kad_post_layout":"","_kad_post_sidebar_id":"","_kad_post_content_style":"","_kad_post_vertical_padding":"","_kad_post_feature":"","_kad_post_feature_position":"","_kad_post_header":false,"_kad_post_footer":false},"product_brand":[],"product_cat":[45,26],"product_tag":[],"class_list":{"0":"post-3569","1":"product","2":"type-product","3":"status-publish","4":"has-post-thumbnail","6":"product_cat-viski","7":"product_cat-kange-alkohol","9":"first","10":"instock","11":"taxable","12":"shipping-taxable","13":"purchasable","14":"product-type-simple","15":"entry","16":"content-bg","17":"loop-entry"},"acf":[],"_links":{"self":[{"href":"https:\/\/mydrink.ee\/et\/wp-json\/wp\/v2\/product\/3569","targetHints":{"allow":["GET"]}}],"collection":[{"href":"https:\/\/mydrink.ee\/et\/wp-json\/wp\/v2\/product"}],"about":[{"href":"https:\/\/mydrink.ee\/et\/wp-json\/wp\/v2\/types\/product"}],"wp:featuredmedia":[{"embeddable":true,"href":"https:\/\/mydrink.ee\/et\/wp-json\/wp\/v2\/media\/3568"}],"wp:attachment":[{"href":"https:\/\/mydrink.ee\/et\/wp-json\/wp\/v2\/media?parent=3569"}],"wp:term":[{"taxonomy":"product_brand","embeddable":true,"href":"https:\/\/mydrink.ee\/et\/wp-json\/wp\/v2\/product_brand?post=3569"},{"taxonomy":"product_cat","embeddable":true,"href":"https:\/\/mydrink.ee\/et\/wp-json\/wp\/v2\/product_cat?post=3569"},{"taxonomy":"product_tag","embeddable":true,"href":"https:\/\/mydrink.ee\/et\/wp-json\/wp\/v2\/product_tag?post=3569"}],"curies":[{"name":"wp","href":"https:\/\/api.w.org\/{rel}","templated":true}]}}