{"id":3593,"date":"2016-08-10T22:47:59","date_gmt":"2016-08-10T19:47:59","guid":{"rendered":"https:\/\/mydrink.ee\/product\/wente-southern-hills-cabernet-sauvignon-13-13-5-75cl\/"},"modified":"2016-08-10T22:47:59","modified_gmt":"2016-08-10T19:47:59","slug":"wente-southern-hills-cabernet-sauvignon-13-13-5-75cl","status":"publish","type":"product","link":"https:\/\/mydrink.ee\/et\/product\/wente-southern-hills-cabernet-sauvignon-13-13-5-75cl\/","title":{"rendered":"WENTE SOUTHERN HILLS CABERNET SAUVIGNON`16 13,5% 75CL"},"content":{"rendered":"<div class=\"main-wrap-helper clear\">\n<div class=\"main-content-section\">\n<div class=\"product-details-section\">\n<div class=\"product-details-article\">\n<div class=\"grid\">\n<div class=\"col-7-10\">\n<div class=\"product-details-desc\">\n<h2>Kirjeldus<\/h2>\n<p>Livermore Valley AVA omab ideaalseid kasvutingimusi viinamarjade kasvatamiseks: soojad p\u00e4evad, jahedad \u00f6\u00f6d, kasvutingimusi m\u00f5jutavad hommikune udu ja jahedad tuuled Vaikselt Ookeanilt ja San Francisco lahelt. Southern Hills Cabernet Sauvignon viinamarjade istikud p\u00e4rinevad 19 saj. Bordeaux aladelt, viinapuude aiad paiknevad Livermore Valley orus ja l\u00f5unapoolsetel m\u00e4en\u00f5lvadel.<\/p>\n<p>K\u00f5ik sordid on fermenteeritud eraldi terasvaatides, 2 korda p\u00e4evas toimub vaatide \u00fcmberpumpamine, et maksimeerida veinis marjasust. Veinist on arendatud terasvaadis ja 14 kuud Prantsuse-, Ameerika ja Ida-Euroopa tammevaatides.<\/p>\n<p>Tootja:\u00a0Wente Vineyards<\/p>\n<p><em>Wente Vineyards on rajatud 1883. a ja on siiani vanim, j\u00e4rjepidevalt veini valmistanud ning perekonna valduses olev veinimaja Kalifornias. T\u00e4nap\u00e4eval juhib veinimaja tegevust Wente perekonna 5. generatsioon ja veinimeistriks on Karl D. Wente. Veinimaja paikneb Kalifornias, San Francisco\u00b4st idas Livermore Valley\u00b4s ja omab v\u00e4ikeseid veiniaedu Arroyo Seco AVA-s Monterey County\u00b4s. Ernest Wente muretses Montpellieri \u00fclikooli viinapuude puukoolist p\u00e4rineva Chardonnay marjasordi, mida t\u00e4nap\u00e4eval nimetatakse \u201eWente Clone\u201c Chardonnay\u00b4ks ja mida kasvatatakse t\u00e4nap\u00e4eval \u00fcle 80% Kalifornia veiniaedades.Veinimaja arendab ja kasvatab Sauvignon Blanc viinamarja v\u00e4\u00e4te, mille istikud on toodud 1880-ndatel Chateau d\u00b4Yguem, Bordeaux veinim\u00f5isast. Samuti Wente Cabernet Sauvignon v\u00e4\u00e4did p\u00e4rinevad Chateau Margaux, Bordeaux veinim\u00f5isast. Wente Family Wines esindusveinideks on \u201eSmall Lot\u201c ja \u201eNth Degree\u201c sarja veinid, mis korjatakse v\u00e4ikestest<\/em><\/p>\n<\/div>\n<\/div>\n<\/div>\n<\/div>\n<\/div>\n<\/div>\n<\/div>\n","protected":false},"excerpt":{"rendered":"<p>Tooteliik: Geograafilise t\u00e4hisega vein<br \/>\nP\u00e4ritolumaa: Ameerika \u00dchendriigid<br \/>\nPiirkond: Kalifornia, Livermore Valley AVA<br \/>\nViinamarjasort: 76% Cabernet Sauvignon, 12% Petite Sirah, 6% Petit Verdot, 5% Malbec, 1% Cabernet Franc<br \/>\nV\u00e4rvus: Tumepunane.<br \/>\nAroom: Aroomis on tunda k\u00fcpseid musti marju, musts\u00f5start, p\u00f5ldmarju, musta ploomi, \u00fcrdisust, \u0161okolaadi, kohvi ja vaniljesust.<br \/>\nMaitse: Keskmise t\u00e4idlusega, kuiv ja heas tasakaalus. Tunda on k\u00fcpseid musts\u00f5straid, p\u00f5ldmarju, marjatanniine, musta pipart. J\u00e4relmaitse on marjaselt v\u00fcrtsikas.<br \/>\nToidusoovitus: Grillitud, praetud sealiha, ulukliliha, marja-ja punaveini kastmed, k\u00fcpsed juustud. <\/p>\n","protected":false},"featured_media":3592,"template":"","meta":{"_acf_changed":false,"_kadence_starter_templates_imported_post":false,"_kad_post_transparent":"","_kad_post_title":"","_kad_post_layout":"","_kad_post_sidebar_id":"","_kad_post_content_style":"","_kad_post_vertical_padding":"","_kad_post_feature":"","_kad_post_feature_position":"","_kad_post_header":false,"_kad_post_footer":false},"product_brand":[],"product_cat":[20,180,35],"product_tag":[],"class_list":{"0":"post-3593","1":"product","2":"type-product","3":"status-publish","4":"has-post-thumbnail","6":"product_cat-punased-veinid","7":"product_cat-veinid","8":"product_cat-usa","10":"first","11":"instock","12":"taxable","13":"shipping-taxable","14":"purchasable","15":"product-type-simple","16":"entry","17":"content-bg","18":"loop-entry"},"acf":[],"_links":{"self":[{"href":"https:\/\/mydrink.ee\/et\/wp-json\/wp\/v2\/product\/3593","targetHints":{"allow":["GET"]}}],"collection":[{"href":"https:\/\/mydrink.ee\/et\/wp-json\/wp\/v2\/product"}],"about":[{"href":"https:\/\/mydrink.ee\/et\/wp-json\/wp\/v2\/types\/product"}],"wp:featuredmedia":[{"embeddable":true,"href":"https:\/\/mydrink.ee\/et\/wp-json\/wp\/v2\/media\/3592"}],"wp:attachment":[{"href":"https:\/\/mydrink.ee\/et\/wp-json\/wp\/v2\/media?parent=3593"}],"wp:term":[{"taxonomy":"product_brand","embeddable":true,"href":"https:\/\/mydrink.ee\/et\/wp-json\/wp\/v2\/product_brand?post=3593"},{"taxonomy":"product_cat","embeddable":true,"href":"https:\/\/mydrink.ee\/et\/wp-json\/wp\/v2\/product_cat?post=3593"},{"taxonomy":"product_tag","embeddable":true,"href":"https:\/\/mydrink.ee\/et\/wp-json\/wp\/v2\/product_tag?post=3593"}],"curies":[{"name":"wp","href":"https:\/\/api.w.org\/{rel}","templated":true}]}}