{"id":3599,"date":"2016-08-10T22:48:02","date_gmt":"2016-08-10T19:48:02","guid":{"rendered":"https:\/\/mydrink.ee\/product\/wente-charles-wetmore-cabernet-sauvignon-13-14-5-75cl\/"},"modified":"2016-08-10T22:48:02","modified_gmt":"2016-08-10T19:48:02","slug":"wente-charles-wetmore-cabernet-sauvignon-13-14-5-75cl","status":"publish","type":"product","link":"https:\/\/mydrink.ee\/et\/product\/wente-charles-wetmore-cabernet-sauvignon-13-14-5-75cl\/","title":{"rendered":"WENTE CHARLES WETMORE CABERNET SAUVIGNON`13 14,5% 75CL"},"content":{"rendered":"<div class=\"main-wrap-helper clear\">\n<div class=\"main-content-section\">\n<div class=\"product-details-section\">\n<div class=\"product-details-article\">\n<div class=\"grid\">\n<div class=\"col-7-10\">\n<div class=\"product-details-desc\">\n<h2>Kirjeldus<\/h2>\n<p>Livermore Valley AVA omab ideaalseid kasvutingimusi viinamarjade kasvatamiseks: soojad p\u00e4evad, jahedad \u00f6\u00f6d, kasvutingimusi m\u00f5jutavad hommikune udu ja jahedad tuuled Vaikselt Ookeanilt ja San Francisco lahelt. Charles Wetmore Cab.Sauv. viinapuu aedade pinnas on mitmekesine, savimullad m\u00e4en\u00f5lvadel ja s\u00f5merjas uhtepinnas orgudes mis tagab marjadele parimad kasvutingimused.<\/p>\n<p>Tootja: Wente Vineyards<\/p>\n<p><em>Wente Vineyards on rajatud 1883. a ja on siiani vanim, j\u00e4rjepidevalt veini valmistanud ning perekonna valduses olev veinimaja Kalifornias. T\u00e4nap\u00e4eval juhib veinimaja tegevust Wente perekonna 5. generatsioon ja veinimeistriks on Karl D. Wente. Veinimaja paikneb Kalifornias, San Francisco\u00b4st idas Livermore Valley\u00b4s ja omab v\u00e4ikeseid veiniaedu Arroyo Seco AVA-s Monterey County\u00b4s. Ernest Wente muretses Montpellieri \u00fclikooli viinapuude puukoolist p\u00e4rineva Chardonnay marjasordi, mida t\u00e4nap\u00e4eval nimetatakse \u201eWente Clone\u201c Chardonnay\u00b4ks ja mida kasvatatakse t\u00e4nap\u00e4eval \u00fcle 80% Kalifornia veiniaedades.Veinimaja arendab ja kasvatab Sauvignon Blanc viinamarja v\u00e4\u00e4te, mille istikud on toodud 1880-ndatel Chateau d\u00b4Yguem, Bordeaux veinim\u00f5isast. Samuti Wente Cabernet Sauvignon v\u00e4\u00e4did p\u00e4rinevad Chateau Margaux, Bordeaux veinim\u00f5isast. Wente Family Wines esindusveinideks on \u201eSmall Lot\u201c ja \u201eNth Degree\u201c sarja veinid, mis korjatakse v\u00e4ikestest, piiritletud saagikusega veiniaedadest Arroyo Seco AVA-s.<\/em><\/p>\n<\/div>\n<\/div>\n<\/div>\n<\/div>\n<\/div>\n<\/div>\n<\/div>\n","protected":false},"excerpt":{"rendered":"<p>Tooteliik: Geograafilise t\u00e4hisega vein<br \/>\nP\u00e4ritolumaa: Ameerika \u00dchendriigid<br \/>\nPiirkond: Kalifornia, Livermore Valley AVA<br \/>\nViinamarjasort: 77% Cabernet Sauvigon,10% Petite Sirah, 6% Petit Verdot, 7% Merlot<br \/>\nV\u00e4rvus: Tumepunane.<br \/>\nAroom: Aroomis on tunda k\u00fcpseid musti marju, musts\u00f5star, mustad ploomid, kirsid, kuivatatud \u00fcrte, m\u00f5ru\u0161okolaadi, tubakat, kohviube ja v\u00fcrtse.<br \/>\nMaitse: Kuiv, keskmise t\u00e4idlusega, tihe ja struktuurne. Tunda k\u00fcpseid musts\u00f5straid, musti ploome, tumedat \u0161okolaadi ja musta pipart. J\u00e4relmaitse on pikk ja t\u00e4idlaselt pargine koos musts\u00f5stra marjasusega.<br \/>\nToidusoovitus: Grillitud ja r\u00f6stitud liharoad, ulukiliha, lambaliha, marja- ja punaveini kastmed, k\u00fcpsed juustud.<br \/>\nServeerimistemperatuur: 15-17\u00b0C klassikalisest Bordeaux t\u00fc\u00fcpi veiniklaasist.<br \/>\nSaadaolevad m\u00f5\u00f5dud: 75 cl <\/p>\n","protected":false},"featured_media":3598,"template":"","meta":{"_acf_changed":false,"_kadence_starter_templates_imported_post":false,"_kad_post_transparent":"","_kad_post_title":"","_kad_post_layout":"","_kad_post_sidebar_id":"","_kad_post_content_style":"","_kad_post_vertical_padding":"","_kad_post_feature":"","_kad_post_feature_position":"","_kad_post_header":false,"_kad_post_footer":false},"product_brand":[],"product_cat":[20,180,35],"product_tag":[],"class_list":{"0":"post-3599","1":"product","2":"type-product","3":"status-publish","4":"has-post-thumbnail","6":"product_cat-punased-veinid","7":"product_cat-veinid","8":"product_cat-usa","10":"first","11":"instock","12":"taxable","13":"shipping-taxable","14":"purchasable","15":"product-type-simple","16":"entry","17":"content-bg","18":"loop-entry"},"acf":[],"_links":{"self":[{"href":"https:\/\/mydrink.ee\/et\/wp-json\/wp\/v2\/product\/3599","targetHints":{"allow":["GET"]}}],"collection":[{"href":"https:\/\/mydrink.ee\/et\/wp-json\/wp\/v2\/product"}],"about":[{"href":"https:\/\/mydrink.ee\/et\/wp-json\/wp\/v2\/types\/product"}],"wp:featuredmedia":[{"embeddable":true,"href":"https:\/\/mydrink.ee\/et\/wp-json\/wp\/v2\/media\/3598"}],"wp:attachment":[{"href":"https:\/\/mydrink.ee\/et\/wp-json\/wp\/v2\/media?parent=3599"}],"wp:term":[{"taxonomy":"product_brand","embeddable":true,"href":"https:\/\/mydrink.ee\/et\/wp-json\/wp\/v2\/product_brand?post=3599"},{"taxonomy":"product_cat","embeddable":true,"href":"https:\/\/mydrink.ee\/et\/wp-json\/wp\/v2\/product_cat?post=3599"},{"taxonomy":"product_tag","embeddable":true,"href":"https:\/\/mydrink.ee\/et\/wp-json\/wp\/v2\/product_tag?post=3599"}],"curies":[{"name":"wp","href":"https:\/\/api.w.org\/{rel}","templated":true}]}}