{"id":3601,"date":"2016-08-10T22:48:02","date_gmt":"2016-08-10T19:48:02","guid":{"rendered":"https:\/\/mydrink.ee\/product\/wente-riva-ranch-pinot-noir-14-14-5-75cl\/"},"modified":"2016-08-10T22:48:02","modified_gmt":"2016-08-10T19:48:02","slug":"wente-riva-ranch-pinot-noir-14-14-5-75cl","status":"publish","type":"product","link":"https:\/\/mydrink.ee\/et\/product\/wente-riva-ranch-pinot-noir-14-14-5-75cl\/","title":{"rendered":"WENTE RIVA RANCH PINOT NOIR`14 14,5% 75CL"},"content":{"rendered":"<div class=\"main-wrap-helper clear\">\n<div class=\"main-content-section\">\n<div class=\"product-details-section\">\n<div class=\"product-details-article\">\n<div class=\"grid\">\n<div class=\"col-7-10\">\n<div class=\"product-details-desc\">\n<h2>Kirjeldus<\/h2>\n<p>Riva Ranch Chardonnay viinapuuaed paikneb Wente perekonna valdustes, Arroyo Seco\u00b4s. Kliima on jahe, pinnas on kruusane, mis tagab Chardonnay marjade parima k\u00fcpsusastme ja tasakaalu happesuse\/j\u00e4\u00e4ksuhkru vahel. Toimub kontrollitud temperatuuriga fermentatsioon terasvaatides, 90% veinist areneb\u00a0 10 kuud p\u00e4rmisademel tammevaadis, millest 60% on uued ja 40% on teist korda kasutatud Prantsuse-ja Ameerika tammevaadid. 10% veinist areneb terasvaadis.100% veinist on l\u00e4binud malolaktilise fermentatsiooni.<\/p>\n<p>Tootja:\u00a0Wente Vineyards<\/p>\n<p><em>Wente Vineyards on rajatud 1883. a ja on siiani vanim, j\u00e4rjepidevalt veini valmistanud ning perekonna valduses olev veinimaja Kalifornias. T\u00e4nap\u00e4eval juhib veinimaja tegevust Wente perekonna 5. generatsioon ja veinimeistriks on Karl D. Wente. Veinimaja paikneb Kalifornias, San Francisco\u00b4st idas Livermore Valley\u00b4s ja omab v\u00e4ikeseid veiniaedu Arroyo Seco AVA-s Monterey County\u00b4s. Ernest Wente muretses Montpellieri \u00fclikooli viinapuude puukoolist p\u00e4rineva Chardonnay marjasordi, mida t\u00e4nap\u00e4eval nimetatakse \u201eWente Clone\u201c Chardonnay\u00b4ks ja mida kasvatatakse t\u00e4nap\u00e4eval \u00fcle 80% Kalifornia veiniaedades.Veinimaja arendab ja kasvatab Sauvignon Blanc viinamarja v\u00e4\u00e4te, mille istikud on toodud 1880-ndatel Chateau d\u00b4Yguem, Bordeaux veinim\u00f5isast. Samuti Wente Cabernet Sauvignon v\u00e4\u00e4did p\u00e4rinevad Chateau Margaux, Bordeaux veinim\u00f5isast. Wente Family Wines esindusveinideks on \u201eSmall Lot\u201c ja \u201eNth Degree\u201c sarja veinid, mis korjatakse v\u00e4ikestest, piiritletud saagikusega veiniaedadest Arroyo Seco AVA-s.<\/em><\/p>\n<\/div>\n<\/div>\n<\/div>\n<\/div>\n<\/div>\n<\/div>\n<\/div>\n","protected":false},"excerpt":{"rendered":"<p>Tooteliik: Geograafilise t\u00e4hisega vein<br \/>\nP\u00e4ritolumaa: Ameerika \u00dchendriigid<br \/>\nPiirkond: Kalifornia, Monterey County, Arroyo Seco AVA<br \/>\nViinamarjasort: 98% Chardonnay, 2% Gew\u00fcrztraminer<br \/>\nV\u00e4rvus: Kuldkollane, kirgas.<br \/>\nAroom: Aroomis on tunda k\u00fcpseid puuvilju, kollaseid \u00f5unu, v\u00f5isust, r\u00f6stitud mandleid, \u00fcrdisust ja tsitruselisi.<br \/>\nMaitse: Keskmise t\u00e4idlusega, kuiv, k\u00fcpselt puuviljase iseloomuga. Tunda ahju\u00f5unu, mangot, ananassi, kollaseid ploome, sidrunikoore m\u00f5rkjust. J\u00e4relmaitse on pikk, t\u00e4idlaselt mineraalne ja erksa tsitruselise happesusega.<br \/>\nToidusoovitus: Grillitud ja r\u00f6stitud kalaroad, k\u00fcpsetatud linnulihatoidud, metslinnud, kooresed heledad kastmed, pehmed juustud.<br \/>\nServeerimistemperatuur: Jahutatult 9-11\u00b0C Burgundia t\u00fc\u00fcpi veiniklaasist.<br \/>\nSaadaolevad m\u00f5\u00f5dud: 75 cl <\/p>\n","protected":false},"featured_media":3600,"template":"","meta":{"_acf_changed":false,"_kadence_starter_templates_imported_post":false,"_kad_post_transparent":"","_kad_post_title":"","_kad_post_layout":"","_kad_post_sidebar_id":"","_kad_post_content_style":"","_kad_post_vertical_padding":"","_kad_post_feature":"","_kad_post_feature_position":"","_kad_post_header":false,"_kad_post_footer":false},"product_brand":[],"product_cat":[20,180,35],"product_tag":[],"class_list":{"0":"post-3601","1":"product","2":"type-product","3":"status-publish","4":"has-post-thumbnail","6":"product_cat-punased-veinid","7":"product_cat-veinid","8":"product_cat-usa","10":"first","11":"instock","12":"taxable","13":"shipping-taxable","14":"purchasable","15":"product-type-simple","16":"entry","17":"content-bg","18":"loop-entry"},"acf":[],"_links":{"self":[{"href":"https:\/\/mydrink.ee\/et\/wp-json\/wp\/v2\/product\/3601","targetHints":{"allow":["GET"]}}],"collection":[{"href":"https:\/\/mydrink.ee\/et\/wp-json\/wp\/v2\/product"}],"about":[{"href":"https:\/\/mydrink.ee\/et\/wp-json\/wp\/v2\/types\/product"}],"wp:featuredmedia":[{"embeddable":true,"href":"https:\/\/mydrink.ee\/et\/wp-json\/wp\/v2\/media\/3600"}],"wp:attachment":[{"href":"https:\/\/mydrink.ee\/et\/wp-json\/wp\/v2\/media?parent=3601"}],"wp:term":[{"taxonomy":"product_brand","embeddable":true,"href":"https:\/\/mydrink.ee\/et\/wp-json\/wp\/v2\/product_brand?post=3601"},{"taxonomy":"product_cat","embeddable":true,"href":"https:\/\/mydrink.ee\/et\/wp-json\/wp\/v2\/product_cat?post=3601"},{"taxonomy":"product_tag","embeddable":true,"href":"https:\/\/mydrink.ee\/et\/wp-json\/wp\/v2\/product_tag?post=3601"}],"curies":[{"name":"wp","href":"https:\/\/api.w.org\/{rel}","templated":true}]}}