{"id":3609,"date":"2016-08-10T23:28:02","date_gmt":"2016-08-10T20:28:02","guid":{"rendered":"https:\/\/mydrink.ee\/product\/wente-riva-ranch-chardonnay-14-14-5-75cl\/"},"modified":"2016-08-10T23:28:02","modified_gmt":"2016-08-10T20:28:02","slug":"wente-riva-ranch-chardonnay-14-14-5-75cl","status":"publish","type":"product","link":"https:\/\/mydrink.ee\/et\/product\/wente-riva-ranch-chardonnay-14-14-5-75cl\/","title":{"rendered":"WENTE RIVA RANCH CHARDONNAY`14 14,5% 75CL"},"content":{"rendered":"","protected":false},"excerpt":{"rendered":"<p>Tooteliik: Geograafilise t\u00e4hisega vein<br \/>\nP\u00e4ritolumaa: Ameerika \u00dchendriigid<br \/>\nPiirkond: Kalifornia, Monterey County, Arroyo Seco AVA<br \/>\nViinamarjasort: 98% Chardonnay, 2% Gew\u00fcrztraminer<br \/>\nV\u00e4rvus: Kuldkollane, kirgas.<br \/>\nAroom: Aroomis on tunda k\u00fcpseid puuvilju, kollaseid \u00f5unu, v\u00f5isust, r\u00f6stitud mandleid, \u00fcrdisust ja tsitruselisi.<br \/>\nMaitse: Keskmise t\u00e4idlusega, kuiv, k\u00fcpselt puuviljase iseloomuga. Tunda ahju\u00f5unu, mangot, ananassi, kollaseid ploome, sidrunikoore m\u00f5rkjust. J\u00e4relmaitse on pikk, t\u00e4idlaselt mineraalne ja erksa tsitruselise happesusega.<br \/>\nToidusoovitus: Grillitud ja r\u00f6stitud kalaroad, k\u00fcpsetatud linnulihatoidud, metslinnud, kooresed heledad kastmed, pehmed juustud.<br \/>\nServeerimistemperatuur: Jahutatult 9-11\u00b0C Burgundia t\u00fc\u00fcpi veiniklaasist.<br \/>\nSaadaolevad m\u00f5\u00f5dud: 75 cl <\/p>\n","protected":false},"featured_media":3608,"template":"","meta":{"_acf_changed":false,"_kadence_starter_templates_imported_post":false,"_kad_post_transparent":"","_kad_post_title":"","_kad_post_layout":"","_kad_post_sidebar_id":"","_kad_post_content_style":"","_kad_post_vertical_padding":"","_kad_post_feature":"","_kad_post_feature_position":"","_kad_post_header":false,"_kad_post_footer":false},"product_brand":[],"product_cat":[21,180,60],"product_tag":[],"class_list":{"0":"post-3609","1":"product","2":"type-product","3":"status-publish","4":"has-post-thumbnail","6":"product_cat-valged-veinid","7":"product_cat-veinid","8":"product_cat-usa-1","10":"first","11":"instock","12":"taxable","13":"shipping-taxable","14":"purchasable","15":"product-type-simple","16":"entry","17":"content-bg","18":"loop-entry"},"acf":[],"_links":{"self":[{"href":"https:\/\/mydrink.ee\/et\/wp-json\/wp\/v2\/product\/3609","targetHints":{"allow":["GET"]}}],"collection":[{"href":"https:\/\/mydrink.ee\/et\/wp-json\/wp\/v2\/product"}],"about":[{"href":"https:\/\/mydrink.ee\/et\/wp-json\/wp\/v2\/types\/product"}],"wp:featuredmedia":[{"embeddable":true,"href":"https:\/\/mydrink.ee\/et\/wp-json\/wp\/v2\/media\/3608"}],"wp:attachment":[{"href":"https:\/\/mydrink.ee\/et\/wp-json\/wp\/v2\/media?parent=3609"}],"wp:term":[{"taxonomy":"product_brand","embeddable":true,"href":"https:\/\/mydrink.ee\/et\/wp-json\/wp\/v2\/product_brand?post=3609"},{"taxonomy":"product_cat","embeddable":true,"href":"https:\/\/mydrink.ee\/et\/wp-json\/wp\/v2\/product_cat?post=3609"},{"taxonomy":"product_tag","embeddable":true,"href":"https:\/\/mydrink.ee\/et\/wp-json\/wp\/v2\/product_tag?post=3609"}],"curies":[{"name":"wp","href":"https:\/\/api.w.org\/{rel}","templated":true}]}}