{"id":3647,"date":"2016-11-05T16:01:15","date_gmt":"2016-11-05T14:01:15","guid":{"rendered":"https:\/\/mydrink.ee\/product\/maxime-trijol-grande-champagne-ancestral-40-70cl-kinkekarbis\/"},"modified":"2025-11-21T14:22:05","modified_gmt":"2025-11-21T12:22:05","slug":"maxime-trijol-grande-champagne-ancestral-40-70cl-kinkekarbis","status":"publish","type":"product","link":"https:\/\/mydrink.ee\/et\/product\/maxime-trijol-grande-champagne-ancestral-40-70cl-kinkekarbis\/","title":{"rendered":"Maxime Trijol Grande Champagne Ancestral 40% 70CL (kinkekarbis)"},"content":{"rendered":"<div id=\"main\">\n<div class=\"content group\">\n<div id=\"main\" class=\"span-24 last\">\n<div id=\"content\" class=\"span-18\">\n<div id=\"wlt-DealView\" class=\"worklet\">\n<div class=\"roundedBox\">\n<div class=\"borders l\">\n<div class=\"borders r\">\n<div class=\"boxContent\">\n<div class=\"worklet-content\">\n<div class=\"right\">\n<div class=\"setbullets\">\n<p><span style=\"font-family: 'arial', 'helvetica', sans-serif; font-size: small;\">Family Trijol on \u00fcks t\u00e4htsamaid iseseisvaid perekondi, kes on p\u00fchendunud konjakitootmisele juba 1859. aastast. Seega pole ime, et ka Teil on v\u00f5imalik nautida selle perekonna konjakivalikust koguni ligi 100aastaseid rariteete. Trijoli perekond on \u00fcks v\u00e4hestest umbes 5000 registreeritud konjakitootjast\/kaubam\u00e4rgist, kes toodab konjakit ise.<\/span><\/p>\n<p><span style=\"font-family: 'arial', 'helvetica', sans-serif; font-size: small;\">Konjakimaja, mille \u00fcmber laiuvad 63\u00a0hektaril oma viinapuud, asub konjakimaakonna s\u00fcdames Grande Champagne\u2019i ja Petite Champagne\u2019i piiril St.-Martial-sur-N\u00e9\u2019s. Omades tervelt kahtek\u00fcmmet kahte 2500-liitrist Charente\u2019i destillatsioonipada ja viitteistk\u00fcmmet laagerdumiskeldrit, on Trijol Distillery \u00fchtlasi ka \u00fcks suuremaid s\u00f5ltumatuid konjakitootjaid. Perefirmat juhib praegu Maxime Trijoli poeg Jean-Jacques Trijol, kes kuulub konjakimeistrite auv\u00e4\u00e4rsesse viiendasse p\u00f5lvkonda. Ka temas on soov kanda edasi perekonna kogemusi, kirge ja armastust pakkuda \u00fcksnes parimat kvaliteeti \u2013 p\u00f5him\u00f5te, mis on muutnud Maxime Trijoli konjaki \u00fcheks nauditavamaks t\u00e4nap\u00e4eval. Kvaliteediklassi j\u00e4rgi peab iga nende konjak pakkuma emotsioone elustava v\u00e4rvuse, rikkaliku aroomibuketi, j\u00e4rk-j\u00e4rgult avaneva ja vahelduva maitsepaleti ning pikalt nauditava j\u00e4relmaitse. Just neil omadustel on konjakigurmaanide seas v\u00e4ga k\u00f5rge renomee.<\/span><\/p>\n<p><span style=\"font-family: 'arial', 'helvetica', sans-serif; font-size: small;\">Viinamarjadest kasutab perefirma peamiselt Ugni Blanci. Ka sel puhul on p\u00f5hikriteeriumiks parima kvaliteedi saavutamine. Neljakordsele destilleerimisele eelneb veinide detailne ja p\u00f5hjalik anal\u00fc\u00fcs ehk mikrodestillatsioon. Samuti proovitakse igal hommikul eelmise p\u00e4eva destillatsioonipadadest saadud <em>eau-de-vie<\/em>\u2019sid. Family Trijol Distillery konjakid k\u00fcpsevad esmalt \u00fche aasta uutes ning seej\u00e4rel kasutatud Limousini tammevaatides \u2013 olenevalt sellest, milline konkreetne konjak on valmimas. K\u00f5ik see toimub viieteistk\u00fcmnes stabiilse temperatuuri- ja niiskusastmega keldris.<\/span><\/p>\n<p><span style=\"font-family: 'arial', 'helvetica', sans-serif; font-size: small;\">\u00a0<\/span><\/p>\n<\/div>\n<\/div>\n<\/div>\n<\/div>\n<\/div>\n<\/div>\n<\/div>\n<\/div>\n<\/div>\n<\/div>\n<\/div>\n<\/div>\n","protected":false},"excerpt":{"rendered":"<p>Liik: Kange alkohol, Konjak<br \/>\nKastis: 12<br \/>\nMaht: 70CL<br \/>\nAlkoholisisaldus: 40%<br \/>\nP\u00e4ritolumaa: Prantsusmaa<\/p>\n","protected":false},"featured_media":3646,"template":"","meta":{"_acf_changed":false,"_kadence_starter_templates_imported_post":false,"_kad_post_transparent":"","_kad_post_title":"","_kad_post_layout":"","_kad_post_sidebar_id":"","_kad_post_content_style":"","_kad_post_vertical_padding":"","_kad_post_feature":"","_kad_post_feature_position":"","_kad_post_header":false,"_kad_post_footer":false},"product_brand":[],"product_cat":[42,112,26,22],"product_tag":[],"class_list":{"0":"post-3647","1":"product","2":"type-product","3":"status-publish","4":"has-post-thumbnail","6":"product_cat-konjak","7":"product_cat-konjak-1","8":"product_cat-kange-alkohol","9":"product_cat-kingiideed","11":"first","12":"instock","13":"taxable","14":"shipping-taxable","15":"purchasable","16":"product-type-simple","17":"entry","18":"content-bg","19":"loop-entry"},"acf":[],"_links":{"self":[{"href":"https:\/\/mydrink.ee\/et\/wp-json\/wp\/v2\/product\/3647","targetHints":{"allow":["GET"]}}],"collection":[{"href":"https:\/\/mydrink.ee\/et\/wp-json\/wp\/v2\/product"}],"about":[{"href":"https:\/\/mydrink.ee\/et\/wp-json\/wp\/v2\/types\/product"}],"wp:featuredmedia":[{"embeddable":true,"href":"https:\/\/mydrink.ee\/et\/wp-json\/wp\/v2\/media\/3646"}],"wp:attachment":[{"href":"https:\/\/mydrink.ee\/et\/wp-json\/wp\/v2\/media?parent=3647"}],"wp:term":[{"taxonomy":"product_brand","embeddable":true,"href":"https:\/\/mydrink.ee\/et\/wp-json\/wp\/v2\/product_brand?post=3647"},{"taxonomy":"product_cat","embeddable":true,"href":"https:\/\/mydrink.ee\/et\/wp-json\/wp\/v2\/product_cat?post=3647"},{"taxonomy":"product_tag","embeddable":true,"href":"https:\/\/mydrink.ee\/et\/wp-json\/wp\/v2\/product_tag?post=3647"}],"curies":[{"name":"wp","href":"https:\/\/api.w.org\/{rel}","templated":true}]}}