{"id":3653,"date":"2016-12-08T01:36:44","date_gmt":"2016-12-07T23:36:44","guid":{"rendered":"https:\/\/mydrink.ee\/product\/molino-a-vento-bio-nerod-avola-15-12-5-75cl\/"},"modified":"2016-12-08T01:36:44","modified_gmt":"2016-12-07T23:36:44","slug":"molino-a-vento-bio-nerod-avola-15-12-5-75cl","status":"publish","type":"product","link":"https:\/\/mydrink.ee\/et\/product\/molino-a-vento-bio-nerod-avola-15-12-5-75cl\/","title":{"rendered":"MOLINO A VENTO BIO NEROD\u00b4AVOLA\u00b418 13% 75CL"},"content":{"rendered":"<div class=\"main-wrap-helper clear\">\n<div class=\"main-content-section\">\n<div class=\"product-details-section\">\n<div class=\"product-details-article\">\n<div class=\"grid\">\n<div class=\"col-7-10\">\n<div class=\"product-details-desc\">\n<div class=\"main-wrap-helper clear\">\n<div class=\"main-content-section\">\n<div class=\"product-details-section\">\n<div class=\"product-details-article\">\n<div class=\"grid\">\n<div class=\"col-7-10\">\n<div class=\"product-details-desc\">\n<p>Viinamarjad on kasvatatud orgaaniliselt (Reg. 834\/07) Gibellina oru p\u00f5ldudel, kus p\u00f5ldude v\u00e4etamisel kasutatakse naturaalseid segus\u00f5nnikuid ja umbrohu t\u00f5rje toimib k\u00e4sitsi k\u00f5plamise teel. Viinamarjad korjatakse k\u00e4sitsi v\u00e4ikestesse kastidesse, pressitakse, kasutatakse valitud p\u00e4rmi (GMO vaba), fermentatsioon toimub 10-12 p\u00e4eva temperatuuril 24-30\u00b0C. Vein laagerdub terasvaadis ja osaliselt tammevaadis ning veini valmistamisel on kasutatud sulfiteid minimaalselt, mis on 2-3 korda v\u00e4hem kui tavaveinides.<\/p>\n<p>Arengupotentsiaal: 4-6 aastat alates korjeaastast.<\/p>\n<\/div>\n<\/div>\n<\/div>\n<\/div>\n<\/div>\n<\/div>\n<\/div>\n<\/div>\n<\/div>\n<\/div>\n<\/div>\n<\/div>\n<\/div>\n<\/div>\n","protected":false},"excerpt":{"rendered":"<p>Tooteliik: Kaitstud geograafilise t\u00e4hisega vein<br \/>\nMaht: 75CL<br \/>\nP\u00e4ritolumaa: Itaalia<br \/>\nPiirkond: Sitsiilia, Gibellina<br \/>\nViinamarjasort: 100% Nero d\u00b4Avola<br \/>\nV\u00e4rvus: V\u00e4rvus on rubiinpunane, violetse alatooniga.<br \/>\nAroom: Aroomis on tunda musti luuvilju ja marju, mureleid, kirsse, vaarikaid.<br \/>\nMaitse: Maitse on kuiv, keskmise t\u00e4idlusega, marjane, tunda k\u00fcpsenud kirsse, p\u00f5ldmarju, vaarikaid, marjaparki, v\u00fcrtse. J\u00e4relamaitse on sametiselt marjane.<br \/>\nToidusoovitus: Grillitud lihatoidud, pasta, punaveini-marjakastmed, keskmiselt laagerdunud juustud.<br \/>\nServeerimistemperatuur: jahutatult 14-16\u00b0C Bordeaux t\u00fc\u00fcpi veiniklaasist.<\/p>\n","protected":false},"featured_media":3652,"template":"","meta":{"_acf_changed":false,"_kadence_starter_templates_imported_post":false,"_kad_post_transparent":"","_kad_post_title":"","_kad_post_layout":"","_kad_post_sidebar_id":"","_kad_post_content_style":"","_kad_post_vertical_padding":"","_kad_post_feature":"","_kad_post_feature_position":"","_kad_post_header":false,"_kad_post_footer":false},"product_brand":[],"product_cat":[20,180,30],"product_tag":[],"class_list":{"0":"post-3653","1":"product","2":"type-product","3":"status-publish","4":"has-post-thumbnail","6":"product_cat-punased-veinid","7":"product_cat-veinid","8":"product_cat-itaalia","10":"first","11":"instock","12":"taxable","13":"shipping-taxable","14":"purchasable","15":"product-type-simple","16":"entry","17":"content-bg","18":"loop-entry"},"acf":[],"_links":{"self":[{"href":"https:\/\/mydrink.ee\/et\/wp-json\/wp\/v2\/product\/3653","targetHints":{"allow":["GET"]}}],"collection":[{"href":"https:\/\/mydrink.ee\/et\/wp-json\/wp\/v2\/product"}],"about":[{"href":"https:\/\/mydrink.ee\/et\/wp-json\/wp\/v2\/types\/product"}],"wp:featuredmedia":[{"embeddable":true,"href":"https:\/\/mydrink.ee\/et\/wp-json\/wp\/v2\/media\/3652"}],"wp:attachment":[{"href":"https:\/\/mydrink.ee\/et\/wp-json\/wp\/v2\/media?parent=3653"}],"wp:term":[{"taxonomy":"product_brand","embeddable":true,"href":"https:\/\/mydrink.ee\/et\/wp-json\/wp\/v2\/product_brand?post=3653"},{"taxonomy":"product_cat","embeddable":true,"href":"https:\/\/mydrink.ee\/et\/wp-json\/wp\/v2\/product_cat?post=3653"},{"taxonomy":"product_tag","embeddable":true,"href":"https:\/\/mydrink.ee\/et\/wp-json\/wp\/v2\/product_tag?post=3653"}],"curies":[{"name":"wp","href":"https:\/\/api.w.org\/{rel}","templated":true}]}}