{"id":3663,"date":"2016-12-08T01:43:01","date_gmt":"2016-12-07T23:43:01","guid":{"rendered":"https:\/\/mydrink.ee\/product\/molino-a-vento-bio-grillo-21-13-75cl\/"},"modified":"2016-12-08T01:43:01","modified_gmt":"2016-12-07T23:43:01","slug":"molino-a-vento-bio-grillo-21-13-75cl","status":"publish","type":"product","link":"https:\/\/mydrink.ee\/et\/product\/molino-a-vento-bio-grillo-21-13-75cl\/","title":{"rendered":"MOLINO A VENTO BIO GRILLO \u00b421 13% 75CL"},"content":{"rendered":"<div class=\"main-wrap-helper clear\">\n<div class=\"main-content-section\">\n<div class=\"product-details-section\">\n<div class=\"product-details-article\">\n<div class=\"grid\">\n<div class=\"col-7-10\">\n<div class=\"product-details-desc\">\n<p>Viinamarjad on kasvatatud orgaaniliselt (Reg. 834\/07) Belice Valley p\u00f5ldudel, kus p\u00f5ldude v\u00e4etamisel kasutatakse naturaalseid segus\u00f5nnikuid ja umbrohu t\u00f5rje toimib k\u00e4sitsi k\u00f5plamise teel. Viinamarjad korjatakse k\u00e4sitsi v\u00e4ikestesse kastidesse, pressitakse, kestakontakt veinivirdega toimub 8 tundi. Kasutatakse valitud p\u00e4rmi (GMO vaba), fermentatsioon toimub 10-12 p\u00e4eva temperatuuril 14-16\u00b0C ja edasi vein laagerdub terasvaadis.<\/p>\n<p>Arengupotentsiaal: 2-3 aastat alates korjeaastast.<\/p>\n<\/div>\n<\/div>\n<\/div>\n<\/div>\n<\/div>\n<\/div>\n<\/div>\n","protected":false},"excerpt":{"rendered":"<p>Tooteliik: Kaitstud geograafilise t\u00e4hisega vein<br \/>\nP\u00e4ritolumaa: Itaalia<br \/>\nPiirkond: Sitsiilia IGT, Belice Valley<br \/>\nViinamarjasort: 100% Grillo, orgaaniliselt kasvatatud.<br \/>\nV\u00e4rvus: V\u00e4rvus on helekollane, roheka alatooniga.<br \/>\nAroom: Aroomis on tunda troopilisi puuvilju, v\u00e4rskeid tsitrusevilju, floraalsust, v\u00e4rskeid \u00fcrte ja tsitruselist mineraalsust.<br \/>\nMaitse: Maitse on kuiv, keskmise t\u00e4idlusega, hea happesusega, tunda kollaseid luu-ja puuvilju, aprikoose, kollaseid \u00f5unu, melonit ja \u00fcrdisust. J\u00e4relmaitse puuviljane, mineraalselt tsitruseline.<br \/>\nToidusoovitus: Aperitiiv, mereannid, karploomad, sushi&#038;sashimi, mereanni pasta, valge kala, keskmise t\u00e4idlusega juustud.<br \/>\nServeerimistemperatuur: jahutatult 9-10\u00b0C Bordeaux t\u00fc\u00fcpi klaasist.<br \/>\nSaadaolevad m\u00f5\u00f5dud: 75 cl<\/p>\n","protected":false},"featured_media":3662,"template":"","meta":{"_acf_changed":false,"_kadence_starter_templates_imported_post":false,"_kad_post_transparent":"","_kad_post_title":"","_kad_post_layout":"","_kad_post_sidebar_id":"","_kad_post_content_style":"","_kad_post_vertical_padding":"","_kad_post_feature":"","_kad_post_feature_position":"","_kad_post_header":false,"_kad_post_footer":false},"product_brand":[],"product_cat":[21,180,55],"product_tag":[],"class_list":{"0":"post-3663","1":"product","2":"type-product","3":"status-publish","4":"has-post-thumbnail","6":"product_cat-valged-veinid","7":"product_cat-veinid","8":"product_cat-itaalia-1","10":"first","11":"instock","12":"taxable","13":"shipping-taxable","14":"purchasable","15":"product-type-simple","16":"entry","17":"content-bg","18":"loop-entry"},"acf":[],"_links":{"self":[{"href":"https:\/\/mydrink.ee\/et\/wp-json\/wp\/v2\/product\/3663","targetHints":{"allow":["GET"]}}],"collection":[{"href":"https:\/\/mydrink.ee\/et\/wp-json\/wp\/v2\/product"}],"about":[{"href":"https:\/\/mydrink.ee\/et\/wp-json\/wp\/v2\/types\/product"}],"wp:featuredmedia":[{"embeddable":true,"href":"https:\/\/mydrink.ee\/et\/wp-json\/wp\/v2\/media\/3662"}],"wp:attachment":[{"href":"https:\/\/mydrink.ee\/et\/wp-json\/wp\/v2\/media?parent=3663"}],"wp:term":[{"taxonomy":"product_brand","embeddable":true,"href":"https:\/\/mydrink.ee\/et\/wp-json\/wp\/v2\/product_brand?post=3663"},{"taxonomy":"product_cat","embeddable":true,"href":"https:\/\/mydrink.ee\/et\/wp-json\/wp\/v2\/product_cat?post=3663"},{"taxonomy":"product_tag","embeddable":true,"href":"https:\/\/mydrink.ee\/et\/wp-json\/wp\/v2\/product_tag?post=3663"}],"curies":[{"name":"wp","href":"https:\/\/api.w.org\/{rel}","templated":true}]}}