{"id":3690,"date":"2017-01-26T01:38:02","date_gmt":"2017-01-25T23:38:02","guid":{"rendered":"https:\/\/mydrink.ee\/product\/ruffino-vino-nobile-de-montepulciano-19-13-5-75cl\/"},"modified":"2017-01-26T01:38:02","modified_gmt":"2017-01-25T23:38:02","slug":"ruffino-vino-nobile-de-montepulciano-19-13-5-75cl","status":"publish","type":"product","link":"https:\/\/mydrink.ee\/et\/product\/ruffino-vino-nobile-de-montepulciano-19-13-5-75cl\/","title":{"rendered":"RUFFINO VINO NOBILE  DE MONTEPULCIANO \u00b419 13,5% 75CL"},"content":{"rendered":"<p>Esimene tootmisaasta: 1988.<\/p>\n<p>Arengupotentsiaal: 8-10 aastat alates viinamarjade korjeaastast.<br \/>Korje: Viinamarjad on korjatud k\u00e4sitsi \u201eLodolo Nuovo Estate\u201c p\u00f5ldudelt, korje algab septembrikuu keskel ja l\u00f5ppeb oktoobrikuu alguses. Kaks n\u00e4dalat toimub kontrollitud temperatuuril fermentatsioon teravaatides (27-30\u00b0C) ja edasi toimub matsetatsioon kestakontaktis 7 p\u00e4eva. Peale malolaktilist fermentatsiooni vein laagerdub 18 kuud suurtes tammevaatides (25-60 hl).<\/p>\n","protected":false},"excerpt":{"rendered":"<p>Tooteliik: Kaitstud p\u00e4ritolunimetusega vein<br \/>\nP\u00e4ritolumaa: Itaalia<br \/>\nPiirkond: Toskaana Vino Nobile de Montepulciano DOCG<br \/>\nViinamarjasor: 80% Sangiovese, 10% Merlot, 10% Cabernet Sauvignon<br \/>\nV\u00e4rvus: Rubiinpunane.<br \/>\nAroom: Aroomis on tunda k\u00fcpseid luuvilju, musti kirsse ja marju, kuivatatud ploome, viigimarju ja \u00fcrte.<br \/>\nMaitse: Maitse on kuiv, keskmise t\u00e4idlusega, tunda k\u00fcpseid musti ploome, kirsse, p\u00f5ldmarju, \u00fcrdisust ja pehmeid v\u00fcrtse. J\u00e4relmaitse on marjane ja pehmelt sametise v\u00fcrtsika alatooniga.<br \/>\nToidusoovitus: Hautatud lambaliha, r\u00f6stitud ulukiliha, grillitud loomaliha, k\u00f5vade pressitud juustude juurde.<br \/>\nServeerimistemperatuur: 14-16\u00b0C Bordeaux t\u00fc\u00fcpi punaveini klaasist, v\u00f5ib eelnevalt dekanteerida.<\/p>\n","protected":false},"featured_media":3689,"template":"","meta":{"_acf_changed":false,"_kadence_starter_templates_imported_post":false,"_kad_post_transparent":"","_kad_post_title":"","_kad_post_layout":"","_kad_post_sidebar_id":"","_kad_post_content_style":"","_kad_post_vertical_padding":"","_kad_post_feature":"","_kad_post_feature_position":"","_kad_post_header":false,"_kad_post_footer":false},"product_brand":[],"product_cat":[20,180,30],"product_tag":[],"class_list":{"0":"post-3690","1":"product","2":"type-product","3":"status-publish","4":"has-post-thumbnail","6":"product_cat-punased-veinid","7":"product_cat-veinid","8":"product_cat-itaalia","10":"first","11":"instock","12":"taxable","13":"shipping-taxable","14":"purchasable","15":"product-type-simple","16":"entry","17":"content-bg","18":"loop-entry"},"acf":[],"_links":{"self":[{"href":"https:\/\/mydrink.ee\/et\/wp-json\/wp\/v2\/product\/3690","targetHints":{"allow":["GET"]}}],"collection":[{"href":"https:\/\/mydrink.ee\/et\/wp-json\/wp\/v2\/product"}],"about":[{"href":"https:\/\/mydrink.ee\/et\/wp-json\/wp\/v2\/types\/product"}],"wp:featuredmedia":[{"embeddable":true,"href":"https:\/\/mydrink.ee\/et\/wp-json\/wp\/v2\/media\/3689"}],"wp:attachment":[{"href":"https:\/\/mydrink.ee\/et\/wp-json\/wp\/v2\/media?parent=3690"}],"wp:term":[{"taxonomy":"product_brand","embeddable":true,"href":"https:\/\/mydrink.ee\/et\/wp-json\/wp\/v2\/product_brand?post=3690"},{"taxonomy":"product_cat","embeddable":true,"href":"https:\/\/mydrink.ee\/et\/wp-json\/wp\/v2\/product_cat?post=3690"},{"taxonomy":"product_tag","embeddable":true,"href":"https:\/\/mydrink.ee\/et\/wp-json\/wp\/v2\/product_tag?post=3690"}],"curies":[{"name":"wp","href":"https:\/\/api.w.org\/{rel}","templated":true}]}}