{"id":3692,"date":"2017-01-26T01:38:04","date_gmt":"2017-01-25T23:38:04","guid":{"rendered":"https:\/\/mydrink.ee\/product\/ruffino-serelle-vin-santo-del-chianti-doc-19-15-5-37-5cl\/"},"modified":"2025-09-09T03:03:49","modified_gmt":"2025-09-09T00:03:49","slug":"ruffino-serelle-vin-santo-del-chianti-doc-19-15-5-37-5cl","status":"publish","type":"product","link":"https:\/\/mydrink.ee\/et\/product\/ruffino-serelle-vin-santo-del-chianti-doc-19-15-5-37-5cl\/","title":{"rendered":"RUFFINO SERELLE VIN SANTO DEL CHIANTI DOC \u00b419 15,5% 37,5CL"},"content":{"rendered":"<p>Esimene tootmisaasta: 1988.<\/p>\n<p>Arengupotentsiaal: 20 aastat alates viinamarjade korjeaastast.<br \/>Korje: Viinamarjakobarad korjatakse k\u00e4sitsi septembrikuus. Marjakobarad sorteeritakse hoolikalt, j\u00e4lgides, et kobaras olevad viinamarjad oleksid \u00fchtlaselt valminud ja parima kvaliteediga (v\u00e4ltida hallituse tekkimist). Viinamarjakobarad pannakse kuivama roomattidele h\u00e4sti ventileeritud ruumides kuni detsembrikuu alguseni (marjades suhkrusisaldus j\u00f5uab 30 \u00b0Brix\u00b4ni). Seej\u00e4rel viinamarjakobarad veelkord sorteeritakse, pressitakse veinivirre, toimub aeglane fermentatsioon kontrollitud temperatuuril. Vein laagerdub v\u00e4ikestes Vin Santo tammevaatides 3 aastat, veinivaadid t\u00e4idetakse \u00be kogumahust ja lisatakse juurde eelmiste aastak\u00e4ikude Vin Santo\u00b4t, mis tagab k\u00e4\u00e4rmisprotsessi.<\/p>\n","protected":false},"excerpt":{"rendered":"<p>Tooteliik: Kaitstud p\u00e4ritolunimetusega vein<br \/>\nP\u00e4ritolumaa: Itaalia<br \/>\nPiirkond: Toskaana, Vin Santo del Chianti DOC<br \/>\nViinamarjasort: Malvasia del Chianti, Trebbiano Toscano<br \/>\nV\u00e4rvus: Merevaigu kollane, kirgas.<br \/>\nAroom: Aroom on puuviljane, tunda \u00fclek\u00fcpsenud kollaseid luuvilju, mesisust, kollaseid tsitruselisi (mandariin), ananassi, kuivatatud aprikoose, datleid, viigimarju, muskaatp\u00e4hkleid ja r\u00f6stitud metsp\u00e4hkleid.<br \/>\nMaitse: Maitse on puuviljane, kuiv, keskmise t\u00e4idlusega. Tunda k\u00fcpseid apelsine, kuivatatud aprikoose, p\u00e4hkleid. J\u00e4relmaitse on pikk, puuviljane ja mineraaselt tsitruseline.<br \/>\nToidusoovitus: Dessertide juurde, mee-ja mandlikoogid, halvaa, Foie Gras, sinihallitusjuustud.<br \/>\nServeerimistemperatuur: Jahutatult 8-10\u00b0C v\u00e4iksemat t\u00fc\u00fcpi Bordeaux veiniklaasist.<\/p>\n","protected":false},"featured_media":3691,"template":"","meta":{"_acf_changed":false,"_kadence_starter_templates_imported_post":false,"_kad_post_transparent":"","_kad_post_title":"","_kad_post_layout":"","_kad_post_sidebar_id":"","_kad_post_content_style":"","_kad_post_vertical_padding":"","_kad_post_feature":"","_kad_post_feature_position":"","_kad_post_header":false,"_kad_post_footer":false},"product_brand":[],"product_cat":[20,30],"product_tag":[],"class_list":{"0":"post-3692","1":"product","2":"type-product","3":"status-publish","4":"has-post-thumbnail","6":"product_cat-punased-veinid","7":"product_cat-itaalia","9":"first","10":"instock","11":"taxable","12":"shipping-taxable","13":"purchasable","14":"product-type-simple","15":"entry","16":"content-bg","17":"loop-entry"},"acf":[],"_links":{"self":[{"href":"https:\/\/mydrink.ee\/et\/wp-json\/wp\/v2\/product\/3692","targetHints":{"allow":["GET"]}}],"collection":[{"href":"https:\/\/mydrink.ee\/et\/wp-json\/wp\/v2\/product"}],"about":[{"href":"https:\/\/mydrink.ee\/et\/wp-json\/wp\/v2\/types\/product"}],"wp:featuredmedia":[{"embeddable":true,"href":"https:\/\/mydrink.ee\/et\/wp-json\/wp\/v2\/media\/3691"}],"wp:attachment":[{"href":"https:\/\/mydrink.ee\/et\/wp-json\/wp\/v2\/media?parent=3692"}],"wp:term":[{"taxonomy":"product_brand","embeddable":true,"href":"https:\/\/mydrink.ee\/et\/wp-json\/wp\/v2\/product_brand?post=3692"},{"taxonomy":"product_cat","embeddable":true,"href":"https:\/\/mydrink.ee\/et\/wp-json\/wp\/v2\/product_cat?post=3692"},{"taxonomy":"product_tag","embeddable":true,"href":"https:\/\/mydrink.ee\/et\/wp-json\/wp\/v2\/product_tag?post=3692"}],"curies":[{"name":"wp","href":"https:\/\/api.w.org\/{rel}","templated":true}]}}