{"id":3707,"date":"2017-04-01T23:40:31","date_gmt":"2017-04-01T20:40:31","guid":{"rendered":"https:\/\/mydrink.ee\/product\/ruffino-rosatello-12-75cl\/"},"modified":"2017-04-01T23:40:31","modified_gmt":"2017-04-01T20:40:31","slug":"ruffino-rosatello-12-75cl","status":"publish","type":"product","link":"https:\/\/mydrink.ee\/et\/product\/ruffino-rosatello-12-75cl\/","title":{"rendered":"RUFFINO ROSATELLO 12% 75CL"},"content":{"rendered":"<p>Tootja: Ruffino<br \/>Esimene tootmisaasta: 2012<br \/>Valmistamine: Ruffino Rosatello on valmistatud tumedakestalisest viinamarjadest, marjad on \u00f5rnalt pressitud, toimub k\u00fclmfermentatsioon terasvaadis temperatuuril +14\u00b0C. Marjakesti on leotatud veinivirdes 6-8 tundi.<\/p>\n","protected":false},"excerpt":{"rendered":"<p>Tooteliik: Vein<br \/>\nP\u00e4ritolumaa: Itaalia<br \/>\nPiirkond: Toskaana<br \/>\nViinamarjasort: Sangiovese, Cabernet Sauvignon<br \/>\nV\u00e4rvus: Kirgas, l\u00f5heroosa.<br \/>\nAroom: V\u00e4rske, marjane ja puuviljane, tunda k\u00fcpseid vaarikaid, maasikaid, virsikuid.<br \/>\nMaitse: Kuiv, v\u00e4rske, keskmise t\u00e4idlusega, hea happesusega, marjane, heas tasakaalus. Tunda vaarikaid, maasikaid, punaseid s\u00f5straid, \u00fcrdisust; j\u00e4relmaitse pehmelt marjane.<br \/>\nToidusoovitus: Aperitiiv, rohelised salatid mereandidega, grillitud kalaroad, pasta, keskmiselt laagerdunud juustud.<br \/>\nServeerimistemperatuur: Jahutatult 8-10\u00b0C Bordeaux t\u00fc\u00fcpi valgeveini klaasist.<\/p>\n","protected":false},"featured_media":3706,"template":"","meta":{"_acf_changed":false,"_kadence_starter_templates_imported_post":false,"_kad_post_transparent":"","_kad_post_title":"","_kad_post_layout":"","_kad_post_sidebar_id":"","_kad_post_content_style":"","_kad_post_vertical_padding":"","_kad_post_feature":"","_kad_post_feature_position":"","_kad_post_header":false,"_kad_post_footer":false},"product_brand":[],"product_cat":[180,23,67,75],"product_tag":[],"class_list":{"0":"post-3707","1":"product","2":"type-product","3":"status-publish","4":"has-post-thumbnail","6":"product_cat-veinid","7":"product_cat-roosad-veinid","8":"product_cat-itaalia-1-roosad-veinid","9":"product_cat-soodus-1-roosad-veinid","11":"first","12":"instock","13":"taxable","14":"shipping-taxable","15":"purchasable","16":"product-type-simple","17":"entry","18":"content-bg","19":"loop-entry"},"acf":[],"_links":{"self":[{"href":"https:\/\/mydrink.ee\/et\/wp-json\/wp\/v2\/product\/3707","targetHints":{"allow":["GET"]}}],"collection":[{"href":"https:\/\/mydrink.ee\/et\/wp-json\/wp\/v2\/product"}],"about":[{"href":"https:\/\/mydrink.ee\/et\/wp-json\/wp\/v2\/types\/product"}],"wp:featuredmedia":[{"embeddable":true,"href":"https:\/\/mydrink.ee\/et\/wp-json\/wp\/v2\/media\/3706"}],"wp:attachment":[{"href":"https:\/\/mydrink.ee\/et\/wp-json\/wp\/v2\/media?parent=3707"}],"wp:term":[{"taxonomy":"product_brand","embeddable":true,"href":"https:\/\/mydrink.ee\/et\/wp-json\/wp\/v2\/product_brand?post=3707"},{"taxonomy":"product_cat","embeddable":true,"href":"https:\/\/mydrink.ee\/et\/wp-json\/wp\/v2\/product_cat?post=3707"},{"taxonomy":"product_tag","embeddable":true,"href":"https:\/\/mydrink.ee\/et\/wp-json\/wp\/v2\/product_tag?post=3707"}],"curies":[{"name":"wp","href":"https:\/\/api.w.org\/{rel}","templated":true}]}}