{"id":3744,"date":"2017-05-30T23:39:35","date_gmt":"2017-05-30T20:39:35","guid":{"rendered":"https:\/\/mydrink.ee\/product\/banfi-alta-langa-cuvee-aur-rose-ext-brut-12-5-75cl-box\/"},"modified":"2025-10-12T15:23:49","modified_gmt":"2025-10-12T12:23:49","slug":"banfi-alta-langa-cuvee-aur-rose-ext-brut-12-5-75cl-box","status":"publish","type":"product","link":"https:\/\/mydrink.ee\/et\/product\/banfi-alta-langa-cuvee-aur-rose-ext-brut-12-5-75cl-box\/","title":{"rendered":"BANFI ALTA LANGA CUVEE AUR. ROSE EXT. BRUT 12,5% 75CL BOX"},"content":{"rendered":"<p>Valmistamine:\tViinamarjad on korjatud k\u00e4sitsi Cuneo, Alessandria ja Asti m\u00e4en\u00f5lvadelt. Fermentatsioon toimub kontrollitud temperatuuril terasvaatides 17\u00b0C juures, kestakontakt veinivirdega on l\u00fchiajaline (1h). 10% cuve\u00e9\u00b4st on eelmise aastak\u00e4igu baasvein, mis on laagerdunud Prantsuse tammevaadis. Teine fermentatsioon\/autol\u00fc\u00fcs toimub pudelis 24 kuud, pudelite keeramine (remuage) toimub k\u00e4sitsi pupitre\u00b4l.<\/p>\n","protected":false},"excerpt":{"rendered":"<p>Tooteliik:\tKaitstud p\u00e4ritolunimetusega kvaliteetvahuvein<br \/>\nP\u00e4ritolumaa:\tItaalia<br \/>\nPiirkond:\tAlta Langa DOCG<br \/>\nViinamarjasort:\tPinot Noir 100%<br \/>\nAastak\u00e4ik:  2013<br \/>\nV\u00e4rvus:\tHeleroosa, mullijuga tihe ja peenike.<br \/>\nAroom:\tAroom on v\u00e4rske, lilleline, puuviljane, keskmise intensiivsusega. Tunda metsroose, metslilli, k\u00fcpseid kollaseid \u00f5unu, veidi tsitruselisi.<br \/>\nMaitse:\tMaitse on kuiv, keskmise t\u00e4idlusega, kreemiselt mineraalne, tunda k\u00fcpseid puuvilju ja marju. J\u00e4relmaitse pikk ja sametiselt marjane.<br \/>\nToidusoovitus:\tAperitiiv, mereannid, kalatoidud, kergemad kanalihatoidud, pehmed juustud.<br \/>\nServeerimistemperatuur:\tjahutatult 6-8\u00b0C vahuveini v\u00f5i Bordeaux valge veini klaasist.<\/p>\n","protected":false},"featured_media":3743,"template":"","meta":{"_acf_changed":false,"_kadence_starter_templates_imported_post":false,"_kad_post_transparent":"","_kad_post_title":"","_kad_post_layout":"","_kad_post_sidebar_id":"","_kad_post_content_style":"","_kad_post_vertical_padding":"","_kad_post_feature":"","_kad_post_feature_position":"","_kad_post_header":false,"_kad_post_footer":false},"product_brand":[],"product_cat":[180,24,78],"product_tag":[],"class_list":{"0":"post-3744","1":"product","2":"type-product","3":"status-publish","4":"has-post-thumbnail","6":"product_cat-veinid","7":"product_cat-vahuveinid","8":"product_cat-itaalia-1-2","10":"first","11":"instock","12":"taxable","13":"shipping-taxable","14":"purchasable","15":"product-type-simple","16":"entry","17":"content-bg","18":"loop-entry"},"acf":[],"_links":{"self":[{"href":"https:\/\/mydrink.ee\/et\/wp-json\/wp\/v2\/product\/3744","targetHints":{"allow":["GET"]}}],"collection":[{"href":"https:\/\/mydrink.ee\/et\/wp-json\/wp\/v2\/product"}],"about":[{"href":"https:\/\/mydrink.ee\/et\/wp-json\/wp\/v2\/types\/product"}],"wp:featuredmedia":[{"embeddable":true,"href":"https:\/\/mydrink.ee\/et\/wp-json\/wp\/v2\/media\/3743"}],"wp:attachment":[{"href":"https:\/\/mydrink.ee\/et\/wp-json\/wp\/v2\/media?parent=3744"}],"wp:term":[{"taxonomy":"product_brand","embeddable":true,"href":"https:\/\/mydrink.ee\/et\/wp-json\/wp\/v2\/product_brand?post=3744"},{"taxonomy":"product_cat","embeddable":true,"href":"https:\/\/mydrink.ee\/et\/wp-json\/wp\/v2\/product_cat?post=3744"},{"taxonomy":"product_tag","embeddable":true,"href":"https:\/\/mydrink.ee\/et\/wp-json\/wp\/v2\/product_tag?post=3744"}],"curies":[{"name":"wp","href":"https:\/\/api.w.org\/{rel}","templated":true}]}}