{"id":3775,"date":"2017-09-05T16:17:15","date_gmt":"2017-09-05T13:17:15","guid":{"rendered":"https:\/\/mydrink.ee\/product\/saku-originaal-5-2-vol-33cl-x-24\/"},"modified":"2026-01-08T20:03:27","modified_gmt":"2026-01-08T18:03:27","slug":"saku-originaal-5-2-vol-33cl-x-24","status":"publish","type":"product","link":"https:\/\/mydrink.ee\/et\/product\/saku-originaal-5-2-vol-33cl-x-24\/","title":{"rendered":"Saku Originaal 5,2% vol 33CL x 24"},"content":{"rendered":"<p>1993. aastast Eesti esimese kvaliteet\u00f5llena pruulitud Saku Originaal on j\u00e4tkuvalt populaarseimate \u00f5llemarkide esiotsas. Saku Originaal on keskmiselt humalase maitse ja meeldiva aroomiga kergelt joodav hele kvaliteet\u00f5lu, mis on pruulitud puhtast allikaveest, valitud linnastest ja humalast Saku oma p\u00e4rmiga.<\/p>\n<p>Saku Originaali teeb eriliseks unikaalne kristall-filtreerimine, mis garanteerib igale Originaalile puhta v\u00e4rskuse, karge naudingu ja vaieldamatu kvaliteedi.<\/p>\n<p>Kristall-filtreerimine on \u00f5lletootmise k\u00f5rgeim kvaliteedistandard, mis on asendanud senise k\u00f5ige levinuma \u00f5lle s\u00e4ilivusaega t\u00f5stva tehnoloogia \u2013 past\u00f6riseerimise. Kristall-filtreerimise eelistest v\u00f5rreldes past\u00f6riseerimisega saab l\u00e4hemalt lugeda siit.<\/p>\n<p>Saku Originaal. See \u00f5ige.<\/p>\n","protected":false},"excerpt":{"rendered":"<p>Liik: Lahja alkohoolne jook, &Otilde;lu<br \/>Kastis: 24<br \/>Maht: 7.92L<br \/>Alkoholisisaldus: 5,2%<br \/>P&auml;ritolumaa: Eesti<br \/>Serveerimine: Jahutatult<\/p>\n<p><span style=\"color: #ff0000;\">&Uuml;hte pakiautomaadi kappi mahub kolm sellist toodet!<\/span><br \/><span style=\"color: #ff0000;\">Loe lisa <a href=\"https:\/\/mydrink.ee\/shipping\/?___store=est\" target=\"_blank\"><strong>siit<\/strong><\/a><\/span><\/p>\n","protected":false},"featured_media":3774,"template":"","meta":{"_acf_changed":false,"_kadence_starter_templates_imported_post":false,"_kad_post_transparent":"","_kad_post_title":"","_kad_post_layout":"","_kad_post_sidebar_id":"","_kad_post_content_style":"","_kad_post_vertical_padding":"","_kad_post_feature":"","_kad_post_feature_position":"","_kad_post_header":false,"_kad_post_footer":false},"product_brand":[],"product_cat":[88,256,232,110,127,25,91],"product_tag":[],"class_list":{"0":"post-3775","1":"product","2":"type-product","3":"status-publish","4":"has-post-thumbnail","6":"product_cat-oluet","7":"product_cat-lahja-alkohol","8":"product_cat-pandipakend","9":"product_cat-pakkumised","10":"product_cat-eesti","11":"product_cat-olu-siider-long-drink","12":"product_cat-ohooo","14":"first","15":"instock","16":"sale","17":"taxable","18":"shipping-taxable","19":"purchasable","20":"product-type-simple","21":"entry","22":"content-bg","23":"loop-entry"},"acf":[],"_links":{"self":[{"href":"https:\/\/mydrink.ee\/et\/wp-json\/wp\/v2\/product\/3775","targetHints":{"allow":["GET"]}}],"collection":[{"href":"https:\/\/mydrink.ee\/et\/wp-json\/wp\/v2\/product"}],"about":[{"href":"https:\/\/mydrink.ee\/et\/wp-json\/wp\/v2\/types\/product"}],"wp:featuredmedia":[{"embeddable":true,"href":"https:\/\/mydrink.ee\/et\/wp-json\/wp\/v2\/media\/3774"}],"wp:attachment":[{"href":"https:\/\/mydrink.ee\/et\/wp-json\/wp\/v2\/media?parent=3775"}],"wp:term":[{"taxonomy":"product_brand","embeddable":true,"href":"https:\/\/mydrink.ee\/et\/wp-json\/wp\/v2\/product_brand?post=3775"},{"taxonomy":"product_cat","embeddable":true,"href":"https:\/\/mydrink.ee\/et\/wp-json\/wp\/v2\/product_cat?post=3775"},{"taxonomy":"product_tag","embeddable":true,"href":"https:\/\/mydrink.ee\/et\/wp-json\/wp\/v2\/product_tag?post=3775"}],"curies":[{"name":"wp","href":"https:\/\/api.w.org\/{rel}","templated":true}]}}