{"id":3781,"date":"2017-09-05T18:02:17","date_gmt":"2017-09-05T15:02:17","guid":{"rendered":"https:\/\/mydrink.ee\/product\/saku-on-ice-5-vol-33cl-x-24\/"},"modified":"2026-01-08T20:03:26","modified_gmt":"2026-01-08T18:03:26","slug":"saku-on-ice-5-vol-33cl-x-24","status":"publish","type":"product","link":"https:\/\/mydrink.ee\/et\/product\/saku-on-ice-5-vol-33cl-x-24\/","title":{"rendered":"Saku On Ice 5% vol 33CL x 24"},"content":{"rendered":"<p>Saku On ICE on \u00e4\u00e4rmiselt maheda maitsega \u00f5lu, milles on humalatest tulenev kibedus viidud miinimumini. Seet\u00f5ttu sobib Saku On ICE ideaalseks janukustutajaks kuumal suvep\u00e4eval v\u00f5i p\u00e4rast tulikuuma sauna. <br \/>Saku On ICE\u2019i maheda maitse saladuseks on eriline tehnoloogia, mille k\u00e4igus k\u00fclmutatakse \u00f5lu p\u00e4rast pruulimist miinuskraadideni. \u00d5llesse moodustuvad j\u00e4\u00e4kristallid, mis oluliselt mahendavad humalakibedust. <br \/>Saku On ICE sobib h\u00e4sti \u00f5lles\u00f5pradele, kes hindavad \u00f5lles mahedamat maitset ja maksimaalset v\u00e4rskendust. Hea seltskond ja meeleolukas \u00f5hkkond on kohustuslikud elemendid Saku On ICE nautimiseks.<\/p>\n<p style=\"box-sizing: inherit; margin: 0px 0px 20px; padding: 0px; outline: none; color: #283d4a; font-family: ThemeFont-Primary, sans-serif; font-size: 16px; font-style: normal; font-variant-ligatures: normal; font-variant-caps: normal; font-weight: 400; letter-spacing: normal; orphans: 2; text-align: start; text-indent: 0px; text-transform: none; white-space: normal; widows: 2; word-spacing: 0px; -webkit-text-stroke-width: 0px; background-color: rgba(255, 255, 255, 0.6); text-decoration-thickness: initial; text-decoration-style: initial; text-decoration-color: initial;\"><span style=\"font-size: small;\"><strong style=\"box-sizing: inherit; margin: 0px; padding: 0px;\">Koostisosad: <\/strong>vesi,\u00a0<strong style=\"box-sizing: inherit; margin: 0px; padding: 0px;\">odra<\/strong>linnased,\u00a0<strong style=\"box-sizing: inherit; margin: 0px; padding: 0px;\">oder<\/strong>, humalad<\/span><br \/><span style=\"font-size: small;\"><strong style=\"box-sizing: inherit; margin: 0px; padding: 0px;\"><br \/>Toitumisalane teave 100 ml kohta<\/strong><\/span><\/p>\n<ul style=\"box-sizing: inherit; margin: 0px; padding: 0px; list-style-type: none; color: #283d4a; font-family: ThemeFont-Primary, sans-serif; font-size: 16px; font-style: normal; font-variant-ligatures: normal; font-variant-caps: normal; font-weight: 400; letter-spacing: normal; orphans: 2; text-align: start; text-indent: 0px; text-transform: none; white-space: normal; widows: 2; word-spacing: 0px; -webkit-text-stroke-width: 0px; background-color: rgba(255, 255, 255, 0.6); text-decoration-thickness: initial; text-decoration-style: initial; text-decoration-color: initial;\">\n<li style=\"box-sizing: inherit; margin: 0px; padding: 0px;\"><span style=\"font-size: small;\">Energia:\u00a0168 kJ \/ 40 kcal<\/span><\/li>\n<li style=\"box-sizing: inherit; margin: 0px; padding: 0px;\"><span style=\"font-size: small;\">Rasvad: 0 g<\/span><\/li>\n<li style=\"box-sizing: inherit; margin: 0px; padding: 0px;\"><span style=\"font-size: small;\">\u00a0 \u00a0 \u00a0millest k\u00fcllastunud rasvhappeid: 0 g<\/span><\/li>\n<li style=\"box-sizing: inherit; margin: 0px; padding: 0px;\"><span style=\"font-size: small;\">S\u00fcsivesikud:\u00a0 2,8 g<\/span><\/li>\n<li style=\"box-sizing: inherit; margin: 0px; padding: 0px;\"><span style=\"font-size: small;\">\u00a0 \u00a0 \u00a0millest suhkruid: 0,2 g<\/span><\/li>\n<li style=\"box-sizing: inherit; margin: 0px; padding: 0px;\"><span style=\"font-size: small;\">Valgud: 0,2 g<\/span><\/li>\n<li style=\"box-sizing: inherit; margin: 0px; padding: 0px;\"><span style=\"font-size: small;\">Sool: 0 g<\/span><\/li>\n<\/ul>\n","protected":false},"excerpt":{"rendered":"<p>Liik: &Otilde;lu<br \/>Kastis: 24<br \/>Maht: 7.92L<br \/>Alkoholisisaldus: 5,0% vol<br \/>P&auml;ritolumaa: Eesti<br \/>Serveerimine: Jahutatult<\/p>\n<p><span style=\"color: #ff0000;\">&Uuml;hte pakiautomaadi kappi mahub kolm sellist toodet!<\/span><br \/><span style=\"color: #ff0000;\">Loe lisa <a href=\"https:\/\/mydrink.ee\/shipping\/?___store=est\" target=\"_blank\"><strong>siit<\/strong><\/a><\/span><\/p>\n","protected":false},"featured_media":3780,"template":"","meta":{"_acf_changed":false,"_kadence_starter_templates_imported_post":false,"_kad_post_transparent":"","_kad_post_title":"","_kad_post_layout":"","_kad_post_sidebar_id":"","_kad_post_content_style":"","_kad_post_vertical_padding":"","_kad_post_feature":"","_kad_post_feature_position":"","_kad_post_header":false,"_kad_post_footer":false},"product_brand":[],"product_cat":[88,232,127,25],"product_tag":[],"class_list":{"0":"post-3781","1":"product","2":"type-product","3":"status-publish","4":"has-post-thumbnail","6":"product_cat-oluet","7":"product_cat-pandipakend","8":"product_cat-eesti","9":"product_cat-olu-siider-long-drink","11":"first","12":"instock","13":"taxable","14":"shipping-taxable","15":"purchasable","16":"product-type-simple","17":"entry","18":"content-bg","19":"loop-entry"},"acf":[],"_links":{"self":[{"href":"https:\/\/mydrink.ee\/et\/wp-json\/wp\/v2\/product\/3781","targetHints":{"allow":["GET"]}}],"collection":[{"href":"https:\/\/mydrink.ee\/et\/wp-json\/wp\/v2\/product"}],"about":[{"href":"https:\/\/mydrink.ee\/et\/wp-json\/wp\/v2\/types\/product"}],"wp:featuredmedia":[{"embeddable":true,"href":"https:\/\/mydrink.ee\/et\/wp-json\/wp\/v2\/media\/3780"}],"wp:attachment":[{"href":"https:\/\/mydrink.ee\/et\/wp-json\/wp\/v2\/media?parent=3781"}],"wp:term":[{"taxonomy":"product_brand","embeddable":true,"href":"https:\/\/mydrink.ee\/et\/wp-json\/wp\/v2\/product_brand?post=3781"},{"taxonomy":"product_cat","embeddable":true,"href":"https:\/\/mydrink.ee\/et\/wp-json\/wp\/v2\/product_cat?post=3781"},{"taxonomy":"product_tag","embeddable":true,"href":"https:\/\/mydrink.ee\/et\/wp-json\/wp\/v2\/product_tag?post=3781"}],"curies":[{"name":"wp","href":"https:\/\/api.w.org\/{rel}","templated":true}]}}