{"id":3797,"date":"2017-09-05T20:26:08","date_gmt":"2017-09-05T17:26:08","guid":{"rendered":"https:\/\/mydrink.ee\/product\/saku-kuld-5-2-vol-33cl-x-24\/"},"modified":"2026-01-08T20:03:26","modified_gmt":"2026-01-08T18:03:26","slug":"saku-kuld-5-2-vol-33cl-x-24","status":"publish","type":"product","link":"https:\/\/mydrink.ee\/et\/product\/saku-kuld-5-2-vol-33cl-x-24\/","title":{"rendered":"Saku Kuld 5,2% vol 33CL x 24"},"content":{"rendered":"<p>Saku Kuld on Eesti vanima \u00f5lletehase s\u00e4ravaim pruul, \u00f5llede koorekiht. Meistriteos, milles on kahe sajandi pruulimistraditsioon p\u00f5imunud uusima tehnoloogiaga.<\/p>\n<p>Saku Kuld on eriliselt nauditava maheda maitsega hele kvaliteet\u00f5lu, milles on oskuslikult tasakaalustatud p\u00f5hjamaa odralinnaste j\u00f5ulisus ning p\u00e4ikeseliste Saksa Hallertau aroomhumalate sametine maitse<\/p>\n<p>Puhtaima maitse nimel on Kuld pruulitud sedasi, nagu m\u00f5ned parimad \u00f5lled maailmas. Sedasi, nagu n\u00e4eb ette Saksa seadus \u00f5llepruulimises \u2013 Reinheitsgebot<\/p>\n<p>Uue kujuga k\u00e4ep\u00e4rases 0,33L suurusega pudelis p\u00fcsib Saku Kuld n\u00fc\u00fcd kuni viimase s\u00f5\u00f5muni v\u00e4rske.<\/p>\n<p>Saku Kuld \u2013 \u00f5llede koorekiht<\/p>\n","protected":false},"excerpt":{"rendered":"<p>Liik: Lahja alkohoolne jook, &Otilde;lu<br \/>Kastis: 24<br \/>Maht: 7.92L<br \/>Alkoholisisaldus: 5,2%<br \/>P&auml;ritolumaa: Eesti<br \/>Serveerimine: Jahutatult<\/p>\n<p><span style=\"color: #ff0000;\">&Uuml;hte pakiautomaadi kappi mahub kolm sellist toodet!<\/span><br \/><span style=\"color: #ff0000;\">Loe lisa <a href=\"https:\/\/mydrink.ee\/shipping\/?___store=est\" target=\"_blank\"><strong>siit<\/strong><\/a><\/span><\/p>\n","protected":false},"featured_media":3796,"template":"","meta":{"_acf_changed":false,"_kadence_starter_templates_imported_post":false,"_kad_post_transparent":"","_kad_post_title":"","_kad_post_layout":"","_kad_post_sidebar_id":"","_kad_post_content_style":"","_kad_post_vertical_padding":"","_kad_post_feature":"","_kad_post_feature_position":"","_kad_post_header":false,"_kad_post_footer":false},"product_brand":[],"product_cat":[88,232,127,25],"product_tag":[],"class_list":{"0":"post-3797","1":"product","2":"type-product","3":"status-publish","4":"has-post-thumbnail","6":"product_cat-oluet","7":"product_cat-pandipakend","8":"product_cat-eesti","9":"product_cat-olu-siider-long-drink","11":"first","12":"instock","13":"taxable","14":"shipping-taxable","15":"purchasable","16":"product-type-simple","17":"entry","18":"content-bg","19":"loop-entry"},"acf":[],"_links":{"self":[{"href":"https:\/\/mydrink.ee\/et\/wp-json\/wp\/v2\/product\/3797","targetHints":{"allow":["GET"]}}],"collection":[{"href":"https:\/\/mydrink.ee\/et\/wp-json\/wp\/v2\/product"}],"about":[{"href":"https:\/\/mydrink.ee\/et\/wp-json\/wp\/v2\/types\/product"}],"wp:featuredmedia":[{"embeddable":true,"href":"https:\/\/mydrink.ee\/et\/wp-json\/wp\/v2\/media\/3796"}],"wp:attachment":[{"href":"https:\/\/mydrink.ee\/et\/wp-json\/wp\/v2\/media?parent=3797"}],"wp:term":[{"taxonomy":"product_brand","embeddable":true,"href":"https:\/\/mydrink.ee\/et\/wp-json\/wp\/v2\/product_brand?post=3797"},{"taxonomy":"product_cat","embeddable":true,"href":"https:\/\/mydrink.ee\/et\/wp-json\/wp\/v2\/product_cat?post=3797"},{"taxonomy":"product_tag","embeddable":true,"href":"https:\/\/mydrink.ee\/et\/wp-json\/wp\/v2\/product_tag?post=3797"}],"curies":[{"name":"wp","href":"https:\/\/api.w.org\/{rel}","templated":true}]}}