{"id":3823,"date":"2017-09-14T23:36:40","date_gmt":"2017-09-14T20:36:40","guid":{"rendered":"https:\/\/mydrink.ee\/product\/m-chapoutier-cornas-les-arenes-syrah-14-vol-75cl\/"},"modified":"2017-09-14T23:36:40","modified_gmt":"2017-09-14T20:36:40","slug":"m-chapoutier-cornas-les-arenes-syrah-14-vol-75cl","status":"publish","type":"product","link":"https:\/\/mydrink.ee\/et\/product\/m-chapoutier-cornas-les-arenes-syrah-14-vol-75cl\/","title":{"rendered":"M.CHAPOUTIER CORNAS LES ARENES SYRAH 14% vol 75CL"},"content":{"rendered":"<div class=\"main-wrap-helper clear\">\n<div class=\"main-content-section\">\n<div class=\"product-details-section\">\n<div class=\"product-details-article\">\n<div class=\"grid\">\n<div class=\"col-7-10\">\n<div class=\"product-details-desc\">\n<h2>Kirjeldus<\/h2>\n<p>Apellatsioon: AOP Cornas<\/p>\n<p>Pinnas: Graniit, savi-, paekivimullad<\/p>\n<p>Arengupotentsiaal: 10 aastat alates korjeaastast.<\/p>\n<p>Tootja: Michel Chapoutier<\/p>\n<\/div>\n<\/div>\n<\/div>\n<\/div>\n<\/div>\n<\/div>\n<\/div>\n","protected":false},"excerpt":{"rendered":"<p>Aastak\u00e4ik: 2014<br \/>\nTooteliik: Kaitstud p\u00e4ritolunimetusega vein<br \/>\nP\u00e4ritolumaa: Prantsusmaa<br \/>\nPiirkond: Rh\u00f2ne Valley (P\u00f5hja-Rhone)<br \/>\nViinamarjasort: 100% Syrah<br \/>\nKorje: Viinamarjad korjatakse k\u00e4sitsi, sorteeritakse, eemaldatakse varred. Veinivirde k\u00e4\u00e4ritamine toimub concrete vaatides 10 p\u00e4eva, matseratsioon 3 n\u00e4dalat. Vein areneb 14-16 kuud, 80% veinist areneb uutes tammevaatides ja 20% concreate vaatides, et tagada veinis marjasus ja kompleksus.<br \/>\nV\u00e4rvus: V\u00e4rvus on rubiinpunane, violetse alatooniga, viskoossus keskmisest k\u00f5rgem.<br \/>\nAroom: Aroomis on tunda \u00fclek\u00fcpsenud musti marju, musts\u00f5star, mustikad, p\u00f5ldmarjad, v\u00fcrtsid, must pipar, tume \u0161okolaad.<br \/>\nMaitse: Maitse on kuiv, t\u00e4idlane, tunda kuivatatud musti marju, musts\u00f5strad, k\u00fcpsed murelid, tanniinid \u00fcle keskmise, tumedat \u0161okolaadi ja v\u00fcrtse. J\u00e4relmaitse kestev, hea marjasusega.<br \/>\nToidusoovitus: Ulukiliha (metskits, hirv), veise-ja lambalihast valmistatud road, grill-lihad, grillribid, arenenud juustud.<br \/>\nServeerimistemperatuur: 16-18\u00b0C Bordeaux t\u00fc\u00fcpi punaveini klaasist. Soovitavalt ennem serveerimist vein dekanteerida!<br \/>\nSaadaolevad m\u00f5\u00f5dud: 75 cl <\/p>\n","protected":false},"featured_media":3822,"template":"","meta":{"_acf_changed":false,"_kadence_starter_templates_imported_post":false,"_kad_post_transparent":"","_kad_post_title":"","_kad_post_layout":"","_kad_post_sidebar_id":"","_kad_post_content_style":"","_kad_post_vertical_padding":"","_kad_post_feature":"","_kad_post_feature_position":"","_kad_post_header":false,"_kad_post_footer":false},"product_brand":[],"product_cat":[20,180,32],"product_tag":[],"class_list":{"0":"post-3823","1":"product","2":"type-product","3":"status-publish","4":"has-post-thumbnail","6":"product_cat-punased-veinid","7":"product_cat-veinid","8":"product_cat-prantsuse","10":"first","11":"instock","12":"taxable","13":"shipping-taxable","14":"purchasable","15":"product-type-simple","16":"entry","17":"content-bg","18":"loop-entry"},"acf":[],"_links":{"self":[{"href":"https:\/\/mydrink.ee\/et\/wp-json\/wp\/v2\/product\/3823","targetHints":{"allow":["GET"]}}],"collection":[{"href":"https:\/\/mydrink.ee\/et\/wp-json\/wp\/v2\/product"}],"about":[{"href":"https:\/\/mydrink.ee\/et\/wp-json\/wp\/v2\/types\/product"}],"wp:featuredmedia":[{"embeddable":true,"href":"https:\/\/mydrink.ee\/et\/wp-json\/wp\/v2\/media\/3822"}],"wp:attachment":[{"href":"https:\/\/mydrink.ee\/et\/wp-json\/wp\/v2\/media?parent=3823"}],"wp:term":[{"taxonomy":"product_brand","embeddable":true,"href":"https:\/\/mydrink.ee\/et\/wp-json\/wp\/v2\/product_brand?post=3823"},{"taxonomy":"product_cat","embeddable":true,"href":"https:\/\/mydrink.ee\/et\/wp-json\/wp\/v2\/product_cat?post=3823"},{"taxonomy":"product_tag","embeddable":true,"href":"https:\/\/mydrink.ee\/et\/wp-json\/wp\/v2\/product_tag?post=3823"}],"curies":[{"name":"wp","href":"https:\/\/api.w.org\/{rel}","templated":true}]}}