{"id":3827,"date":"2017-09-14T23:36:42","date_gmt":"2017-09-14T20:36:42","guid":{"rendered":"https:\/\/mydrink.ee\/product\/m-chapoutier-la-ciboise-luberon-rouge-21-14-vol-75cl\/"},"modified":"2017-09-14T23:36:42","modified_gmt":"2017-09-14T20:36:42","slug":"m-chapoutier-la-ciboise-luberon-rouge-21-14-vol-75cl","status":"publish","type":"product","link":"https:\/\/mydrink.ee\/et\/product\/m-chapoutier-la-ciboise-luberon-rouge-21-14-vol-75cl\/","title":{"rendered":"M.CHAPOUTIER LA CIBOISE LUBERON ROUGE\u00b421 14% vol 75CL"},"content":{"rendered":"<div class=\"main-wrap-helper clear\">\n<div class=\"main-content-section\">\n<div class=\"product-details-section\">\n<div class=\"product-details-article\">\n<div class=\"grid\">\n<div class=\"col-7-10\">\n<div class=\"product-details-desc\">\n<h2>Kirjeldus<\/h2>\n<p>Apellatsioon: AOP Luberon<\/p>\n<p>Tootja: Michel Chapoutier<\/p>\n<p>Arengupotentsiaal: keskmiselt 4-5 aastat alates korjeaastast.<\/p>\n<\/div>\n<\/div>\n<\/div>\n<\/div>\n<\/div>\n<\/div>\n<\/div>\n","protected":false},"excerpt":{"rendered":"<p>Aastak\u00e4ik: 2016<br \/>\nTooteliik: Kaitstud p\u00e4ritolunimetusega vein<br \/>\nP\u00e4ritolumaa: Prantsusmaa<br \/>\nPiirkond: Rh\u00f2ne Valley (L\u00f5una-Rhone)<br \/>\nViinamarjasort: Grenache Noir, Syrah<br \/>\nKorje: Viinamarjad korjatakse masinatega, sorteeritakse, eemaldatakse varred.<br \/>\nValmistamine: Veinivirde k\u00e4\u00e4ritamine toimub terasvaatides 15-21 p\u00e4eva kontrollitud temperatuuril. Vein areneb p\u00e4rmisettel terasvaadis 9-12 kuud.<br \/>\nV\u00e4rvus: V\u00e4rvus on rubiinpunane, violetse alatooniga.<br \/>\nAroom: Aroomis on tunda k\u00fcpseid musti metsmarju, mustikat, musti ploome, v\u00fcrtse, muskaatp\u00e4hklit ja pipart.<br \/>\nMaitse: Maitse on kuiv, keskmise t\u00e4idlusega ja marjane, tunda mustikaid, p\u00f5ldmarju, kirsse, ploome ja musta terapipart. J\u00e4relmaitses pehmed marjatanniinid.<br \/>\nToidusoovitus: K\u00fclmad suupisted (pasteedid, lihal\u00f5igud), erinevad pajaroad sealihast, grill-lihad, keskmise k\u00fcpsusastmega juustud.<br \/>\nServeerimistemperatuur: 14-16\u00b0C Bordeaux t\u00fc\u00fcpi punaveini klaasist.<br \/>\nSaadaolevad m\u00f5\u00f5dud: 75 cl <\/p>\n","protected":false},"featured_media":3826,"template":"","meta":{"_acf_changed":false,"_kadence_starter_templates_imported_post":false,"_kad_post_transparent":"","_kad_post_title":"","_kad_post_layout":"","_kad_post_sidebar_id":"","_kad_post_content_style":"","_kad_post_vertical_padding":"","_kad_post_feature":"","_kad_post_feature_position":"","_kad_post_header":false,"_kad_post_footer":false},"product_brand":[],"product_cat":[20,180,32],"product_tag":[],"class_list":{"0":"post-3827","1":"product","2":"type-product","3":"status-publish","4":"has-post-thumbnail","6":"product_cat-punased-veinid","7":"product_cat-veinid","8":"product_cat-prantsuse","10":"first","11":"instock","12":"taxable","13":"shipping-taxable","14":"purchasable","15":"product-type-simple","16":"entry","17":"content-bg","18":"loop-entry"},"acf":[],"_links":{"self":[{"href":"https:\/\/mydrink.ee\/et\/wp-json\/wp\/v2\/product\/3827","targetHints":{"allow":["GET"]}}],"collection":[{"href":"https:\/\/mydrink.ee\/et\/wp-json\/wp\/v2\/product"}],"about":[{"href":"https:\/\/mydrink.ee\/et\/wp-json\/wp\/v2\/types\/product"}],"wp:featuredmedia":[{"embeddable":true,"href":"https:\/\/mydrink.ee\/et\/wp-json\/wp\/v2\/media\/3826"}],"wp:attachment":[{"href":"https:\/\/mydrink.ee\/et\/wp-json\/wp\/v2\/media?parent=3827"}],"wp:term":[{"taxonomy":"product_brand","embeddable":true,"href":"https:\/\/mydrink.ee\/et\/wp-json\/wp\/v2\/product_brand?post=3827"},{"taxonomy":"product_cat","embeddable":true,"href":"https:\/\/mydrink.ee\/et\/wp-json\/wp\/v2\/product_cat?post=3827"},{"taxonomy":"product_tag","embeddable":true,"href":"https:\/\/mydrink.ee\/et\/wp-json\/wp\/v2\/product_tag?post=3827"}],"curies":[{"name":"wp","href":"https:\/\/api.w.org\/{rel}","templated":true}]}}