{"id":3829,"date":"2017-09-14T23:36:43","date_gmt":"2017-09-14T20:36:43","guid":{"rendered":"https:\/\/mydrink.ee\/product\/m-chapoutier-les-meysonniers-rouge-21-12-5-vol-75cl\/"},"modified":"2017-09-14T23:36:43","modified_gmt":"2017-09-14T20:36:43","slug":"m-chapoutier-les-meysonniers-rouge-21-12-5-vol-75cl","status":"publish","type":"product","link":"https:\/\/mydrink.ee\/et\/product\/m-chapoutier-les-meysonniers-rouge-21-12-5-vol-75cl\/","title":{"rendered":"M.CHAPOUTIER LES MEYSONNIERS ROUGE \u00b421 12,5% vol 75CL"},"content":{"rendered":"<div class=\"main-wrap-helper clear\">\n<div class=\"main-content-section\">\n<div class=\"product-details-section\">\n<div class=\"product-details-article\">\n<div class=\"grid\">\n<div class=\"col-7-10\">\n<div class=\"product-details-desc\">\n<h2>Kirjeldus<\/h2>\n<p>Apellatsioon:\u00a0AOP Crozes-Hermitage<\/p>\n<p>Arengupotentsiaal: 5-9 aastat alates korjeaastast.<\/p>\n<p>Tootja:\u00a0Michel Chapoutier<\/p>\n<\/div>\n<\/div>\n<\/div>\n<\/div>\n<\/div>\n<\/div>\n<\/div>\n","protected":false},"excerpt":{"rendered":"<p>Aastak\u00e4ik: 2015<br \/>\nTooteliik: Kaitstud p\u00e4ritolunimetusega vein<br \/>\nMagususe aste: Kuiv<br \/>\nP\u00e4ritolumaa: Prantsusmaa<br \/>\nPiirkond: Rh\u00f2ne Valley (P\u00f5hja-Rhone)<br \/>\nViinamarjasort: 100% Syrah<br \/>\nValmistamine: \u201eLes Meysonniers\u201c Crozes-Hermitage Syrah viinapuud on v\u00e4hemalt 25.a. vanad ja n\u00f5lvad paiknevad m\u00e4e l\u00f5unasuunal. Viinamarjad korjatakse k\u00e4sitsi, sorteeritakse, eemaldatakse varred. Veinivirde k\u00e4\u00e4ritamine toimub concrete vaatides 3-4 n\u00e4dalat ja vein areneb 12 kuud concrete vaatides.<br \/>\nV\u00e4rvus: V\u00e4rvus on rubiinpunane, violetse alatooniga.<br \/>\nAroom: Aroomis on tunda k\u00fcpseid musti ja punaseid marju, p\u00f5ldmarju, mustikat, musti ploome, v\u00fcrtse ja pipraid.<br \/>\nMaitse: Maitse on kuiv, keskmise t\u00e4idlusega, marjane, tunda \u00fclek\u00fcpseid musti metsmarju, kuivatatud ploome, pehmeid marjatanniine, \u00fcrdisust. J\u00e4relmaitses pehmed tanniinid ja hea piprasus.<br \/>\nToidusoovitus: Grillitud sealiha, searibid, ahjulihad, grillitud lambaliha, metslinnud, arenenud juustud.<br \/>\nServeerimistemperatuur: 16-18\u00b0C Bordeaux t\u00fc\u00fcpi punaveini klaasist.<br \/>\nSaadaolevad m\u00f5\u00f5dud: 75 cl <\/p>\n","protected":false},"featured_media":3828,"template":"","meta":{"_acf_changed":false,"_kadence_starter_templates_imported_post":false,"_kad_post_transparent":"","_kad_post_title":"","_kad_post_layout":"","_kad_post_sidebar_id":"","_kad_post_content_style":"","_kad_post_vertical_padding":"","_kad_post_feature":"","_kad_post_feature_position":"","_kad_post_header":false,"_kad_post_footer":false},"product_brand":[],"product_cat":[20,180,32],"product_tag":[],"class_list":{"0":"post-3829","1":"product","2":"type-product","3":"status-publish","4":"has-post-thumbnail","6":"product_cat-punased-veinid","7":"product_cat-veinid","8":"product_cat-prantsuse","10":"first","11":"instock","12":"taxable","13":"shipping-taxable","14":"purchasable","15":"product-type-simple","16":"entry","17":"content-bg","18":"loop-entry"},"acf":[],"_links":{"self":[{"href":"https:\/\/mydrink.ee\/et\/wp-json\/wp\/v2\/product\/3829","targetHints":{"allow":["GET"]}}],"collection":[{"href":"https:\/\/mydrink.ee\/et\/wp-json\/wp\/v2\/product"}],"about":[{"href":"https:\/\/mydrink.ee\/et\/wp-json\/wp\/v2\/types\/product"}],"wp:featuredmedia":[{"embeddable":true,"href":"https:\/\/mydrink.ee\/et\/wp-json\/wp\/v2\/media\/3828"}],"wp:attachment":[{"href":"https:\/\/mydrink.ee\/et\/wp-json\/wp\/v2\/media?parent=3829"}],"wp:term":[{"taxonomy":"product_brand","embeddable":true,"href":"https:\/\/mydrink.ee\/et\/wp-json\/wp\/v2\/product_brand?post=3829"},{"taxonomy":"product_cat","embeddable":true,"href":"https:\/\/mydrink.ee\/et\/wp-json\/wp\/v2\/product_cat?post=3829"},{"taxonomy":"product_tag","embeddable":true,"href":"https:\/\/mydrink.ee\/et\/wp-json\/wp\/v2\/product_tag?post=3829"}],"curies":[{"name":"wp","href":"https:\/\/api.w.org\/{rel}","templated":true}]}}