{"id":3835,"date":"2017-09-14T23:38:45","date_gmt":"2017-09-14T20:38:45","guid":{"rendered":"https:\/\/mydrink.ee\/product\/m-chapoutier-la-muse-de-rw-blanc-brut-nature-16-13-75cl\/"},"modified":"2025-10-14T21:26:26","modified_gmt":"2025-10-14T18:26:26","slug":"m-chapoutier-la-muse-de-rw-blanc-brut-nature-16-13-75cl","status":"publish","type":"product","link":"https:\/\/mydrink.ee\/et\/product\/m-chapoutier-la-muse-de-rw-blanc-brut-nature-16-13-75cl\/","title":{"rendered":"M.CHAPOUTIER LA MUSE DE RW BLANC BRUT NATURE\u00b416 13% 75CL"},"content":{"rendered":"<div class=\"main-wrap-helper clear\">\n<div class=\"main-content-section\">\n<div class=\"product-details-section\">\n<div class=\"product-details-article\">\n<div class=\"grid\">\n<div class=\"col-7-10\">\n<div class=\"product-details-desc\">\n<h2>Kirjeldus<\/h2>\n<p>AOP Saint-P\u00e9ray.<\/p>\n<p>Pinnas: Graniit, savimullad.<\/p>\n<p>Arengupotentsiaal: 8-10 aastat alates korjeaastast.<\/p>\n<p>2012 aastak\u00e4ik- Robert Parker 90\/100<\/p>\n<p>Tootja: Michel Chapoutier<\/p>\n<\/div>\n<\/div>\n<\/div>\n<\/div>\n<\/div>\n<\/div>\n<\/div>\n","protected":false},"excerpt":{"rendered":"<p>Aastak\u00e4ik: 2012<br \/>\nTooteliik: Kaitstud p\u00e4ritolunimetusega vahuvein<br \/>\nP\u00e4ritolumaa: Prantsusmaa<br \/>\nPiirkond: Rh\u00f2ne Valley (P\u00f5hja-Rhone)<br \/>\nViinamarjasort: 100% Marsanne<br \/>\nValmistamine: M\u00e9thode Champenoise. Viinamarjad korjatakse, sorteeritakse, eemaldatakse varred ja pressitakse. Fermentatsioon toimub terasvaadis, teine fermentatsioon (autol\u00fc\u00fcs) toimub pudelis, p\u00e4rmisettel 36 kuud.<br \/>\nV\u00e4rvus: V\u00e4rvus on kuldkollane, kirgas, mullijuga peen ja tihe.<br \/>\nAroom: Aroom on elegantselt puuviljane ja lilleline. Tunda valgeid lilli, nartsisse, kollaseid \u00f5unu, aprikoose, r\u00f6stitud p\u00e4hkleid ja v\u00f5isust.<br \/>\nMaitse: Maitse on kuiv, t\u00e4idlane, \u00fcmar ja kreemjas. Tunda puuviljast v\u00e4rskust, k\u00fcpseid aprikoose, virsikuid, head mineraalsust. J\u00e4relmaitse pikk ja puuviljane.<br \/>\nToidusoovitus: Aperitiiv, grillitud mereannid, austrid, sushi, punane kala, foie gras, pehmed juustud.<br \/>\nServeerimistemperatuur: jahutatult 8-10\u00b0C Bordeaux valgeveini v\u00f5i vintage champagne klaasist.<br \/>\nSaadaolevad m\u00f5\u00f5dud: 75 cl <\/p>\n","protected":false},"featured_media":3834,"template":"","meta":{"_acf_changed":false,"_kadence_starter_templates_imported_post":false,"_kad_post_transparent":"","_kad_post_title":"","_kad_post_layout":"","_kad_post_sidebar_id":"","_kad_post_content_style":"","_kad_post_vertical_padding":"","_kad_post_feature":"","_kad_post_feature_position":"","_kad_post_header":false,"_kad_post_footer":false},"product_brand":[],"product_cat":[123,180,24,80],"product_tag":[],"class_list":{"0":"post-3835","1":"product","2":"type-product","3":"status-publish","4":"has-post-thumbnail","6":"product_cat-vahuveinid-1","7":"product_cat-veinid","8":"product_cat-vahuveinid","9":"product_cat-prantsuse-1-2","11":"first","12":"instock","13":"taxable","14":"shipping-taxable","15":"purchasable","16":"product-type-simple","17":"entry","18":"content-bg","19":"loop-entry"},"acf":[],"_links":{"self":[{"href":"https:\/\/mydrink.ee\/et\/wp-json\/wp\/v2\/product\/3835","targetHints":{"allow":["GET"]}}],"collection":[{"href":"https:\/\/mydrink.ee\/et\/wp-json\/wp\/v2\/product"}],"about":[{"href":"https:\/\/mydrink.ee\/et\/wp-json\/wp\/v2\/types\/product"}],"wp:featuredmedia":[{"embeddable":true,"href":"https:\/\/mydrink.ee\/et\/wp-json\/wp\/v2\/media\/3834"}],"wp:attachment":[{"href":"https:\/\/mydrink.ee\/et\/wp-json\/wp\/v2\/media?parent=3835"}],"wp:term":[{"taxonomy":"product_brand","embeddable":true,"href":"https:\/\/mydrink.ee\/et\/wp-json\/wp\/v2\/product_brand?post=3835"},{"taxonomy":"product_cat","embeddable":true,"href":"https:\/\/mydrink.ee\/et\/wp-json\/wp\/v2\/product_cat?post=3835"},{"taxonomy":"product_tag","embeddable":true,"href":"https:\/\/mydrink.ee\/et\/wp-json\/wp\/v2\/product_tag?post=3835"}],"curies":[{"name":"wp","href":"https:\/\/api.w.org\/{rel}","templated":true}]}}