{"id":3899,"date":"2017-10-07T23:39:26","date_gmt":"2017-10-07T20:39:26","guid":{"rendered":"https:\/\/mydrink.ee\/product\/dourthe-grand-terroirsbordeaux-red-16-13-5-75cl\/"},"modified":"2017-10-07T23:39:26","modified_gmt":"2017-10-07T20:39:26","slug":"dourthe-grand-terroirsbordeaux-red-16-13-5-75cl","status":"publish","type":"product","link":"https:\/\/mydrink.ee\/et\/product\/dourthe-grand-terroirsbordeaux-red-16-13-5-75cl\/","title":{"rendered":"DOURTHE GRANDS TERROIRS BORDEAUX RED \u00b420 13.5% 75CL"},"content":{"rendered":"<div class=\"main-wrap-helper clear\">\n<div class=\"main-content-section\">\n<div class=\"product-details-section\">\n<div class=\"product-details-article\">\n<div class=\"grid\">\n<div class=\"col-7-10\">\n<div class=\"product-details-desc\">\n<p>Tootja: CVBG Dourthe Kressmann<br \/>Korje: Viinamarjade korjega alustatakse septembrikuu keskpaigas, iga sort korjatakse eraldi vastavalt k\u00fcpsusastmele.<br \/>Valmistamine: Veinivirde k\u00e4\u00e4ritamine toimub terasvaatides 10-14 p\u00e4eva kontrollitud<br \/>Arengupotentsiaal: 4-5 aastat alates korjeaastast.<\/p>\n<\/p>\n<\/div>\n<\/div>\n<\/div>\n<\/div>\n<\/div>\n<\/div>\n<\/div>\n","protected":false},"excerpt":{"rendered":"<p>Tooteliik: Kaitstud p\u00e4ritolunimetusega vein<br \/>\nAastak\u00e4ik: 2016<br \/>\nMaht: 75CL<br \/>\nAlkoholisisaldus: 13,5%<br \/>\nP\u00e4ritolumaa: Prantsusmaa<br \/>\nPiirkond: AOC Bordeaux<br \/>\nViinamarjasort: Merlot, Cabernet Sauvginon, Cabernet Franc<br \/>\ntemperatuuril. Vein laagerdub terasvaatides ja osaliselt tammevaatides.<br \/>\nV\u00e4rvus: Rubiinpunane, violetse alatooniga.<br \/>\nAroom: Tunda on k\u00fcpseid punaseid marju, musti ploome, kirsse, samuti mustikaid ja p\u00f5ldmarju.<br \/>\nMaitse: Kuiv, keskmise t\u00e4idlusega, marjane, tunda pehmeid marjatanniine, heas tasakaalus, j\u00e4relmaitses pehme marjasus.<br \/>\nToidusoovitus: K\u00fclmad suupisted, kodulinnud, sealihatoidud, grill-liha, juustuvalik.<br \/>\nServeerimistemperatuur: 16-18\u00b0C Bordeaux t\u00fc\u00fcpi punaveini klaasist.<\/p>\n","protected":false},"featured_media":3898,"template":"","meta":{"_acf_changed":false,"_kadence_starter_templates_imported_post":false,"_kad_post_transparent":"","_kad_post_title":"","_kad_post_layout":"","_kad_post_sidebar_id":"","_kad_post_content_style":"","_kad_post_vertical_padding":"","_kad_post_feature":"","_kad_post_feature_position":"","_kad_post_header":false,"_kad_post_footer":false},"product_brand":[],"product_cat":[20,180,32],"product_tag":[],"class_list":{"0":"post-3899","1":"product","2":"type-product","3":"status-publish","4":"has-post-thumbnail","6":"product_cat-punased-veinid","7":"product_cat-veinid","8":"product_cat-prantsuse","10":"first","11":"instock","12":"taxable","13":"shipping-taxable","14":"purchasable","15":"product-type-simple","16":"entry","17":"content-bg","18":"loop-entry"},"acf":[],"_links":{"self":[{"href":"https:\/\/mydrink.ee\/et\/wp-json\/wp\/v2\/product\/3899","targetHints":{"allow":["GET"]}}],"collection":[{"href":"https:\/\/mydrink.ee\/et\/wp-json\/wp\/v2\/product"}],"about":[{"href":"https:\/\/mydrink.ee\/et\/wp-json\/wp\/v2\/types\/product"}],"wp:featuredmedia":[{"embeddable":true,"href":"https:\/\/mydrink.ee\/et\/wp-json\/wp\/v2\/media\/3898"}],"wp:attachment":[{"href":"https:\/\/mydrink.ee\/et\/wp-json\/wp\/v2\/media?parent=3899"}],"wp:term":[{"taxonomy":"product_brand","embeddable":true,"href":"https:\/\/mydrink.ee\/et\/wp-json\/wp\/v2\/product_brand?post=3899"},{"taxonomy":"product_cat","embeddable":true,"href":"https:\/\/mydrink.ee\/et\/wp-json\/wp\/v2\/product_cat?post=3899"},{"taxonomy":"product_tag","embeddable":true,"href":"https:\/\/mydrink.ee\/et\/wp-json\/wp\/v2\/product_tag?post=3899"}],"curies":[{"name":"wp","href":"https:\/\/api.w.org\/{rel}","templated":true}]}}