{"id":3903,"date":"2017-10-07T23:48:40","date_gmt":"2017-10-07T20:48:40","guid":{"rendered":"https:\/\/mydrink.ee\/product\/dourthe-grand-terroirsbordeaux-white-16-12-75cl\/"},"modified":"2017-10-07T23:48:40","modified_gmt":"2017-10-07T20:48:40","slug":"dourthe-grand-terroirsbordeaux-white-16-12-75cl","status":"publish","type":"product","link":"https:\/\/mydrink.ee\/et\/product\/dourthe-grand-terroirsbordeaux-white-16-12-75cl\/","title":{"rendered":"DOURTHE GRANDS TERROIRS BORDEAUX WHITE \u00b417 12% 75CL"},"content":{"rendered":"<p>Tootja: CVBG Dourthe Kressmann<br \/>Korje: Viinamarjad korjatakse varajastel hommikutundidel, marjad sorteeritakse ja eemaldatakse varred. Edasi toimub k\u00fclmfermentatsioon kontrollitud temperatuuril 14-15\u00b0C juures. Vein laagerdub terasvaadis.<\/p>\n","protected":false},"excerpt":{"rendered":"<p>Tooteliik: Kaitstud p\u00e4ritolunimetusega vein<br \/>\nAastak\u00e4ik: 2016<br \/>\nMaht: 75CL<br \/>\nAlkoholisisaldus: 12%<br \/>\nP\u00e4ritolumaa: Prantsusmaa<br \/>\nPiirkond: AOC Bordeaux<br \/>\nViinamarjasort: Semillon, Sauvignon Blanc, Muscadelle<br \/>\nV\u00e4rvus: V\u00e4rvus on helekollane, roheka alatooniga.<br \/>\nAroom: Aroom on v\u00e4rske, lopsakas ja puuviljane. Tunda k\u00fcpseid \u00f5unu, virsikuid, kollaseid tikreid, valgete lillede ja tsitruseliste noote.<br \/>\nMaitse: Maitse on kuiv, lopsakas ja puuviljane. Tunda v\u00e4rskeid puuvilju, rohelisi \u00fcrte, mineraalsust ja tsitruselisi. J\u00e4relmaitse pikk ja mahlane.<br \/>\nToidusoovitus: Aperitiiv, mereannid, austrid, valge kala, rohelised salatid, suupisted, juustuvalik.<br \/>\nServeerimistemperatuur: Jahutatuna 8-10\u00b0C Bordeaux t\u00fc\u00fcpi valgeveini klaasist.<\/p>\n","protected":false},"featured_media":3902,"template":"","meta":{"_acf_changed":false,"_kadence_starter_templates_imported_post":false,"_kad_post_transparent":"","_kad_post_title":"","_kad_post_layout":"","_kad_post_sidebar_id":"","_kad_post_content_style":"","_kad_post_vertical_padding":"","_kad_post_feature":"","_kad_post_feature_position":"","_kad_post_header":false,"_kad_post_footer":false},"product_brand":[],"product_cat":[21,180,57],"product_tag":[],"class_list":{"0":"post-3903","1":"product","2":"type-product","3":"status-publish","4":"has-post-thumbnail","6":"product_cat-valged-veinid","7":"product_cat-veinid","8":"product_cat-prantsuse-1","10":"first","11":"instock","12":"taxable","13":"shipping-taxable","14":"purchasable","15":"product-type-simple","16":"entry","17":"content-bg","18":"loop-entry"},"acf":[],"_links":{"self":[{"href":"https:\/\/mydrink.ee\/et\/wp-json\/wp\/v2\/product\/3903","targetHints":{"allow":["GET"]}}],"collection":[{"href":"https:\/\/mydrink.ee\/et\/wp-json\/wp\/v2\/product"}],"about":[{"href":"https:\/\/mydrink.ee\/et\/wp-json\/wp\/v2\/types\/product"}],"wp:featuredmedia":[{"embeddable":true,"href":"https:\/\/mydrink.ee\/et\/wp-json\/wp\/v2\/media\/3902"}],"wp:attachment":[{"href":"https:\/\/mydrink.ee\/et\/wp-json\/wp\/v2\/media?parent=3903"}],"wp:term":[{"taxonomy":"product_brand","embeddable":true,"href":"https:\/\/mydrink.ee\/et\/wp-json\/wp\/v2\/product_brand?post=3903"},{"taxonomy":"product_cat","embeddable":true,"href":"https:\/\/mydrink.ee\/et\/wp-json\/wp\/v2\/product_cat?post=3903"},{"taxonomy":"product_tag","embeddable":true,"href":"https:\/\/mydrink.ee\/et\/wp-json\/wp\/v2\/product_tag?post=3903"}],"curies":[{"name":"wp","href":"https:\/\/api.w.org\/{rel}","templated":true}]}}