{"id":3945,"date":"2018-02-20T08:34:19","date_gmt":"2018-02-20T06:34:19","guid":{"rendered":"https:\/\/mydrink.ee\/product\/lordson-gin-37-5-vol-300cl-bib\/"},"modified":"2025-10-22T16:33:40","modified_gmt":"2025-10-22T13:33:40","slug":"lordson-gin-37-5-vol-300cl-bib","status":"publish","type":"product","link":"https:\/\/mydrink.ee\/et\/product\/lordson-gin-37-5-vol-300cl-bib\/","title":{"rendered":"Lordson Gin 37,5% vol 300CL BIB"},"content":{"rendered":"<p style=\"box-sizing: inherit; margin-top: 0px; margin-bottom: 0.9rem; color: #000000; font-size: 1.35rem; font-family: 'Open Sans', 'Helvetica Neue', Helvetica, Arial, sans-serif; font-style: normal; font-variant-ligatures: normal; font-variant-caps: normal; font-weight: 400; letter-spacing: normal; orphans: 2; text-align: start; text-indent: 0px; text-transform: none; widows: 2; word-spacing: 0px; -webkit-text-stroke-width: 0px; white-space: normal; background-color: #ffffff; text-decoration-thickness: initial; text-decoration-style: initial; text-decoration-color: initial;\"><span style=\"box-sizing: inherit; vertical-align: inherit; font-size: small;\"><span style=\"box-sizing: inherit; vertical-align: inherit;\">Prantsusmaalt p\u00e4rit h\u00e4sti tuntud d\u017einnis on olemas k\u00f5ik, mis \u00fchel heal d\u017einnil olema peab. Peened kadaka aroomid koos \u00fcrtide ja lagritsa n\u00fcanssidega teevad iga kokteili kordaminekuks. <br \/>Ideaalne nii puhtalt kui ka segamiseks.<\/span><\/span><\/p>\n","protected":false},"excerpt":{"rendered":"<p>Liik: Gin<br \/>Maht: 300CL<br \/>Kastis: 4<br \/>Alkoholisisaldus: 37,5% vol<br \/>P&auml;ritolumaa: Prantsusmaa<br \/>Serveerimine:&nbsp;&nbsp;&nbsp; 8-10 C<\/p>\n","protected":false},"featured_media":3944,"template":"","meta":{"_acf_changed":false,"_kadence_starter_templates_imported_post":false,"_kad_post_transparent":"","_kad_post_title":"","_kad_post_layout":"","_kad_post_sidebar_id":"","_kad_post_content_style":"","_kad_post_vertical_padding":"","_kad_post_feature":"","_kad_post_feature_position":"","_kad_post_header":false,"_kad_post_footer":false},"product_brand":[],"product_cat":[254,110,39,26,50],"product_tag":[],"class_list":{"0":"post-3945","1":"product","2":"type-product","3":"status-publish","4":"has-post-thumbnail","6":"product_cat-kange-alkohol-pakkumised","7":"product_cat-pakkumised","8":"product_cat-gin","9":"product_cat-kange-alkohol","10":"product_cat-soodus-1","12":"first","13":"instock","14":"sale","15":"taxable","16":"shipping-taxable","17":"purchasable","18":"product-type-simple","19":"entry","20":"content-bg","21":"loop-entry"},"acf":[],"_links":{"self":[{"href":"https:\/\/mydrink.ee\/et\/wp-json\/wp\/v2\/product\/3945","targetHints":{"allow":["GET"]}}],"collection":[{"href":"https:\/\/mydrink.ee\/et\/wp-json\/wp\/v2\/product"}],"about":[{"href":"https:\/\/mydrink.ee\/et\/wp-json\/wp\/v2\/types\/product"}],"wp:featuredmedia":[{"embeddable":true,"href":"https:\/\/mydrink.ee\/et\/wp-json\/wp\/v2\/media\/3944"}],"wp:attachment":[{"href":"https:\/\/mydrink.ee\/et\/wp-json\/wp\/v2\/media?parent=3945"}],"wp:term":[{"taxonomy":"product_brand","embeddable":true,"href":"https:\/\/mydrink.ee\/et\/wp-json\/wp\/v2\/product_brand?post=3945"},{"taxonomy":"product_cat","embeddable":true,"href":"https:\/\/mydrink.ee\/et\/wp-json\/wp\/v2\/product_cat?post=3945"},{"taxonomy":"product_tag","embeddable":true,"href":"https:\/\/mydrink.ee\/et\/wp-json\/wp\/v2\/product_tag?post=3945"}],"curies":[{"name":"wp","href":"https:\/\/api.w.org\/{rel}","templated":true}]}}