{"id":3958,"date":"2018-04-12T20:36:36","date_gmt":"2018-04-12T17:36:36","guid":{"rendered":"https:\/\/mydrink.ee\/product\/peter-lehmann-portrait-cabernet-sauvignon-19-14-5-75cl\/"},"modified":"2018-04-12T20:36:36","modified_gmt":"2018-04-12T17:36:36","slug":"peter-lehmann-portrait-cabernet-sauvignon-19-14-5-75cl","status":"publish","type":"product","link":"https:\/\/mydrink.ee\/et\/product\/peter-lehmann-portrait-cabernet-sauvignon-19-14-5-75cl\/","title":{"rendered":"PETER LEHMANN PORTRAIT CABERNET SAUVIGNON\u00b419 14.5% 75CL"},"content":{"rendered":"<p>Arengupotentsiaal: 5-10 aastat alates korjeaastast.<\/p>\n","protected":false},"excerpt":{"rendered":"<p>Tooteliik\tGeograafilise t\u00e4hisega vein<br \/>\nMagususe aste\tKuiv<br \/>\nP\u00e4ritolumaa\tAustraalia<br \/>\nPiirkond\tL\u00f5una-Austraalia, Barossa Valley<br \/>\nViinamarjasort\t100% Cabernet Sauvignon<br \/>\nValmistamine\tPortrait Cabernet Sauvignon viinamarjad p\u00e4rinevad Barossa orust p\u00f5hja- ja l\u00f5unapoolsetest aedadest. Viinamarjad pressitakse, matseratsioon koos kestadega toimub 7 p\u00e4eva, fermentatsioon toimub kontrollitud temperatuuril. Vein areneb 12 kuud Prantsuse ja Ameerika hogshead tammevaatides.<br \/>\nV\u00e4rvus\tV\u00e4rvus on s\u00fcgav, rubiinpunane violetse alatooniga.<br \/>\nAroom\tAroomis on tunda lopsakaid musti marju, musti ploome, v\u00fcrtse, tumedat \u0161okolaadi ja aimatavalt tammevaadi vaniljesust.<br \/>\nMaitse\tMaitse on kuiv, t\u00e4idlane ja kompleksne. Tunda k\u00fcpseid musts\u00f5straid, \u00fcrte, pehmeid puidutanniine, tumedat \u0161okolaadi. J\u00e4relmaitse pikk ja marjane, pehmelt v\u00fcrtsise alatooniga.<br \/>\nToidusoovitus\tGrill-lihad, BBQ lihad, uluki-ja veiseliha punaveini kastmes, arenenud juustud.<br \/>\nServeerimistemperatuur\t16-18\u00b0C Bordeaux t\u00fc\u00fcpi punaveini klaasist.<\/p>\n","protected":false},"featured_media":3957,"template":"","meta":{"_acf_changed":false,"_kadence_starter_templates_imported_post":false,"_kad_post_transparent":"","_kad_post_title":"","_kad_post_layout":"","_kad_post_sidebar_id":"","_kad_post_content_style":"","_kad_post_vertical_padding":"","_kad_post_feature":"","_kad_post_feature_position":"","_kad_post_header":false,"_kad_post_footer":false},"product_brand":[],"product_cat":[20,28,180],"product_tag":[],"class_list":{"0":"post-3958","1":"product","2":"type-product","3":"status-publish","4":"has-post-thumbnail","6":"product_cat-punased-veinid","7":"product_cat-austraalia","8":"product_cat-veinid","10":"first","11":"instock","12":"taxable","13":"shipping-taxable","14":"purchasable","15":"product-type-simple","16":"entry","17":"content-bg","18":"loop-entry"},"acf":[],"_links":{"self":[{"href":"https:\/\/mydrink.ee\/et\/wp-json\/wp\/v2\/product\/3958","targetHints":{"allow":["GET"]}}],"collection":[{"href":"https:\/\/mydrink.ee\/et\/wp-json\/wp\/v2\/product"}],"about":[{"href":"https:\/\/mydrink.ee\/et\/wp-json\/wp\/v2\/types\/product"}],"wp:featuredmedia":[{"embeddable":true,"href":"https:\/\/mydrink.ee\/et\/wp-json\/wp\/v2\/media\/3957"}],"wp:attachment":[{"href":"https:\/\/mydrink.ee\/et\/wp-json\/wp\/v2\/media?parent=3958"}],"wp:term":[{"taxonomy":"product_brand","embeddable":true,"href":"https:\/\/mydrink.ee\/et\/wp-json\/wp\/v2\/product_brand?post=3958"},{"taxonomy":"product_cat","embeddable":true,"href":"https:\/\/mydrink.ee\/et\/wp-json\/wp\/v2\/product_cat?post=3958"},{"taxonomy":"product_tag","embeddable":true,"href":"https:\/\/mydrink.ee\/et\/wp-json\/wp\/v2\/product_tag?post=3958"}],"curies":[{"name":"wp","href":"https:\/\/api.w.org\/{rel}","templated":true}]}}