{"id":3970,"date":"2018-04-12T20:42:14","date_gmt":"2018-04-12T17:42:14","guid":{"rendered":"https:\/\/mydrink.ee\/product\/peter-lehmann-portrait-riesling-15-11-75cl\/"},"modified":"2018-04-12T20:42:14","modified_gmt":"2018-04-12T17:42:14","slug":"peter-lehmann-portrait-riesling-15-11-75cl","status":"publish","type":"product","link":"https:\/\/mydrink.ee\/et\/product\/peter-lehmann-portrait-riesling-15-11-75cl\/","title":{"rendered":"PETER LEHMANN PORTRAIT RIESLING \u00b417 11% 75CL"},"content":{"rendered":"<p>Arengupotentsiaal: kuni 5 aastat alates korjeaastast.<\/p>\n","protected":false},"excerpt":{"rendered":"<p>Tooteliik\tGeograafilise t\u00e4hisega vein<br \/>\nMagususe aste\tKuiv<br \/>\nP\u00e4ritolumaa\tAustraalia<br \/>\nPiirkond\tSouth-Austraalia, Eden Valley<br \/>\nViinamarjasort\t100% Riesling<br \/>\nKorje\tViinamarjad on korjatud varakult, marjad pressitakse koheselt ja eemaldatakse kestad veinivirdest. Edasi toimub k\u00fclm fermentatsioon terasvaatides, vein selitatakse ja villitakse pudelisse.<br \/>\nV\u00e4rvus\tHelekollane, roheka alatooniga.<br \/>\nAroom\tV\u00e4rske, tunda rohelisi puuvilju, \u00f5unu, lillelisust ja rohelisi tsitruselisi (laimi).<br \/>\nMaitse\tKuiv ja v\u00e4rske, keskmise t\u00e4idlusega. Tunda karget mineraalsust, k\u00fcpseid tsitruselisi ja \u00f5unu. J\u00e4relmaitse mineraalselt v\u00fcrtsikas ja pehme happesusega.<br \/>\nToidusoovitus\tMereannid, austrid, kala- ja linnulihast eelroad, k\u00fcpsetatud kalaroad, pehmed juustud.<br \/>\nServeerimistemperatuur\t8-10\u00b0C Bordeaux t\u00fc\u00fcpi valgeveini klaasist.<br \/>\nSaadaolevad m\u00f5\u00f5dud\t75 cl<br \/>\nMaht\t75cl<\/p>\n","protected":false},"featured_media":3969,"template":"","meta":{"_acf_changed":false,"_kadence_starter_templates_imported_post":false,"_kad_post_transparent":"","_kad_post_title":"","_kad_post_layout":"","_kad_post_sidebar_id":"","_kad_post_content_style":"","_kad_post_vertical_padding":"","_kad_post_feature":"","_kad_post_feature_position":"","_kad_post_header":false,"_kad_post_footer":false},"product_brand":[],"product_cat":[53,21,180],"product_tag":[],"class_list":{"0":"post-3970","1":"product","2":"type-product","3":"status-publish","4":"has-post-thumbnail","6":"product_cat-austraalia-1","7":"product_cat-valged-veinid","8":"product_cat-veinid","10":"first","11":"instock","12":"taxable","13":"shipping-taxable","14":"purchasable","15":"product-type-simple","16":"entry","17":"content-bg","18":"loop-entry"},"acf":[],"_links":{"self":[{"href":"https:\/\/mydrink.ee\/et\/wp-json\/wp\/v2\/product\/3970","targetHints":{"allow":["GET"]}}],"collection":[{"href":"https:\/\/mydrink.ee\/et\/wp-json\/wp\/v2\/product"}],"about":[{"href":"https:\/\/mydrink.ee\/et\/wp-json\/wp\/v2\/types\/product"}],"wp:featuredmedia":[{"embeddable":true,"href":"https:\/\/mydrink.ee\/et\/wp-json\/wp\/v2\/media\/3969"}],"wp:attachment":[{"href":"https:\/\/mydrink.ee\/et\/wp-json\/wp\/v2\/media?parent=3970"}],"wp:term":[{"taxonomy":"product_brand","embeddable":true,"href":"https:\/\/mydrink.ee\/et\/wp-json\/wp\/v2\/product_brand?post=3970"},{"taxonomy":"product_cat","embeddable":true,"href":"https:\/\/mydrink.ee\/et\/wp-json\/wp\/v2\/product_cat?post=3970"},{"taxonomy":"product_tag","embeddable":true,"href":"https:\/\/mydrink.ee\/et\/wp-json\/wp\/v2\/product_tag?post=3970"}],"curies":[{"name":"wp","href":"https:\/\/api.w.org\/{rel}","templated":true}]}}