{"id":3984,"date":"2018-04-26T06:41:27","date_gmt":"2018-04-26T03:41:27","guid":{"rendered":"https:\/\/mydrink.ee\/product\/i-am-cabernet-sauvignon-bib-17-13-300cl\/"},"modified":"2025-09-09T03:03:49","modified_gmt":"2025-09-09T00:03:49","slug":"i-am-cabernet-sauvignon-bib-17-13-300cl","status":"publish","type":"product","link":"https:\/\/mydrink.ee\/et\/product\/i-am-cabernet-sauvignon-bib-17-13-300cl\/","title":{"rendered":"I\u00b4AM CABERNET SAUVIGNON BIB\u00b417 13% 300CL"},"content":{"rendered":"","protected":false},"excerpt":{"rendered":"<p>Tooteliik: Vein<br \/>\nMaht: 300CL<br \/>\nAlkoholisisaldus: 13%<br \/>\nP\u00e4ritolumaa: Rumeenia<br \/>\nPiirkond: Banat<br \/>\nViinamarjasort: 100% Cabernet Sauvignon<br \/>\nValmistamine: Vein k\u00e4\u00e4ritatakse roostevabast terasest vaadis ja ei ole laagerdunud tammevaadis.<br \/>\nV\u00e4rvus: Rubiinpunane, violetse alatooniga.<br \/>\nAroom: Aroom on marjane, tunda k\u00fcpseid musti ja punaseid marju, mustikaid, musts\u00f5straid, k\u00fcpseid kirsse.<br \/>\nMaitse: Maitse on kuiv ja keskmise t\u00e4idlusega, marjane. Tunda musti metskirsse, tumedaid ploome, k\u00fcpseid musts\u00f5straid, kuivatatud \u00fcrte. J\u00e4relmaitse \u00fcrdiselt marjane ja marjapargise l\u00f5puga.<br \/>\nToidusoovitus: Sea-ja loomalihast valmistatud toidud, grill-ribid, punaveini ja marjakastmed, k\u00fcpsed juustud.<br \/>\nServeerimistemperatuur: 16-18\u00b0C klassikalisest Bordeaux punaveini pokaalist.<\/p>\n","protected":false},"featured_media":3983,"template":"","meta":{"_acf_changed":false,"_kadence_starter_templates_imported_post":false,"_kad_post_transparent":"","_kad_post_title":"","_kad_post_layout":"","_kad_post_sidebar_id":"","_kad_post_content_style":"","_kad_post_vertical_padding":"","_kad_post_feature":"","_kad_post_feature_position":"","_kad_post_header":false,"_kad_post_footer":false},"product_brand":[],"product_cat":[20,182,37],"product_tag":[],"class_list":{"0":"post-3984","1":"product","2":"type-product","3":"status-publish","4":"has-post-thumbnail","6":"product_cat-punased-veinid","7":"product_cat-pakiveinid-1-veinid","8":"product_cat-muu","10":"first","11":"outofstock","12":"taxable","13":"shipping-taxable","14":"purchasable","15":"product-type-simple","16":"entry","17":"content-bg","18":"loop-entry"},"acf":[],"_links":{"self":[{"href":"https:\/\/mydrink.ee\/et\/wp-json\/wp\/v2\/product\/3984","targetHints":{"allow":["GET"]}}],"collection":[{"href":"https:\/\/mydrink.ee\/et\/wp-json\/wp\/v2\/product"}],"about":[{"href":"https:\/\/mydrink.ee\/et\/wp-json\/wp\/v2\/types\/product"}],"wp:featuredmedia":[{"embeddable":true,"href":"https:\/\/mydrink.ee\/et\/wp-json\/wp\/v2\/media\/3983"}],"wp:attachment":[{"href":"https:\/\/mydrink.ee\/et\/wp-json\/wp\/v2\/media?parent=3984"}],"wp:term":[{"taxonomy":"product_brand","embeddable":true,"href":"https:\/\/mydrink.ee\/et\/wp-json\/wp\/v2\/product_brand?post=3984"},{"taxonomy":"product_cat","embeddable":true,"href":"https:\/\/mydrink.ee\/et\/wp-json\/wp\/v2\/product_cat?post=3984"},{"taxonomy":"product_tag","embeddable":true,"href":"https:\/\/mydrink.ee\/et\/wp-json\/wp\/v2\/product_tag?post=3984"}],"curies":[{"name":"wp","href":"https:\/\/api.w.org\/{rel}","templated":true}]}}