{"id":4106,"date":"2025-10-14T10:58:49","date_gmt":"2025-10-14T07:58:49","guid":{"rendered":"https:\/\/mydrink.ee\/?post_type=product&#038;p=4106"},"modified":"2026-03-19T15:49:55","modified_gmt":"2026-03-19T13:49:55","slug":"cuerpo-mojito15-300cl-bib-disabled","status":"publish","type":"product","link":"https:\/\/mydrink.ee\/et\/product\/cuerpo-mojito15-300cl-bib-disabled\/","title":{"rendered":"Cuerpo Mojito 15% vol 300cl BIB"},"content":{"rendered":"<h2 class=\"first-title\" style=\"box-sizing: border-box; font-family: 'Open Sans', sans-serif; font-weight: 400; line-height: 1.1; color: #656361; margin-top: 0px; margin-bottom: 9px; font-size: 16px; font-style: normal; font-variant-ligatures: normal; font-variant-caps: normal; letter-spacing: normal; orphans: 2; text-align: start; text-indent: 0px; text-transform: none; white-space: normal; widows: 2; word-spacing: 0px; -webkit-text-stroke-width: 0px; background-color: #ffffff; text-decoration-style: initial; text-decoration-color: initial;\">Iseloomustus<\/h2>\n<p style=\"box-sizing: border-box; margin: 0px 0px 9px; color: #656361; font-family: 'Open Sans', sans-serif; font-size: 13px; font-style: normal; font-variant-ligatures: normal; font-variant-caps: normal; font-weight: 400; letter-spacing: normal; orphans: 2; text-align: start; text-indent: 0px; text-transform: none; white-space: normal; widows: 2; word-spacing: 0px; -webkit-text-stroke-width: 0px; background-color: #ffffff; text-decoration-style: initial; text-decoration-color: initial;\">Cuerpo Mojito on heleda rummi baasil valmistatud populaarne kokteil. Kerge ja suvise maitsega \u2013 populaarne mojito kokteilijook, mille valmistamiseks v\u00f5id lisada fariinsuhkrut, laimi, purustatud j\u00e4\u00e4d ning juba pudelis olev mojito. Pikenduseks lisa t\u00f6rts gaseeritud vett v\u00f5i sprite\u2019i.<\/p>\n<p>Lisainfo<\/p>\n<p style=\"box-sizing: border-box; margin: 0px 0px 9px; color: #656361; font-family: 'Open Sans', sans-serif; font-size: 13px; font-style: normal; font-variant-ligatures: normal; font-variant-caps: normal; font-weight: 400; letter-spacing: normal; orphans: 2; text-align: start; text-indent: 0px; text-transform: none; white-space: normal; widows: 2; word-spacing: 0px; -webkit-text-stroke-width: 0px; background-color: #ffffff; text-decoration-style: initial; text-decoration-color: initial;\">Les Grands Chais de France Grupp on perefirma, mis loodud 1979 aastal ja mida juhib Joseph Helfrich.<br style=\"box-sizing: border-box;\" \/>Peakontor asub Petersbachis, Vosgesi Rahvuspargi l\u00e4heduses Alsaces.<br style=\"box-sizing: border-box;\" \/>GCF on suurimaid ja juhtivamaid ettev\u00f5tteid Prantsusmaal.<\/p>\n","protected":false},"excerpt":{"rendered":"<p>Liik: Kokteil<br \/>\nKastis: 4<br \/>\nMaht: 300CL<br \/>\nP\u00e4ritolumaa: Prantsusmaa<br \/>\nTootja: Les Grands Chais de France (GCF)<br \/>\nAlkoholisisaldus: 15%<br \/>\nServeerimine: Jahutatult, j\u00e4\u00e4ga<\/p>\n","protected":false},"featured_media":4105,"template":"","meta":{"_acf_changed":false,"_kadence_starter_templates_imported_post":false,"_kad_post_transparent":"","_kad_post_title":"","_kad_post_layout":"","_kad_post_sidebar_id":"","_kad_post_content_style":"","_kad_post_vertical_padding":"","_kad_post_feature":"","_kad_post_feature_position":"","_kad_post_header":false,"_kad_post_footer":false},"product_brand":[],"product_cat":[154,25],"product_tag":[],"class_list":{"0":"post-4106","1":"product","2":"type-product","3":"status-publish","4":"has-post-thumbnail","6":"product_cat-kokteil","7":"product_cat-olu-siider-long-drink","9":"first","10":"instock","11":"taxable","12":"shipping-taxable","13":"purchasable","14":"product-type-simple","15":"entry","16":"content-bg","17":"loop-entry"},"acf":[],"_links":{"self":[{"href":"https:\/\/mydrink.ee\/et\/wp-json\/wp\/v2\/product\/4106","targetHints":{"allow":["GET"]}}],"collection":[{"href":"https:\/\/mydrink.ee\/et\/wp-json\/wp\/v2\/product"}],"about":[{"href":"https:\/\/mydrink.ee\/et\/wp-json\/wp\/v2\/types\/product"}],"wp:featuredmedia":[{"embeddable":true,"href":"https:\/\/mydrink.ee\/et\/wp-json\/wp\/v2\/media\/4105"}],"wp:attachment":[{"href":"https:\/\/mydrink.ee\/et\/wp-json\/wp\/v2\/media?parent=4106"}],"wp:term":[{"taxonomy":"product_brand","embeddable":true,"href":"https:\/\/mydrink.ee\/et\/wp-json\/wp\/v2\/product_brand?post=4106"},{"taxonomy":"product_cat","embeddable":true,"href":"https:\/\/mydrink.ee\/et\/wp-json\/wp\/v2\/product_cat?post=4106"},{"taxonomy":"product_tag","embeddable":true,"href":"https:\/\/mydrink.ee\/et\/wp-json\/wp\/v2\/product_tag?post=4106"}],"curies":[{"name":"wp","href":"https:\/\/api.w.org\/{rel}","templated":true}]}}