{"id":4157,"date":"2019-03-28T21:37:08","date_gmt":"2019-03-28T19:37:08","guid":{"rendered":"https:\/\/mydrink.ee\/product\/piper-heidsieck-essentiel-blanc-de-blancs-12-75cl\/"},"modified":"2019-03-28T21:37:08","modified_gmt":"2019-03-28T19:37:08","slug":"piper-heidsieck-essentiel-blanc-de-blancs-12-75cl","status":"publish","type":"product","link":"https:\/\/mydrink.ee\/et\/product\/piper-heidsieck-essentiel-blanc-de-blancs-12-75cl\/","title":{"rendered":"PIPER HEIDSIECK ESSENTIEL BLANC de BLANCS 12% 75CL"},"content":{"rendered":"<p><strong style=\"font-weight: bold; color: #000000; font-family: open-sans, sans-serif; font-size: 14px; font-style: normal; font-variant-ligatures: normal; font-variant-caps: normal; letter-spacing: normal; orphans: 2; text-align: justify; text-indent: 0px; text-transform: none; white-space: normal; widows: 2; word-spacing: 0px; -webkit-text-stroke-width: 0px; background-color: #ffffff; text-decoration-style: initial; text-decoration-color: initial;\">Tootekirjeldus:<\/strong><strong style=\"font-weight: bold; color: #000000; font-family: open-sans, sans-serif; font-size: 14px; font-style: normal; font-variant-ligatures: normal; font-variant-caps: normal; letter-spacing: normal; orphans: 2; text-align: justify; text-indent: 0px; text-transform: none; white-space: normal; widows: 2; word-spacing: 0px; -webkit-text-stroke-width: 0px; background-color: #ffffff; text-decoration-style: initial; text-decoration-color: initial;\"><br \/><\/strong><span style=\"color: #000000; font-family: open-sans, sans-serif; font-size: 14px; font-style: normal; font-variant-ligatures: normal; font-variant-caps: normal; font-weight: 400; letter-spacing: normal; orphans: 2; text-align: justify; text-indent: 0px; text-transform: none; white-space: normal; widows: 2; word-spacing: 0px; -webkit-text-stroke-width: 0px; background-color: #ffffff; text-decoration-style: initial; text-decoration-color: initial; display: inline !important; float: none;\">Elegantne, elav ja struktureeritud \u0161ampanja. Essentiel Blanc de Blancs on vein, mis esindab komplekssust ning vastab nii asjatundjate, gurmeek\u00f6\u00f6gi austajate kui ka trendiloojate rangetele n\u00f5udmistele. 100% Chardonnay viinamarjasordist valmistatud \u0161ampanja, mille elegants, marjad ja struktuur illustreerivad suurep\u00e4raselt Piper-Heidsieck k\u00e4ekirja. Selle \u0161ampanja puhul on baasveini hulka segatud ka 35% reserv-veine.<\/span><\/p>\n","protected":false},"excerpt":{"rendered":"<p>Tooteliik: \u0160ampanja<br \/>\nMagususe aste: Kuiv<br \/>\nP\u00e4ritolumaa: Prantsusmaa<br \/>\nPiirkond: Champagne<br \/>\nViinamarjasort: 100% Chardonnay<br \/>\nAlkoholisisaldus: 12%<br \/>\nV\u00e4rvus: Kuldne, kahvatu<br \/>\nAroom: Aroomis kombineeruvad v\u00e4rskete tsitruseliste, kreegi, mandli, valgete puuviljade, vanilje ja k\u00f6\u00f6mne noodid.<br \/>\nMaitse: Maitses t\u00f5useb esile viirpuu, millele j\u00e4rgnevad tsitruse ja mandli noodid. V\u00e4ga v\u00e4rske ja mineraalne, pika j\u00e4relmaitsega.<br \/>\nTarbimissoovitus: sobib ideaalselt aperitiiviks,  suurep\u00e4rane kaaslane kala-ja koorikloomade k\u00f5rvale, mahedad juustud.<br \/>\nServeerimistemperatuur: 7-9\u00b0<br \/>\nSaadaolevad m\u00f5\u00f5dud: 75cl<\/p>\n","protected":false},"featured_media":4156,"template":"","meta":{"_acf_changed":false,"_kadence_starter_templates_imported_post":false,"_kad_post_transparent":"","_kad_post_title":"","_kad_post_layout":"","_kad_post_sidebar_id":"","_kad_post_content_style":"","_kad_post_vertical_padding":"","_kad_post_feature":"","_kad_post_feature_position":"","_kad_post_header":false,"_kad_post_footer":false},"product_brand":[],"product_cat":[122,24],"product_tag":[],"class_list":{"0":"post-4157","1":"product","2":"type-product","3":"status-publish","4":"has-post-thumbnail","6":"product_cat-shampanjad","7":"product_cat-vahuveinid","9":"first","10":"instock","11":"taxable","12":"shipping-taxable","13":"purchasable","14":"product-type-simple","15":"entry","16":"content-bg","17":"loop-entry"},"acf":[],"_links":{"self":[{"href":"https:\/\/mydrink.ee\/et\/wp-json\/wp\/v2\/product\/4157","targetHints":{"allow":["GET"]}}],"collection":[{"href":"https:\/\/mydrink.ee\/et\/wp-json\/wp\/v2\/product"}],"about":[{"href":"https:\/\/mydrink.ee\/et\/wp-json\/wp\/v2\/types\/product"}],"wp:featuredmedia":[{"embeddable":true,"href":"https:\/\/mydrink.ee\/et\/wp-json\/wp\/v2\/media\/4156"}],"wp:attachment":[{"href":"https:\/\/mydrink.ee\/et\/wp-json\/wp\/v2\/media?parent=4157"}],"wp:term":[{"taxonomy":"product_brand","embeddable":true,"href":"https:\/\/mydrink.ee\/et\/wp-json\/wp\/v2\/product_brand?post=4157"},{"taxonomy":"product_cat","embeddable":true,"href":"https:\/\/mydrink.ee\/et\/wp-json\/wp\/v2\/product_cat?post=4157"},{"taxonomy":"product_tag","embeddable":true,"href":"https:\/\/mydrink.ee\/et\/wp-json\/wp\/v2\/product_tag?post=4157"}],"curies":[{"name":"wp","href":"https:\/\/api.w.org\/{rel}","templated":true}]}}